{"id":2880,"date":"2025-10-31T08:02:12","date_gmt":"2025-10-31T07:02:12","guid":{"rendered":"https:\/\/dev.diescouts.de\/korn-consult\/?page_id=2880"},"modified":"2025-10-31T08:08:10","modified_gmt":"2025-10-31T07:08:10","slug":"expertise","status":"publish","type":"page","link":"https:\/\/www.korn-consult.com\/de\/about-us\/expertise\/","title":{"rendered":"Expertise"},"content":{"rendered":"\n<section id=\"hero-block_c39649839e127b6e9de449ee0c8d30b3\" class=\"block-hero\">\n                    <img decoding=\"async\" src=\"https:\/\/www.korn-consult.com\/wp-content\/uploads\/2025\/10\/ISO-90012015-Zertifizierung-TISAX-25.png\" alt=\"\" \/>\n    <\/section>\n\n\n<section id=\"headline-text-block_09df62449c4d7d8c4029521748338307\" class=\"block-headline-text\">\n    <div class=\"container\">\n        <div class=\"row\">\n            \n                    <\/div>\n        <div class=\"row\">\n                            <div class=\"col-md-8 offset-md-2\">\n                    <div class=\"text\"><p data-start=\"0\" data-end=\"179\"><strong>Wir verbinden zertifizierte Fachkompetenz mit bew\u00e4hrten industriellen Methoden, um in allen Prozessen h\u00f6chste Standards in Qualit\u00e4t, Sicherheit und Leistung sicherzustellen.<\/strong><\/p>\n<p data-start=\"181\" data-end=\"365\"><strong>Unsere Kompetenzen umfassen die gesamte Wertsch\u00f6pfungskette \u2013 von der Produktentwicklung und Industrialisierung bis hin zu kontinuierlicher Verbesserung und digitaler Transformation.<\/strong><\/p>\n<p data-start=\"367\" data-end=\"619\"><strong>Unser Team setzt weltweit anerkannte Qualit\u00e4ts- und Prozessmanagement-Tools ein, darunter FMEA, SPC, MSA, APQP, PPAP, FTA und MMOG\/LE, erg\u00e4nzt durch fortschrittliche Probleml\u00f6sungs- und Optimierungsmethoden wie 8D, Shainin, Run@Rate und Reverse FMEA.<\/strong><\/p>\n<p data-start=\"621\" data-end=\"795\"><strong>Zudem implementieren wir Lean- und Six-Sigma-Techniken \u2013 VSM, Kaizen, TPM, OEE und Poka-Yoke \u2013 um Effizienz, Fehlervermeidung und nachhaltige Verbesserungen voranzutreiben.<\/strong><\/p>\n<p data-start=\"797\" data-end=\"1064\"><strong>Wir gew\u00e4hrleisten ein starkes Management und hohe Transparenz durch den Einsatz von Turtle-Diagrammen, SIPOC, Swimlane-Diagrammen und R\u00fcckverfolgbarkeitssystemen, unterst\u00fctzt durch Gew\u00e4hrleistungsmanagement, Risikobewertung und Reifegradabsicherung (RGA \/ MLA-RGA).<\/strong><\/p>\n<p data-start=\"1066\" data-end=\"1347\"><strong>Unsere digitale und softwaretechnische Expertise umfasst SAP (S\/4HANA), CAQ, PMO und intelligente \u00dcberwachungssysteme sowie Softwareprojektmanagement gem\u00e4\u00df den Methoden Agile, Scrum, Wasserfall und V-Modell \u2013 mit voller Konformit\u00e4t zu Automotive SPICE, CMMI und ASIL-D Standards.<\/strong><\/p>\n<p data-start=\"1349\" data-end=\"1618\"><strong>Wir sind nach den f\u00fchrenden internationalen Normen zertifiziert und akkreditiert:<\/strong><br data-start=\"1430\" data-end=\"1433\" \/><strong>ISO 9001 \u2022 IATF 16949 \u2022 ISO 14001 \u2022 ISO 45001 \u2022 ISO 50001 \u2022 ISO 26262 \u2022 ISO 27001 \u2022 ISO 13485 \u2022 ISO 14971 \u2022 TISAX \u2022 VDA 6.x \u2022 CMMI \u2022 Automotive SPICE \u2022 Q1 \u2022 AIAG \u2022 MDR \u2022 MPG \u2022 GMP<\/strong><\/p>\n<h2 data-start=\"1620\" data-end=\"1887\">Unsere akkreditierten Auditoren und Fachexperten stellen die\u00a0<strong>kontinuierliche Einhaltung<\/strong>\u00a0und\u00a0<strong>Weiterentwicklung<\/strong>\u00a0sicher und unterst\u00fctzen unsere Partner dabei, ihre\u00a0<strong>Systeme zu st\u00e4rken<\/strong>,\u00a0<strong>die Qualit\u00e4tsleistung zu verbessern und weltweit operative Exzellenz zu gew\u00e4hrleisten.<\/strong><\/h2>\n<\/div>\n                <\/div>\n                                <\/div>\n    <\/div>\n<\/section>\n\n\n<section id=\"cta-block_a6b5fcf8090bdecccab9b0525c2490ff\" class=\"block-cta text-center darkblue\">\n    <div class=\"container\">\n        <div class=\"row\">\n            <div class=\"col-md-8 offset-md-2\">\n                <h3 class=\"h2\">Melde dich bei uns!<\/h3>\n                <h2 class=\"h1\"><h1>Mach aus Herausforderungen Chancen!<\/h1>\n<h2>Wir begleiten dich mit bew\u00e4hrter Expertise.<\/h2>\n<\/h2>\n                                                    <a href=\"https:\/\/www.korn-consult.com\/de\/contact\/\" target=\"\" class=\"btn\">Kontaktieren Sie uns<\/a>\n                            <\/div>\n        <\/div>\n    <\/div>\n\n<\/section>","protected":false},"excerpt":{"rendered":"","protected":false},"author":3,"featured_media":0,"parent":943,"menu_order":0,"comment_status":"closed","ping_status":"closed","template":"","meta":{"_acf_changed":false,"footnotes":""},"class_list":["post-2880","page","type-page","status-publish","hentry"],"acf":[],"yoast_head":"<!-- This site is optimized with the Yoast SEO plugin v26.3 - https:\/\/yoast.com\/wordpress\/plugins\/seo\/ -->\n<title>Expertise - KORN CONSULT GROUP<\/title>\n<meta name=\"robots\" content=\"index, follow, max-snippet:-1, max-image-preview:large, max-video-preview:-1\" \/>\n<link rel=\"canonical\" href=\"https:\/\/www.korn-consult.com\/de\/about-us\/expertise\/\" \/>\n<meta property=\"og:locale\" content=\"de_DE\" \/>\n<meta property=\"og:type\" content=\"article\" \/>\n<meta property=\"og:title\" content=\"Expertise - KORN CONSULT GROUP\" \/>\n<meta property=\"og:url\" content=\"https:\/\/www.korn-consult.com\/de\/about-us\/expertise\/\" \/>\n<meta property=\"og:site_name\" content=\"KORN CONSULT GROUP\" \/>\n<meta property=\"article:modified_time\" content=\"2025-10-31T07:08:10+00:00\" \/>\n<meta property=\"og:image\" content=\"https:\/\/www.korn-consult.com\/wp-content\/uploads\/2026\/04\/logo-kcg.png\" \/>\n\t<meta property=\"og:image:width\" content=\"1200\" \/>\n\t<meta property=\"og:image:height\" content=\"630\" \/>\n\t<meta property=\"og:image:type\" content=\"image\/png\" \/>\n<meta name=\"twitter:card\" content=\"summary_large_image\" \/>\n<script type=\"application\/ld+json\" class=\"yoast-schema-graph\">{\"@context\":\"https:\/\/schema.org\",\"@graph\":[{\"@type\":\"WebPage\",\"@id\":\"https:\/\/www.korn-consult.com\/de\/about-us\/expertise\/\",\"url\":\"https:\/\/www.korn-consult.com\/de\/about-us\/expertise\/\",\"name\":\"Expertise - KORN CONSULT GROUP\",\"isPartOf\":{\"@id\":\"https:\/\/www.korn-consult.com\/#website\"},\"datePublished\":\"2025-10-31T07:02:12+00:00\",\"dateModified\":\"2025-10-31T07:08:10+00:00\",\"breadcrumb\":{\"@id\":\"https:\/\/www.korn-consult.com\/de\/about-us\/expertise\/#breadcrumb\"},\"inLanguage\":\"de\",\"potentialAction\":[{\"@type\":\"ReadAction\",\"target\":[\"https:\/\/www.korn-consult.com\/de\/about-us\/expertise\/\"]}]},{\"@type\":\"BreadcrumbList\",\"@id\":\"https:\/\/www.korn-consult.com\/de\/about-us\/expertise\/#breadcrumb\",\"itemListElement\":[{\"@type\":\"ListItem\",\"position\":1,\"name\":\"Home\",\"item\":\"https:\/\/www.korn-consult.com\/de\/home\/\"},{\"@type\":\"ListItem\",\"position\":2,\"name\":\"\u00dcber Uns\",\"item\":\"https:\/\/www.korn-consult.com\/de\/about-us\/\"},{\"@type\":\"ListItem\",\"position\":3,\"name\":\"Expertise\"}]},{\"@type\":\"WebSite\",\"@id\":\"https:\/\/www.korn-consult.com\/#website\",\"url\":\"https:\/\/www.korn-consult.com\/\",\"name\":\"Korn Consult Group\",\"description\":\"\",\"publisher\":{\"@id\":\"https:\/\/www.korn-consult.com\/#organization\"},\"potentialAction\":[{\"@type\":\"SearchAction\",\"target\":{\"@type\":\"EntryPoint\",\"urlTemplate\":\"https:\/\/www.korn-consult.com\/?s={search_term_string}\"},\"query-input\":{\"@type\":\"PropertyValueSpecification\",\"valueRequired\":true,\"valueName\":\"search_term_string\"}}],\"inLanguage\":\"de\"},{\"@type\":\"Organization\",\"@id\":\"https:\/\/www.korn-consult.com\/#organization\",\"name\":\"Korn Consult\",\"url\":\"https:\/\/www.korn-consult.com\/\",\"logo\":{\"@type\":\"ImageObject\",\"inLanguage\":\"de\",\"@id\":\"https:\/\/www.korn-consult.com\/#\/schema\/logo\/image\/\",\"url\":\"https:\/\/www.korn-consult.com\/wp-content\/uploads\/2026\/04\/logo-kornconsult.png\",\"contentUrl\":\"https:\/\/www.korn-consult.com\/wp-content\/uploads\/2026\/04\/logo-kornconsult.png\",\"width\":1201,\"height\":631,\"caption\":\"Korn Consult\"},\"image\":{\"@id\":\"https:\/\/www.korn-consult.com\/#\/schema\/logo\/image\/\"}}]}<\/script>\n<!-- \/ Yoast SEO plugin. -->","yoast_head_json":{"title":"Expertise - KORN CONSULT GROUP","robots":{"index":"index","follow":"follow","max-snippet":"max-snippet:-1","max-image-preview":"max-image-preview:large","max-video-preview":"max-video-preview:-1"},"canonical":"https:\/\/www.korn-consult.com\/de\/about-us\/expertise\/","og_locale":"de_DE","og_type":"article","og_title":"Expertise - KORN CONSULT GROUP","og_url":"https:\/\/www.korn-consult.com\/de\/about-us\/expertise\/","og_site_name":"KORN CONSULT GROUP","article_modified_time":"2025-10-31T07:08:10+00:00","og_image":[{"width":1200,"height":630,"url":"https:\/\/www.korn-consult.com\/wp-content\/uploads\/2026\/04\/logo-kcg.png","type":"image\/png"}],"twitter_card":"summary_large_image","schema":{"@context":"https:\/\/schema.org","@graph":[{"@type":"WebPage","@id":"https:\/\/www.korn-consult.com\/de\/about-us\/expertise\/","url":"https:\/\/www.korn-consult.com\/de\/about-us\/expertise\/","name":"Expertise - KORN CONSULT GROUP","isPartOf":{"@id":"https:\/\/www.korn-consult.com\/#website"},"datePublished":"2025-10-31T07:02:12+00:00","dateModified":"2025-10-31T07:08:10+00:00","breadcrumb":{"@id":"https:\/\/www.korn-consult.com\/de\/about-us\/expertise\/#breadcrumb"},"inLanguage":"de","potentialAction":[{"@type":"ReadAction","target":["https:\/\/www.korn-consult.com\/de\/about-us\/expertise\/"]}]},{"@type":"BreadcrumbList","@id":"https:\/\/www.korn-consult.com\/de\/about-us\/expertise\/#breadcrumb","itemListElement":[{"@type":"ListItem","position":1,"name":"Home","item":"https:\/\/www.korn-consult.com\/de\/home\/"},{"@type":"ListItem","position":2,"name":"\u00dcber Uns","item":"https:\/\/www.korn-consult.com\/de\/about-us\/"},{"@type":"ListItem","position":3,"name":"Expertise"}]},{"@type":"WebSite","@id":"https:\/\/www.korn-consult.com\/#website","url":"https:\/\/www.korn-consult.com\/","name":"Korn Consult Group","description":"","publisher":{"@id":"https:\/\/www.korn-consult.com\/#organization"},"potentialAction":[{"@type":"SearchAction","target":{"@type":"EntryPoint","urlTemplate":"https:\/\/www.korn-consult.com\/?s={search_term_string}"},"query-input":{"@type":"PropertyValueSpecification","valueRequired":true,"valueName":"search_term_string"}}],"inLanguage":"de"},{"@type":"Organization","@id":"https:\/\/www.korn-consult.com\/#organization","name":"Korn Consult","url":"https:\/\/www.korn-consult.com\/","logo":{"@type":"ImageObject","inLanguage":"de","@id":"https:\/\/www.korn-consult.com\/#\/schema\/logo\/image\/","url":"https:\/\/www.korn-consult.com\/wp-content\/uploads\/2026\/04\/logo-kornconsult.png","contentUrl":"https:\/\/www.korn-consult.com\/wp-content\/uploads\/2026\/04\/logo-kornconsult.png","width":1201,"height":631,"caption":"Korn Consult"},"image":{"@id":"https:\/\/www.korn-consult.com\/#\/schema\/logo\/image\/"}}]}},"_links":{"self":[{"href":"https:\/\/www.korn-consult.com\/de\/wp-json\/wp\/v2\/pages\/2880","targetHints":{"allow":["GET"]}}],"collection":[{"href":"https:\/\/www.korn-consult.com\/de\/wp-json\/wp\/v2\/pages"}],"about":[{"href":"https:\/\/www.korn-consult.com\/de\/wp-json\/wp\/v2\/types\/page"}],"author":[{"embeddable":true,"href":"https:\/\/www.korn-consult.com\/de\/wp-json\/wp\/v2\/users\/3"}],"replies":[{"embeddable":true,"href":"https:\/\/www.korn-consult.com\/de\/wp-json\/wp\/v2\/comments?post=2880"}],"version-history":[{"count":1,"href":"https:\/\/www.korn-consult.com\/de\/wp-json\/wp\/v2\/pages\/2880\/revisions"}],"predecessor-version":[{"id":2881,"href":"https:\/\/www.korn-consult.com\/de\/wp-json\/wp\/v2\/pages\/2880\/revisions\/2881"}],"up":[{"embeddable":true,"href":"https:\/\/www.korn-consult.com\/de\/wp-json\/wp\/v2\/pages\/943"}],"wp:attachment":[{"href":"https:\/\/www.korn-consult.com\/de\/wp-json\/wp\/v2\/media?parent=2880"}],"curies":[{"name":"wp","href":"https:\/\/api.w.org\/{rel}","templated":true}]}}