{"id":3140,"date":"2025-11-19T11:48:51","date_gmt":"2025-11-19T10:48:51","guid":{"rendered":"https:\/\/www.korn-consult.com\/?page_id=3140"},"modified":"2025-11-19T15:32:49","modified_gmt":"2025-11-19T14:32:49","slug":"it-security-incidents","status":"publish","type":"page","link":"https:\/\/www.korn-consult.com\/de\/it-security-incidents\/","title":{"rendered":"IT-Sicherheit"},"content":{"rendered":"\n<section id=\"headline-text-block_4a5f7fdb6e0a1fc43038918ba3ce2e3e\" class=\"block-headline-text\">\n    <div class=\"container\">\n        <div class=\"row\">\n                            <div class=\"col-12 text-center\">\n                    <div class=\"h3b\">Meldestelle f\u00fcr IT-Sicherheitsvorf\u00e4lle<\/div>\n                <\/div>\n            \n                    <\/div>\n        <div class=\"row\">\n                            <div class=\"col-md-6\">\n                    <div class=\"text\"><p>Wir stellen eine externe Meldestelle zur Verf\u00fcgung, \u00fcber die Hinweise auf potenzielle oder tats\u00e4chliche IT-Sicherheitsvorf\u00e4lle \u00fcbermittelt werden k\u00f6nnen.<br \/>\nBetroffene Personen oder Organisationen k\u00f6nnen sich an diese Meldestelle wenden, wenn sie einen Vorfall melden m\u00f6chten oder den Verdacht haben, von einem sicherheitsrelevanten Ereignis betroffen zu sein.<\/p>\n<p>Bitte richten Sie Ihre Meldung an folgende E-Mail-Adresse:<\/p>\n<p><a href=\"mailto:incidents@kornconsultgroup.com\"><strong>incidents@kornconsultgroup.com<\/strong><\/a><\/p>\n<p>&nbsp;<\/p>\n<p><strong><u>Melde-Spielregeln:<\/u><\/strong><\/p>\n<p>Um eine z\u00fcgige und sachgerechte Bearbeitung zu erm\u00f6glichen, bitten wir bei der Meldung um folgende Hinweise:<\/p>\n<ol>\n<li><strong>Kurze, sachliche Beschreibung<\/strong> des Vorfalls oder Verdachts.<\/li>\n<li><strong>Zeitpunkt oder Zeitraum<\/strong>, in dem der Vorfall aufgefallen ist.<\/li>\n<li><strong>Angaben zur m\u00f6glichen Betroffenheit<\/strong> (z. B. eigene Systeme, Daten, Kommunikation).<\/li>\n<li><strong>Kontaktm\u00f6glichkeit<\/strong> f\u00fcr eventuelle R\u00fcckfragen.<\/li>\n<li>Bitte senden Sie <strong>keine sensiblen Zugangsdaten, Passw\u00f6rter oder vollst\u00e4ndige personenbezogene Datens\u00e4tze<\/strong> mit.<\/li>\n<\/ol>\n<p>Meldungen k\u00f6nnen <strong>auf Wunsch auch anonym<\/strong> eingereicht werden.<\/p>\n<p>Alle Meldungen werden vertraulich behandelt und gem\u00e4\u00df den geltenden rechtlichen und organisatorischen Vorgaben gepr\u00fcft.<\/p>\n<p>Nachdem wir Ihre Meldung erhalten haben, erhalten Sie umgehend eine Eingangsbest\u00e4tigung.<\/p>\n<\/div>\n                <\/div>\n                    <\/div>\n    <\/div>\n<\/section>","protected":false},"excerpt":{"rendered":"","protected":false},"author":3,"featured_media":0,"parent":0,"menu_order":12,"comment_status":"closed","ping_status":"closed","template":"","meta":{"_acf_changed":false,"footnotes":""},"class_list":["post-3140","page","type-page","status-publish","hentry"],"acf":[],"yoast_head":"<!-- This site is optimized with the Yoast SEO plugin v26.3 - https:\/\/yoast.com\/wordpress\/plugins\/seo\/ -->\n<title>IT-Sicherheit - KORN CONSULT GROUP<\/title>\n<meta name=\"robots\" content=\"index, follow, max-snippet:-1, max-image-preview:large, max-video-preview:-1\" \/>\n<link rel=\"canonical\" href=\"https:\/\/www.korn-consult.com\/de\/it-security-incidents\/\" \/>\n<meta property=\"og:locale\" content=\"de_DE\" \/>\n<meta property=\"og:type\" content=\"article\" \/>\n<meta property=\"og:title\" content=\"IT-Sicherheit - KORN CONSULT GROUP\" \/>\n<meta property=\"og:url\" content=\"https:\/\/www.korn-consult.com\/de\/it-security-incidents\/\" \/>\n<meta property=\"og:site_name\" content=\"KORN CONSULT GROUP\" \/>\n<meta property=\"article:modified_time\" content=\"2025-11-19T14:32:49+00:00\" \/>\n<meta name=\"twitter:card\" content=\"summary_large_image\" \/>\n<script type=\"application\/ld+json\" class=\"yoast-schema-graph\">{\"@context\":\"https:\/\/schema.org\",\"@graph\":[{\"@type\":\"WebPage\",\"@id\":\"https:\/\/www.korn-consult.com\/de\/it-security-incidents\/\",\"url\":\"https:\/\/www.korn-consult.com\/de\/it-security-incidents\/\",\"name\":\"IT-Sicherheit - KORN CONSULT GROUP\",\"isPartOf\":{\"@id\":\"https:\/\/www.korn-consult.com\/#website\"},\"datePublished\":\"2025-11-19T10:48:51+00:00\",\"dateModified\":\"2025-11-19T14:32:49+00:00\",\"breadcrumb\":{\"@id\":\"https:\/\/www.korn-consult.com\/de\/it-security-incidents\/#breadcrumb\"},\"inLanguage\":\"de\",\"potentialAction\":[{\"@type\":\"ReadAction\",\"target\":[\"https:\/\/www.korn-consult.com\/de\/it-security-incidents\/\"]}]},{\"@type\":\"BreadcrumbList\",\"@id\":\"https:\/\/www.korn-consult.com\/de\/it-security-incidents\/#breadcrumb\",\"itemListElement\":[{\"@type\":\"ListItem\",\"position\":1,\"name\":\"Home\",\"item\":\"https:\/\/www.korn-consult.com\/de\/home\/\"},{\"@type\":\"ListItem\",\"position\":2,\"name\":\"IT-Sicherheit\"}]},{\"@type\":\"WebSite\",\"@id\":\"https:\/\/www.korn-consult.com\/#website\",\"url\":\"https:\/\/www.korn-consult.com\/\",\"name\":\"Korn Consult\",\"description\":\"\",\"potentialAction\":[{\"@type\":\"SearchAction\",\"target\":{\"@type\":\"EntryPoint\",\"urlTemplate\":\"https:\/\/www.korn-consult.com\/?s={search_term_string}\"},\"query-input\":{\"@type\":\"PropertyValueSpecification\",\"valueRequired\":true,\"valueName\":\"search_term_string\"}}],\"inLanguage\":\"de\"}]}<\/script>\n<!-- \/ Yoast SEO plugin. -->","yoast_head_json":{"title":"IT-Sicherheit - KORN CONSULT GROUP","robots":{"index":"index","follow":"follow","max-snippet":"max-snippet:-1","max-image-preview":"max-image-preview:large","max-video-preview":"max-video-preview:-1"},"canonical":"https:\/\/www.korn-consult.com\/de\/it-security-incidents\/","og_locale":"de_DE","og_type":"article","og_title":"IT-Sicherheit - KORN CONSULT GROUP","og_url":"https:\/\/www.korn-consult.com\/de\/it-security-incidents\/","og_site_name":"KORN CONSULT GROUP","article_modified_time":"2025-11-19T14:32:49+00:00","twitter_card":"summary_large_image","schema":{"@context":"https:\/\/schema.org","@graph":[{"@type":"WebPage","@id":"https:\/\/www.korn-consult.com\/de\/it-security-incidents\/","url":"https:\/\/www.korn-consult.com\/de\/it-security-incidents\/","name":"IT-Sicherheit - KORN CONSULT GROUP","isPartOf":{"@id":"https:\/\/www.korn-consult.com\/#website"},"datePublished":"2025-11-19T10:48:51+00:00","dateModified":"2025-11-19T14:32:49+00:00","breadcrumb":{"@id":"https:\/\/www.korn-consult.com\/de\/it-security-incidents\/#breadcrumb"},"inLanguage":"de","potentialAction":[{"@type":"ReadAction","target":["https:\/\/www.korn-consult.com\/de\/it-security-incidents\/"]}]},{"@type":"BreadcrumbList","@id":"https:\/\/www.korn-consult.com\/de\/it-security-incidents\/#breadcrumb","itemListElement":[{"@type":"ListItem","position":1,"name":"Home","item":"https:\/\/www.korn-consult.com\/de\/home\/"},{"@type":"ListItem","position":2,"name":"IT-Sicherheit"}]},{"@type":"WebSite","@id":"https:\/\/www.korn-consult.com\/#website","url":"https:\/\/www.korn-consult.com\/","name":"Korn Consult","description":"","potentialAction":[{"@type":"SearchAction","target":{"@type":"EntryPoint","urlTemplate":"https:\/\/www.korn-consult.com\/?s={search_term_string}"},"query-input":{"@type":"PropertyValueSpecification","valueRequired":true,"valueName":"search_term_string"}}],"inLanguage":"de"}]}},"_links":{"self":[{"href":"https:\/\/www.korn-consult.com\/de\/wp-json\/wp\/v2\/pages\/3140","targetHints":{"allow":["GET"]}}],"collection":[{"href":"https:\/\/www.korn-consult.com\/de\/wp-json\/wp\/v2\/pages"}],"about":[{"href":"https:\/\/www.korn-consult.com\/de\/wp-json\/wp\/v2\/types\/page"}],"author":[{"embeddable":true,"href":"https:\/\/www.korn-consult.com\/de\/wp-json\/wp\/v2\/users\/3"}],"replies":[{"embeddable":true,"href":"https:\/\/www.korn-consult.com\/de\/wp-json\/wp\/v2\/comments?post=3140"}],"version-history":[{"count":3,"href":"https:\/\/www.korn-consult.com\/de\/wp-json\/wp\/v2\/pages\/3140\/revisions"}],"predecessor-version":[{"id":3150,"href":"https:\/\/www.korn-consult.com\/de\/wp-json\/wp\/v2\/pages\/3140\/revisions\/3150"}],"wp:attachment":[{"href":"https:\/\/www.korn-consult.com\/de\/wp-json\/wp\/v2\/media?parent=3140"}],"curies":[{"name":"wp","href":"https:\/\/api.w.org\/{rel}","templated":true}]}}