{"id":821,"date":"2025-07-11T15:47:43","date_gmt":"2025-07-11T13:47:43","guid":{"rendered":"https:\/\/dev.diescouts.de\/korn-consult\/automotive-industry\/"},"modified":"2025-10-30T20:46:03","modified_gmt":"2025-10-30T19:46:03","slug":"automotive-industry","status":"publish","type":"page","link":"https:\/\/www.korn-consult.com\/de\/industries\/automotive-industry\/","title":{"rendered":"Automobil Industrie"},"content":{"rendered":"\n<section id=\"headline-text-block_85dc09d61bb92aa951acbed302b470b9\" class=\"block-headline-text\">\n    <div class=\"container\">\n        <div class=\"row\">\n            \n                            <div class=\"col-md-8\">\n                    <h1><strong>Transformation<\/strong> vorantreiben:<\/h1>\n<h2>Kompetente Beratung f\u00fcr eine digitale,<br \/>\nnachhaltige Zukunft<\/h2>\n                <\/div>\n                    <\/div>\n        <div class=\"row\">\n                            <div class=\"col-md-8 offset-md-2\">\n                    <div class=\"text\"><p>Da sich die Automobilindustrie in einem tiefgreifenden Wandel befindet, m\u00fcssen Unternehmen sich an neue Technologien, ver\u00e4nderte Kundenanforderungen und strengere Umweltauflagen anpassen. Elektrifizierte Fahrzeuge, autonomes Fahren und Innovationen in der Konnektivit\u00e4t ver\u00e4ndern die Wertsch\u00f6pfungskette grundlegend. Um wettbewerbsf\u00e4hig zu bleiben und neue Marktchancen zu nutzen, m\u00fcssen Automobilhersteller und -zulieferer die Digitalisierung vorantreiben und ihre Abl\u00e4ufe optimieren.<\/p>\n<\/div>\n                <\/div>\n                                <\/div>\n    <\/div>\n<\/section>\n\n\n<section id=\"hero-block_e215e73802cc68f098985d1dc55060e1\" class=\"block-hero\">\n                    <img decoding=\"async\" src=\"https:\/\/www.korn-consult.com\/wp-content\/uploads\/2025\/07\/automotive_frei_07.jpg\" alt=\"\" \/>\n    <\/section>\n\n\n<section id=\"headline-text-block_a7763b5ba734e26b4bf0ae5d05f4d2d5\" class=\"block-headline-text\">\n    <div class=\"container\">\n        <div class=\"row\">\n            \n                    <\/div>\n        <div class=\"row\">\n                            <div class=\"col-md-8 offset-md-2\">\n                    <div class=\"text\"><p>Die <strong>KORN CONSULT GROUP<\/strong> bietet spezialisierte Beratungsleistungen, um Automobilunternehmen sicher durch diesen Wandel zu f\u00fchren. Mit jahrzehntelanger Branchenerfahrung begleiten wir OEMs und Zulieferer bei der Einf\u00fchrung neuer Technologien, der Optimierung von Prozessen sowie der Neuausrichtung ihrer Wertsch\u00f6pfungsketten \u2013 f\u00fcr nachhaltiges Wachstum und gesteigerte Effizienz.<\/p>\n<p>Dank unserer globalen Pr\u00e4senz und nachweisbaren Erfolge helfen wir unseren Kunden, ihre Wettbewerbsf\u00e4higkeit zu sichern und gleichzeitig Umweltvorgaben und Marktver\u00e4nderungen gerecht zu werden.<\/p>\n<\/div>\n                <\/div>\n                                <\/div>\n    <\/div>\n<\/section>\n\n\n<section id=\"clients-block_6dc82934180c89672a44b4dad76cb3da\" class=\"block-clients\">\n    <div class=\"container\">\n        <div class=\"row\">\n            <div class=\"col-12\">\n                <h2 class=\"h1\">Einige unserer <strong>Kunden:<\/strong><\/h2>\n            <\/div>\n        <\/div>\n\n                    <div class=\"row clients\">\n                                    <div class=\"col-4 col-md-3 col-lg-2\">\n                                                                            <img decoding=\"async\" src=\"https:\/\/www.korn-consult.com\/wp-content\/uploads\/2025\/07\/daimler.svg\" alt=\"\" \/>\n                                            <\/div>\n                                    <div class=\"col-4 col-md-3 col-lg-2\">\n                                                                            <img decoding=\"async\" src=\"https:\/\/www.korn-consult.com\/wp-content\/uploads\/2025\/07\/bmw_group.svg\" alt=\"\" \/>\n                                            <\/div>\n                                    <div class=\"col-4 col-md-3 col-lg-2\">\n                                                                            <img decoding=\"async\" src=\"https:\/\/www.korn-consult.com\/wp-content\/uploads\/2025\/07\/audi.svg\" alt=\"\" \/>\n                                            <\/div>\n                                    <div class=\"col-4 col-md-3 col-lg-2\">\n                                                                            <img decoding=\"async\" src=\"https:\/\/www.korn-consult.com\/wp-content\/uploads\/2025\/07\/volvo.svg\" alt=\"\" \/>\n                                            <\/div>\n                                    <div class=\"col-4 col-md-3 col-lg-2\">\n                                                                            <img decoding=\"async\" src=\"https:\/\/www.korn-consult.com\/wp-content\/uploads\/2025\/07\/porsche.svg\" alt=\"\" \/>\n                                            <\/div>\n                                    <div class=\"col-4 col-md-3 col-lg-2\">\n                                                                            <img decoding=\"async\" src=\"https:\/\/www.korn-consult.com\/wp-content\/uploads\/2025\/07\/varta.svg\" alt=\"\" \/>\n                                            <\/div>\n                                    <div class=\"col-4 col-md-3 col-lg-2\">\n                                                                            <img decoding=\"async\" src=\"https:\/\/www.korn-consult.com\/wp-content\/uploads\/2025\/07\/valeo.svg\" alt=\"\" \/>\n                                            <\/div>\n                                    <div class=\"col-4 col-md-3 col-lg-2\">\n                                                                            <img decoding=\"async\" src=\"https:\/\/www.korn-consult.com\/wp-content\/uploads\/2025\/07\/magna.svg\" alt=\"\" \/>\n                                            <\/div>\n                                    <div class=\"col-4 col-md-3 col-lg-2\">\n                                                                            <img decoding=\"async\" src=\"https:\/\/www.korn-consult.com\/wp-content\/uploads\/2025\/07\/alcon.svg\" alt=\"\" \/>\n                                            <\/div>\n                                    <div class=\"col-4 col-md-3 col-lg-2\">\n                                                                            <img decoding=\"async\" src=\"https:\/\/www.korn-consult.com\/wp-content\/uploads\/2025\/07\/catl.svg\" alt=\"\" \/>\n                                            <\/div>\n                                    <div class=\"col-4 col-md-3 col-lg-2\">\n                                                                            <img decoding=\"async\" src=\"https:\/\/www.korn-consult.com\/wp-content\/uploads\/2025\/07\/autoliv.svg\" alt=\"\" \/>\n                                            <\/div>\n                                    <div class=\"col-4 col-md-3 col-lg-2\">\n                                                                            <img decoding=\"async\" src=\"https:\/\/www.korn-consult.com\/wp-content\/uploads\/2025\/07\/huawei.svg\" alt=\"\" \/>\n                                            <\/div>\n                            <\/div>\n            <\/div>\n<\/section>\n\n\n<section id=\"industries-block_f839c490ad3e1eadac39f096c71fa490\" class=\"block-industries\">\n        <div class=\"container\">\n            <div class=\"row\">\n                <div class=\"col-md-8 offset-md-2\">\n                    <div class=\"h3b text-center\">Andere Branchen<\/div>\n                    <nav class=\"industries-nav\">\n                        <ul>\n                                                            <li >\n                                    <a href=\"https:\/\/www.korn-consult.com\/de\/industries\/automotive-industry\/\">\n                                        <span class=\"h2b\">Automobil Industrie<\/span>\n                                        <span class=\"more\">mehr<\/span>\n                                    <\/a>\n                                <\/li>\n                                                            <li >\n                                    <a href=\"https:\/\/www.korn-consult.com\/de\/industries\/mechanical-engineering\/\">\n                                        <span class=\"h2b\">Maschinenbau<\/span>\n                                        <span class=\"more\">mehr<\/span>\n                                    <\/a>\n                                <\/li>\n                                                            <li >\n                                    <a href=\"https:\/\/www.korn-consult.com\/de\/industries\/industry\/\">\n                                        <span class=\"h2b\">Metall-, Stahl- &amp; Elektroindustrie<\/span>\n                                        <span class=\"more\">mehr<\/span>\n                                    <\/a>\n                                <\/li>\n                                                            <li >\n                                    <a href=\"https:\/\/www.korn-consult.com\/de\/industries\/chemical-industry\/\">\n                                        <span class=\"h2b\">Chemische Industrie<\/span>\n                                        <span class=\"more\">mehr<\/span>\n                                    <\/a>\n                                <\/li>\n                                                            <li >\n                                    <a href=\"https:\/\/www.korn-consult.com\/de\/industries\/medical-care\/\">\n                                        <span class=\"h2b\">Medizintechnik<\/span>\n                                        <span class=\"more\">mehr<\/span>\n                                    <\/a>\n                                <\/li>\n                                                    <\/ul>\n                    <\/nav>\n                <\/div>\n            <\/div>\n        <\/div>\n    \n<\/section>\n\n\n<section id=\"cta-block_1c7cd722d5c034c8d5567625b59a0481\" class=\"block-cta text-center darkblue\">\n    <div class=\"container\">\n        <div class=\"row\">\n            <div class=\"col-md-8 offset-md-2\">\n                <h3 class=\"h2\">Melde dich bei uns!<\/h3>\n                <h2 class=\"h1\"><h1>Mach aus Herausforderungen Chancen!<\/h1>\n<h2><strong>Wir begleiten dich mit bew\u00e4hrter Expertise.<\/strong><\/h2>\n<\/h2>\n                                                    <a href=\"https:\/\/www.korn-consult.com\/de\/contact\/\" target=\"\" class=\"btn\">Kontaktieren Sie uns<\/a>\n                            <\/div>\n        <\/div>\n    <\/div>\n\n<\/section>","protected":false},"excerpt":{"rendered":"","protected":false},"author":1,"featured_media":0,"parent":832,"menu_order":0,"comment_status":"closed","ping_status":"closed","template":"","meta":{"_acf_changed":false,"footnotes":""},"class_list":["post-821","page","type-page","status-publish","hentry"],"acf":[],"yoast_head":"<!-- This site is optimized with the Yoast SEO plugin v26.3 - https:\/\/yoast.com\/wordpress\/plugins\/seo\/ -->\n<title>Automobil Industrie - KORN CONSULT GROUP<\/title>\n<meta name=\"robots\" content=\"index, follow, max-snippet:-1, max-image-preview:large, max-video-preview:-1\" \/>\n<link rel=\"canonical\" href=\"https:\/\/www.korn-consult.com\/de\/industries\/automotive-industry\/\" \/>\n<meta property=\"og:locale\" content=\"de_DE\" \/>\n<meta property=\"og:type\" content=\"article\" \/>\n<meta property=\"og:title\" content=\"Automobil Industrie - KORN CONSULT GROUP\" \/>\n<meta property=\"og:url\" content=\"https:\/\/www.korn-consult.com\/de\/industries\/automotive-industry\/\" \/>\n<meta property=\"og:site_name\" content=\"KORN CONSULT GROUP\" \/>\n<meta property=\"article:modified_time\" content=\"2025-10-30T19:46:03+00:00\" \/>\n<meta property=\"og:image\" content=\"https:\/\/www.korn-consult.com\/wp-content\/uploads\/2026\/04\/logo-kornconsult.png\" \/>\n\t<meta property=\"og:image:width\" content=\"1201\" \/>\n\t<meta property=\"og:image:height\" content=\"631\" \/>\n\t<meta property=\"og:image:type\" content=\"image\/png\" \/>\n<meta name=\"twitter:card\" content=\"summary_large_image\" \/>\n<script type=\"application\/ld+json\" class=\"yoast-schema-graph\">{\"@context\":\"https:\/\/schema.org\",\"@graph\":[{\"@type\":\"WebPage\",\"@id\":\"https:\/\/www.korn-consult.com\/de\/industries\/automotive-industry\/\",\"url\":\"https:\/\/www.korn-consult.com\/de\/industries\/automotive-industry\/\",\"name\":\"Automobil Industrie - KORN CONSULT GROUP\",\"isPartOf\":{\"@id\":\"https:\/\/www.korn-consult.com\/#website\"},\"datePublished\":\"2025-07-11T13:47:43+00:00\",\"dateModified\":\"2025-10-30T19:46:03+00:00\",\"breadcrumb\":{\"@id\":\"https:\/\/www.korn-consult.com\/de\/industries\/automotive-industry\/#breadcrumb\"},\"inLanguage\":\"de\",\"potentialAction\":[{\"@type\":\"ReadAction\",\"target\":[\"https:\/\/www.korn-consult.com\/de\/industries\/automotive-industry\/\"]}]},{\"@type\":\"BreadcrumbList\",\"@id\":\"https:\/\/www.korn-consult.com\/de\/industries\/automotive-industry\/#breadcrumb\",\"itemListElement\":[{\"@type\":\"ListItem\",\"position\":1,\"name\":\"Home\",\"item\":\"https:\/\/www.korn-consult.com\/de\/home\/\"},{\"@type\":\"ListItem\",\"position\":2,\"name\":\"Fachkompetenzen\",\"item\":\"https:\/\/www.korn-consult.com\/de\/industries\/\"},{\"@type\":\"ListItem\",\"position\":3,\"name\":\"Automobil Industrie\"}]},{\"@type\":\"WebSite\",\"@id\":\"https:\/\/www.korn-consult.com\/#website\",\"url\":\"https:\/\/www.korn-consult.com\/\",\"name\":\"Korn Consult Group\",\"description\":\"\",\"publisher\":{\"@id\":\"https:\/\/www.korn-consult.com\/#organization\"},\"potentialAction\":[{\"@type\":\"SearchAction\",\"target\":{\"@type\":\"EntryPoint\",\"urlTemplate\":\"https:\/\/www.korn-consult.com\/?s={search_term_string}\"},\"query-input\":{\"@type\":\"PropertyValueSpecification\",\"valueRequired\":true,\"valueName\":\"search_term_string\"}}],\"inLanguage\":\"de\"},{\"@type\":\"Organization\",\"@id\":\"https:\/\/www.korn-consult.com\/#organization\",\"name\":\"Korn Consult\",\"url\":\"https:\/\/www.korn-consult.com\/\",\"logo\":{\"@type\":\"ImageObject\",\"inLanguage\":\"de\",\"@id\":\"https:\/\/www.korn-consult.com\/#\/schema\/logo\/image\/\",\"url\":\"https:\/\/www.korn-consult.com\/wp-content\/uploads\/2026\/04\/logo-kornconsult.png\",\"contentUrl\":\"https:\/\/www.korn-consult.com\/wp-content\/uploads\/2026\/04\/logo-kornconsult.png\",\"width\":1201,\"height\":631,\"caption\":\"Korn Consult\"},\"image\":{\"@id\":\"https:\/\/www.korn-consult.com\/#\/schema\/logo\/image\/\"}}]}<\/script>\n<!-- \/ Yoast SEO plugin. -->","yoast_head_json":{"title":"Automobil Industrie - KORN CONSULT GROUP","robots":{"index":"index","follow":"follow","max-snippet":"max-snippet:-1","max-image-preview":"max-image-preview:large","max-video-preview":"max-video-preview:-1"},"canonical":"https:\/\/www.korn-consult.com\/de\/industries\/automotive-industry\/","og_locale":"de_DE","og_type":"article","og_title":"Automobil Industrie - KORN CONSULT GROUP","og_url":"https:\/\/www.korn-consult.com\/de\/industries\/automotive-industry\/","og_site_name":"KORN CONSULT GROUP","article_modified_time":"2025-10-30T19:46:03+00:00","og_image":[{"width":1201,"height":631,"url":"https:\/\/www.korn-consult.com\/wp-content\/uploads\/2026\/04\/logo-kornconsult.png","type":"image\/png"}],"twitter_card":"summary_large_image","schema":{"@context":"https:\/\/schema.org","@graph":[{"@type":"WebPage","@id":"https:\/\/www.korn-consult.com\/de\/industries\/automotive-industry\/","url":"https:\/\/www.korn-consult.com\/de\/industries\/automotive-industry\/","name":"Automobil Industrie - KORN CONSULT GROUP","isPartOf":{"@id":"https:\/\/www.korn-consult.com\/#website"},"datePublished":"2025-07-11T13:47:43+00:00","dateModified":"2025-10-30T19:46:03+00:00","breadcrumb":{"@id":"https:\/\/www.korn-consult.com\/de\/industries\/automotive-industry\/#breadcrumb"},"inLanguage":"de","potentialAction":[{"@type":"ReadAction","target":["https:\/\/www.korn-consult.com\/de\/industries\/automotive-industry\/"]}]},{"@type":"BreadcrumbList","@id":"https:\/\/www.korn-consult.com\/de\/industries\/automotive-industry\/#breadcrumb","itemListElement":[{"@type":"ListItem","position":1,"name":"Home","item":"https:\/\/www.korn-consult.com\/de\/home\/"},{"@type":"ListItem","position":2,"name":"Fachkompetenzen","item":"https:\/\/www.korn-consult.com\/de\/industries\/"},{"@type":"ListItem","position":3,"name":"Automobil Industrie"}]},{"@type":"WebSite","@id":"https:\/\/www.korn-consult.com\/#website","url":"https:\/\/www.korn-consult.com\/","name":"Korn Consult Group","description":"","publisher":{"@id":"https:\/\/www.korn-consult.com\/#organization"},"potentialAction":[{"@type":"SearchAction","target":{"@type":"EntryPoint","urlTemplate":"https:\/\/www.korn-consult.com\/?s={search_term_string}"},"query-input":{"@type":"PropertyValueSpecification","valueRequired":true,"valueName":"search_term_string"}}],"inLanguage":"de"},{"@type":"Organization","@id":"https:\/\/www.korn-consult.com\/#organization","name":"Korn Consult","url":"https:\/\/www.korn-consult.com\/","logo":{"@type":"ImageObject","inLanguage":"de","@id":"https:\/\/www.korn-consult.com\/#\/schema\/logo\/image\/","url":"https:\/\/www.korn-consult.com\/wp-content\/uploads\/2026\/04\/logo-kornconsult.png","contentUrl":"https:\/\/www.korn-consult.com\/wp-content\/uploads\/2026\/04\/logo-kornconsult.png","width":1201,"height":631,"caption":"Korn Consult"},"image":{"@id":"https:\/\/www.korn-consult.com\/#\/schema\/logo\/image\/"}}]}},"_links":{"self":[{"href":"https:\/\/www.korn-consult.com\/de\/wp-json\/wp\/v2\/pages\/821","targetHints":{"allow":["GET"]}}],"collection":[{"href":"https:\/\/www.korn-consult.com\/de\/wp-json\/wp\/v2\/pages"}],"about":[{"href":"https:\/\/www.korn-consult.com\/de\/wp-json\/wp\/v2\/types\/page"}],"author":[{"embeddable":true,"href":"https:\/\/www.korn-consult.com\/de\/wp-json\/wp\/v2\/users\/1"}],"replies":[{"embeddable":true,"href":"https:\/\/www.korn-consult.com\/de\/wp-json\/wp\/v2\/comments?post=821"}],"version-history":[{"count":12,"href":"https:\/\/www.korn-consult.com\/de\/wp-json\/wp\/v2\/pages\/821\/revisions"}],"predecessor-version":[{"id":2816,"href":"https:\/\/www.korn-consult.com\/de\/wp-json\/wp\/v2\/pages\/821\/revisions\/2816"}],"up":[{"embeddable":true,"href":"https:\/\/www.korn-consult.com\/de\/wp-json\/wp\/v2\/pages\/832"}],"wp:attachment":[{"href":"https:\/\/www.korn-consult.com\/de\/wp-json\/wp\/v2\/media?parent=821"}],"curies":[{"name":"wp","href":"https:\/\/api.w.org\/{rel}","templated":true}]}}