{"id":851,"date":"2025-07-11T15:47:43","date_gmt":"2025-07-11T13:47:43","guid":{"rendered":"https:\/\/dev.diescouts.de\/korn-consult\/industries\/industry\/"},"modified":"2025-10-08T12:07:58","modified_gmt":"2025-10-08T10:07:58","slug":"industry","status":"publish","type":"page","link":"https:\/\/www.korn-consult.com\/de\/industries\/industry\/","title":{"rendered":"Metall-, Stahl- &amp; Elektroindustrie"},"content":{"rendered":"\n<section id=\"headline-text-block_62e11cabdcc678c4dd62a4ccae2da7ac\" class=\"block-headline-text\">\n    <div class=\"container\">\n        <div class=\"row\">\n            \n                            <div class=\"col-md-8\">\n                    <h1>Pr\u00e4zision und Performance <strong>vorantreiben<\/strong><\/h1>\n<h2>In der Metall-, Stahl- &amp; Elektroindustrie<\/h2>\n                <\/div>\n                    <\/div>\n        <div class=\"row\">\n                            <div class=\"col-md-8 offset-md-2\">\n                    <div class=\"text\"><p>Die KORN CONSULT GROUP unterst\u00fctzt Unternehmen der Metall-, Stahl- und Elektroindustrie entlang der gesamten Wertsch\u00f6pfungskette \u2013 von der Rohstoffbeschaffung \u00fcber die Produktionsoptimierung bis hin zur Qualit\u00e4tssicherung und zum Lieferkettenmanagement.<\/p>\n<p>Im <strong>Metall- und Stahlsektor<\/strong> bieten wir praxisnahe Beratung zur Prozessverbesserung, Lean Production und qualit\u00e4tsorientierten Methoden auf Basis von Six Sigma. Unsere Experten verf\u00fcgen \u00fcber tiefgehende Erfahrung mit Gie\u00dfereien, Walzwerken und metallverarbeitenden Betrieben \u2013 so identifizieren wir gezielt Ineffizienzen, reduzieren Ausschuss und steigern die Produktivit\u00e4t in hochtechnischen Umgebungen.<\/p>\n<\/div>\n                <\/div>\n                                <\/div>\n    <\/div>\n<\/section>\n\n\n<section id=\"hero-block_d7f9a4a660659d3cd79ece63954c27f7\" class=\"block-hero\">\n                    <img decoding=\"async\" src=\"https:\/\/www.korn-consult.com\/wp-content\/uploads\/2025\/07\/industrie_frei_01_-1.jpg\" alt=\"\" \/>\n    <\/section>\n\n\n<section id=\"headline-text-block_25efa1d181f950392756e79f80fc774a\" class=\"block-headline-text\">\n    <div class=\"container\">\n        <div class=\"row\">\n            \n                    <\/div>\n        <div class=\"row\">\n                            <div class=\"col-md-8 offset-md-2\">\n                    <div class=\"text\"><p>In der <strong>Elektroindustrie<\/strong> beraten wir Hersteller von Komponenten, Systemen und Ger\u00e4ten hinsichtlich Best Practices in der Produktentwicklung, im Lieferantenmanagement und zur Einhaltung regulatorischer Anforderungen. Unsere Berater sind vertraut mit zukunftsweisenden Themen wie E-Mobilit\u00e4t, Integration von Industrie 4.0 und hochverf\u00fcgbare Produktionssysteme.<\/p>\n<p>Mit klarem Fokus auf <strong>operative Exzellenz<\/strong>, <strong>Supply Chain Optimierung<\/strong> und <strong>digitale Transformation<\/strong> liefert die <strong>KORN CONSULT GROUP<\/strong> messbare Ergebnisse, die den langfristigen Erfolg industrieller Unternehmen weltweit sichern.<\/p>\n<\/div>\n                <\/div>\n                                <\/div>\n    <\/div>\n<\/section>\n\n\n<section id=\"cta-block_7d41836b2abde6f98ab2a302f74f0f86\" class=\"block-cta text-center darkblue\">\n    <div class=\"container\">\n        <div class=\"row\">\n            <div class=\"col-md-8 offset-md-2\">\n                <h3 class=\"h2\">Melde dich bei uns!<\/h3>\n                <h2 class=\"h1\"><h1>Mach aus Herausforderungen Chancen!<\/h1>\n<h2><strong>Wir begleiten dich mit bew\u00e4hrter Expertise.<\/strong><\/h2>\n<\/h2>\n                                                    <a href=\"https:\/\/www.korn-consult.com\/de\/contact\/\" target=\"\" class=\"btn\">Kontaktieren Sie uns<\/a>\n                            <\/div>\n        <\/div>\n    <\/div>\n\n<\/section>\n\n\n<section id=\"industries-block_568ad87b58e2666b06fe4e145c39bc81\" class=\"block-industries\">\n        <div class=\"container\">\n            <div class=\"row\">\n                <div class=\"col-md-8 offset-md-2\">\n                    <div class=\"h3b text-center\">Andere Branchen<\/div>\n                    <nav class=\"industries-nav\">\n                        <ul>\n                                                            <li >\n                                    <a href=\"https:\/\/www.korn-consult.com\/de\/industries\/automotive-industry\/\">\n                                        <span class=\"h2b\">Automobil Industrie<\/span>\n                                        <span class=\"more\">mehr<\/span>\n                                    <\/a>\n                                <\/li>\n                                                            <li >\n                                    <a href=\"https:\/\/www.korn-consult.com\/de\/industries\/mechanical-engineering\/\">\n                                        <span class=\"h2b\">Maschinenbau<\/span>\n                                        <span class=\"more\">mehr<\/span>\n                                    <\/a>\n                                <\/li>\n                                                            <li >\n                                    <a href=\"https:\/\/www.korn-consult.com\/de\/industries\/industry\/\">\n                                        <span class=\"h2b\">Metall-, Stahl- &amp; Elektroindustrie<\/span>\n                                        <span class=\"more\">mehr<\/span>\n                                    <\/a>\n                                <\/li>\n                                                            <li >\n                                    <a href=\"https:\/\/www.korn-consult.com\/de\/industries\/chemical-industry\/\">\n                                        <span class=\"h2b\">Chemische Industrie<\/span>\n                                        <span class=\"more\">mehr<\/span>\n                                    <\/a>\n                                <\/li>\n                                                            <li >\n                                    <a href=\"https:\/\/www.korn-consult.com\/de\/industries\/medical-care\/\">\n                                        <span class=\"h2b\">Medizintechnik<\/span>\n                                        <span class=\"more\">mehr<\/span>\n                                    <\/a>\n                                <\/li>\n                                                    <\/ul>\n                    <\/nav>\n                <\/div>\n            <\/div>\n        <\/div>\n    \n<\/section>","protected":false},"excerpt":{"rendered":"","protected":false},"author":1,"featured_media":0,"parent":832,"menu_order":3,"comment_status":"closed","ping_status":"closed","template":"","meta":{"_acf_changed":false,"footnotes":""},"class_list":["post-851","page","type-page","status-publish","hentry"],"acf":[],"yoast_head":"<!-- This site is optimized with the Yoast SEO plugin v26.3 - https:\/\/yoast.com\/wordpress\/plugins\/seo\/ -->\n<title>Metall-, Stahl- &amp; Elektroindustrie - KORN CONSULT GROUP<\/title>\n<meta name=\"robots\" content=\"index, follow, max-snippet:-1, max-image-preview:large, max-video-preview:-1\" \/>\n<link rel=\"canonical\" href=\"https:\/\/www.korn-consult.com\/de\/industries\/industry\/\" \/>\n<meta property=\"og:locale\" content=\"de_DE\" \/>\n<meta property=\"og:type\" content=\"article\" \/>\n<meta property=\"og:title\" content=\"Metall-, Stahl- &amp; Elektroindustrie - KORN CONSULT GROUP\" \/>\n<meta property=\"og:url\" content=\"https:\/\/www.korn-consult.com\/de\/industries\/industry\/\" \/>\n<meta property=\"og:site_name\" content=\"KORN CONSULT GROUP\" \/>\n<meta property=\"article:modified_time\" content=\"2025-10-08T10:07:58+00:00\" \/>\n<meta property=\"og:image\" content=\"https:\/\/www.korn-consult.com\/wp-content\/uploads\/2026\/04\/logo-kornconsult.png\" \/>\n\t<meta property=\"og:image:width\" content=\"1201\" \/>\n\t<meta property=\"og:image:height\" content=\"631\" \/>\n\t<meta property=\"og:image:type\" content=\"image\/png\" \/>\n<meta name=\"twitter:card\" content=\"summary_large_image\" \/>\n<script type=\"application\/ld+json\" class=\"yoast-schema-graph\">{\"@context\":\"https:\/\/schema.org\",\"@graph\":[{\"@type\":\"WebPage\",\"@id\":\"https:\/\/www.korn-consult.com\/de\/industries\/industry\/\",\"url\":\"https:\/\/www.korn-consult.com\/de\/industries\/industry\/\",\"name\":\"Metall-, Stahl- &amp; Elektroindustrie - KORN CONSULT GROUP\",\"isPartOf\":{\"@id\":\"https:\/\/www.korn-consult.com\/#website\"},\"datePublished\":\"2025-07-11T13:47:43+00:00\",\"dateModified\":\"2025-10-08T10:07:58+00:00\",\"breadcrumb\":{\"@id\":\"https:\/\/www.korn-consult.com\/de\/industries\/industry\/#breadcrumb\"},\"inLanguage\":\"de\",\"potentialAction\":[{\"@type\":\"ReadAction\",\"target\":[\"https:\/\/www.korn-consult.com\/de\/industries\/industry\/\"]}]},{\"@type\":\"BreadcrumbList\",\"@id\":\"https:\/\/www.korn-consult.com\/de\/industries\/industry\/#breadcrumb\",\"itemListElement\":[{\"@type\":\"ListItem\",\"position\":1,\"name\":\"Home\",\"item\":\"https:\/\/www.korn-consult.com\/de\/home\/\"},{\"@type\":\"ListItem\",\"position\":2,\"name\":\"Fachkompetenzen\",\"item\":\"https:\/\/www.korn-consult.com\/de\/industries\/\"},{\"@type\":\"ListItem\",\"position\":3,\"name\":\"Metall-, Stahl- &amp; Elektroindustrie\"}]},{\"@type\":\"WebSite\",\"@id\":\"https:\/\/www.korn-consult.com\/#website\",\"url\":\"https:\/\/www.korn-consult.com\/\",\"name\":\"Korn Consult Group\",\"description\":\"\",\"publisher\":{\"@id\":\"https:\/\/www.korn-consult.com\/#organization\"},\"potentialAction\":[{\"@type\":\"SearchAction\",\"target\":{\"@type\":\"EntryPoint\",\"urlTemplate\":\"https:\/\/www.korn-consult.com\/?s={search_term_string}\"},\"query-input\":{\"@type\":\"PropertyValueSpecification\",\"valueRequired\":true,\"valueName\":\"search_term_string\"}}],\"inLanguage\":\"de\"},{\"@type\":\"Organization\",\"@id\":\"https:\/\/www.korn-consult.com\/#organization\",\"name\":\"Korn Consult\",\"url\":\"https:\/\/www.korn-consult.com\/\",\"logo\":{\"@type\":\"ImageObject\",\"inLanguage\":\"de\",\"@id\":\"https:\/\/www.korn-consult.com\/#\/schema\/logo\/image\/\",\"url\":\"https:\/\/www.korn-consult.com\/wp-content\/uploads\/2026\/04\/logo-kornconsult.png\",\"contentUrl\":\"https:\/\/www.korn-consult.com\/wp-content\/uploads\/2026\/04\/logo-kornconsult.png\",\"width\":1201,\"height\":631,\"caption\":\"Korn Consult\"},\"image\":{\"@id\":\"https:\/\/www.korn-consult.com\/#\/schema\/logo\/image\/\"}}]}<\/script>\n<!-- \/ Yoast SEO plugin. -->","yoast_head_json":{"title":"Metall-, Stahl- &amp; Elektroindustrie - KORN CONSULT GROUP","robots":{"index":"index","follow":"follow","max-snippet":"max-snippet:-1","max-image-preview":"max-image-preview:large","max-video-preview":"max-video-preview:-1"},"canonical":"https:\/\/www.korn-consult.com\/de\/industries\/industry\/","og_locale":"de_DE","og_type":"article","og_title":"Metall-, Stahl- &amp; Elektroindustrie - KORN CONSULT GROUP","og_url":"https:\/\/www.korn-consult.com\/de\/industries\/industry\/","og_site_name":"KORN CONSULT GROUP","article_modified_time":"2025-10-08T10:07:58+00:00","og_image":[{"width":1201,"height":631,"url":"https:\/\/www.korn-consult.com\/wp-content\/uploads\/2026\/04\/logo-kornconsult.png","type":"image\/png"}],"twitter_card":"summary_large_image","schema":{"@context":"https:\/\/schema.org","@graph":[{"@type":"WebPage","@id":"https:\/\/www.korn-consult.com\/de\/industries\/industry\/","url":"https:\/\/www.korn-consult.com\/de\/industries\/industry\/","name":"Metall-, Stahl- &amp; Elektroindustrie - KORN CONSULT GROUP","isPartOf":{"@id":"https:\/\/www.korn-consult.com\/#website"},"datePublished":"2025-07-11T13:47:43+00:00","dateModified":"2025-10-08T10:07:58+00:00","breadcrumb":{"@id":"https:\/\/www.korn-consult.com\/de\/industries\/industry\/#breadcrumb"},"inLanguage":"de","potentialAction":[{"@type":"ReadAction","target":["https:\/\/www.korn-consult.com\/de\/industries\/industry\/"]}]},{"@type":"BreadcrumbList","@id":"https:\/\/www.korn-consult.com\/de\/industries\/industry\/#breadcrumb","itemListElement":[{"@type":"ListItem","position":1,"name":"Home","item":"https:\/\/www.korn-consult.com\/de\/home\/"},{"@type":"ListItem","position":2,"name":"Fachkompetenzen","item":"https:\/\/www.korn-consult.com\/de\/industries\/"},{"@type":"ListItem","position":3,"name":"Metall-, Stahl- &amp; Elektroindustrie"}]},{"@type":"WebSite","@id":"https:\/\/www.korn-consult.com\/#website","url":"https:\/\/www.korn-consult.com\/","name":"Korn Consult Group","description":"","publisher":{"@id":"https:\/\/www.korn-consult.com\/#organization"},"potentialAction":[{"@type":"SearchAction","target":{"@type":"EntryPoint","urlTemplate":"https:\/\/www.korn-consult.com\/?s={search_term_string}"},"query-input":{"@type":"PropertyValueSpecification","valueRequired":true,"valueName":"search_term_string"}}],"inLanguage":"de"},{"@type":"Organization","@id":"https:\/\/www.korn-consult.com\/#organization","name":"Korn Consult","url":"https:\/\/www.korn-consult.com\/","logo":{"@type":"ImageObject","inLanguage":"de","@id":"https:\/\/www.korn-consult.com\/#\/schema\/logo\/image\/","url":"https:\/\/www.korn-consult.com\/wp-content\/uploads\/2026\/04\/logo-kornconsult.png","contentUrl":"https:\/\/www.korn-consult.com\/wp-content\/uploads\/2026\/04\/logo-kornconsult.png","width":1201,"height":631,"caption":"Korn Consult"},"image":{"@id":"https:\/\/www.korn-consult.com\/#\/schema\/logo\/image\/"}}]}},"_links":{"self":[{"href":"https:\/\/www.korn-consult.com\/de\/wp-json\/wp\/v2\/pages\/851","targetHints":{"allow":["GET"]}}],"collection":[{"href":"https:\/\/www.korn-consult.com\/de\/wp-json\/wp\/v2\/pages"}],"about":[{"href":"https:\/\/www.korn-consult.com\/de\/wp-json\/wp\/v2\/types\/page"}],"author":[{"embeddable":true,"href":"https:\/\/www.korn-consult.com\/de\/wp-json\/wp\/v2\/users\/1"}],"replies":[{"embeddable":true,"href":"https:\/\/www.korn-consult.com\/de\/wp-json\/wp\/v2\/comments?post=851"}],"version-history":[{"count":5,"href":"https:\/\/www.korn-consult.com\/de\/wp-json\/wp\/v2\/pages\/851\/revisions"}],"predecessor-version":[{"id":1998,"href":"https:\/\/www.korn-consult.com\/de\/wp-json\/wp\/v2\/pages\/851\/revisions\/1998"}],"up":[{"embeddable":true,"href":"https:\/\/www.korn-consult.com\/de\/wp-json\/wp\/v2\/pages\/832"}],"wp:attachment":[{"href":"https:\/\/www.korn-consult.com\/de\/wp-json\/wp\/v2\/media?parent=851"}],"curies":[{"name":"wp","href":"https:\/\/api.w.org\/{rel}","templated":true}]}}