{"id":855,"date":"2025-07-11T15:47:43","date_gmt":"2025-07-11T13:47:43","guid":{"rendered":"https:\/\/dev.diescouts.de\/korn-consult\/industries\/chemical-industry\/"},"modified":"2025-10-08T12:08:36","modified_gmt":"2025-10-08T10:08:36","slug":"chemical-industry","status":"publish","type":"page","link":"https:\/\/www.korn-consult.com\/de\/industries\/chemical-industry\/","title":{"rendered":"Chemische Industrie"},"content":{"rendered":"\n<section id=\"headline-text-block_d30b03a55140c35cc2c7fd430bc817e4\" class=\"block-headline-text\">\n    <div class=\"container\">\n        <div class=\"row\">\n            \n                            <div class=\"col-md-8\">\n                    <h1><strong>Transformation<\/strong> in der chemischen Industrie<\/h1>\n<h2>Intelligente, nachhaltige<br \/>\nund konforme L\u00f6sungen<\/h2>\n                <\/div>\n                    <\/div>\n        <div class=\"row\">\n                            <div class=\"col-md-8 offset-md-2\">\n                    <div class=\"text\"><\/div>\n                <\/div>\n                                <\/div>\n    <\/div>\n<\/section>\n\n\n<section id=\"hero-block_98f7c3f2fb6bbd8552cad33a3665d5f0\" class=\"block-hero\">\n                    <img decoding=\"async\" src=\"https:\/\/www.korn-consult.com\/wp-content\/uploads\/2025\/07\/chemie_frei_01.jpg\" alt=\"\" \/>\n    <\/section>\n\n\n<section id=\"headline-text-block_0d929ac0210d78c8b193bc68f168e5ef\" class=\"block-headline-text\">\n    <div class=\"container\">\n        <div class=\"row\">\n            \n                    <\/div>\n        <div class=\"row\">\n                            <div class=\"col-md-8 offset-md-2\">\n                    <div class=\"text\"><p>Die chemische Industrie befindet sich in einem rasanten Wandel, angetrieben durch Globalisierung, technologische Fortschritte und sich ver\u00e4ndernde Marktanforderungen. Um wettbewerbsf\u00e4hig zu bleiben, m\u00fcssen Unternehmen Innovationen vorantreiben und schnell handeln. Die <strong>KORN CONSULT GROUP<\/strong> bietet spezialisierte Beratungsleistungen, um Unternehmen der chemischen Industrie bei der Bew\u00e4ltigung dieser Ver\u00e4nderungen zu unterst\u00fctzen \u2013 mit einem globalen Team in Europa, Afrika, Asien, Nord- und S\u00fcdamerika.<\/p>\n<p>Wir unterst\u00fctzen bei der Implementierung von ISO-Qualit\u00e4tsstandards und der Einhaltung branchenspezifischer Vorgaben. Unsere Berater sind auf Digitalisierung spezialisiert und helfen Unternehmen dabei, KI, Machine Learning und datenbasierte L\u00f6sungen zu nutzen, um Prozesse zu optimieren, Anlagenverf\u00fcgbarkeit zu erh\u00f6hen und Kosten zu senken.<\/p>\n<p>Zudem begleiten wir Unternehmen bei der Umsetzung nachhaltiger Praktiken, verwandeln regulatorische Herausforderungen in Chancen und f\u00f6rdern Umsatzwachstum in einem sich schnell entwickelnden Markt.<\/p>\n<\/div>\n                <\/div>\n                                <\/div>\n    <\/div>\n<\/section>\n\n\n<section id=\"cta-block_f6dab84db1476ee3a114eca75af3ff22\" class=\"block-cta text-center darkblue\">\n    <div class=\"container\">\n        <div class=\"row\">\n            <div class=\"col-md-8 offset-md-2\">\n                <h3 class=\"h2\">Melde dich bei uns!<\/h3>\n                <h2 class=\"h1\"><h1>Mach aus Herausforderungen Chancen!<\/h1>\n<h2><strong>Wir begleiten dich mit bew\u00e4hrter Expertise.<\/strong><\/h2>\n<\/h2>\n                                                    <a href=\"https:\/\/www.korn-consult.com\/de\/contact\/\" target=\"\" class=\"btn\">Kontaktieren Sie uns<\/a>\n                            <\/div>\n        <\/div>\n    <\/div>\n\n<\/section>\n\n\n<section id=\"industries-block_f16aae12beca539656b3d1dabdb529bd\" class=\"block-industries\">\n        <div class=\"container\">\n            <div class=\"row\">\n                <div class=\"col-md-8 offset-md-2\">\n                    <div class=\"h3b text-center\">Andere Branchen<\/div>\n                    <nav class=\"industries-nav\">\n                        <ul>\n                                                            <li >\n                                    <a href=\"https:\/\/www.korn-consult.com\/de\/industries\/automotive-industry\/\">\n                                        <span class=\"h2b\">Automobil Industrie<\/span>\n                                        <span class=\"more\">mehr<\/span>\n                                    <\/a>\n                                <\/li>\n                                                            <li >\n                                    <a href=\"https:\/\/www.korn-consult.com\/de\/industries\/mechanical-engineering\/\">\n                                        <span class=\"h2b\">Maschinenbau<\/span>\n                                        <span class=\"more\">mehr<\/span>\n                                    <\/a>\n                                <\/li>\n                                                            <li >\n                                    <a href=\"https:\/\/www.korn-consult.com\/de\/industries\/industry\/\">\n                                        <span class=\"h2b\">Metall-, Stahl- &amp; Elektroindustrie<\/span>\n                                        <span class=\"more\">mehr<\/span>\n                                    <\/a>\n                                <\/li>\n                                                            <li >\n                                    <a href=\"https:\/\/www.korn-consult.com\/de\/industries\/chemical-industry\/\">\n                                        <span class=\"h2b\">Chemische Industrie<\/span>\n                                        <span class=\"more\">mehr<\/span>\n                                    <\/a>\n                                <\/li>\n                                                            <li >\n                                    <a href=\"https:\/\/www.korn-consult.com\/de\/industries\/medical-care\/\">\n                                        <span class=\"h2b\">Medizintechnik<\/span>\n                                        <span class=\"more\">mehr<\/span>\n                                    <\/a>\n                                <\/li>\n                                                    <\/ul>\n                    <\/nav>\n                <\/div>\n            <\/div>\n        <\/div>\n    \n<\/section>","protected":false},"excerpt":{"rendered":"","protected":false},"author":1,"featured_media":0,"parent":832,"menu_order":4,"comment_status":"closed","ping_status":"closed","template":"","meta":{"_acf_changed":false,"footnotes":""},"class_list":["post-855","page","type-page","status-publish","hentry"],"acf":[],"yoast_head":"<!-- This site is optimized with the Yoast SEO plugin v26.3 - https:\/\/yoast.com\/wordpress\/plugins\/seo\/ -->\n<title>Chemische Industrie - KORN CONSULT GROUP<\/title>\n<meta name=\"robots\" content=\"index, follow, max-snippet:-1, max-image-preview:large, max-video-preview:-1\" \/>\n<link rel=\"canonical\" href=\"https:\/\/www.korn-consult.com\/de\/industries\/chemical-industry\/\" \/>\n<meta property=\"og:locale\" content=\"de_DE\" \/>\n<meta property=\"og:type\" content=\"article\" \/>\n<meta property=\"og:title\" content=\"Chemische Industrie - KORN CONSULT GROUP\" \/>\n<meta property=\"og:url\" content=\"https:\/\/www.korn-consult.com\/de\/industries\/chemical-industry\/\" \/>\n<meta property=\"og:site_name\" content=\"KORN CONSULT GROUP\" \/>\n<meta property=\"article:modified_time\" content=\"2025-10-08T10:08:36+00:00\" \/>\n<meta property=\"og:image\" content=\"https:\/\/www.korn-consult.com\/wp-content\/uploads\/2026\/04\/logo-kcg.png\" \/>\n\t<meta property=\"og:image:width\" content=\"1200\" \/>\n\t<meta property=\"og:image:height\" content=\"630\" \/>\n\t<meta property=\"og:image:type\" content=\"image\/png\" \/>\n<meta name=\"twitter:card\" content=\"summary_large_image\" \/>\n<script type=\"application\/ld+json\" class=\"yoast-schema-graph\">{\"@context\":\"https:\/\/schema.org\",\"@graph\":[{\"@type\":\"WebPage\",\"@id\":\"https:\/\/www.korn-consult.com\/de\/industries\/chemical-industry\/\",\"url\":\"https:\/\/www.korn-consult.com\/de\/industries\/chemical-industry\/\",\"name\":\"Chemische Industrie - KORN CONSULT GROUP\",\"isPartOf\":{\"@id\":\"https:\/\/www.korn-consult.com\/#website\"},\"datePublished\":\"2025-07-11T13:47:43+00:00\",\"dateModified\":\"2025-10-08T10:08:36+00:00\",\"breadcrumb\":{\"@id\":\"https:\/\/www.korn-consult.com\/de\/industries\/chemical-industry\/#breadcrumb\"},\"inLanguage\":\"de\",\"potentialAction\":[{\"@type\":\"ReadAction\",\"target\":[\"https:\/\/www.korn-consult.com\/de\/industries\/chemical-industry\/\"]}]},{\"@type\":\"BreadcrumbList\",\"@id\":\"https:\/\/www.korn-consult.com\/de\/industries\/chemical-industry\/#breadcrumb\",\"itemListElement\":[{\"@type\":\"ListItem\",\"position\":1,\"name\":\"Home\",\"item\":\"https:\/\/www.korn-consult.com\/de\/home\/\"},{\"@type\":\"ListItem\",\"position\":2,\"name\":\"Fachkompetenzen\",\"item\":\"https:\/\/www.korn-consult.com\/de\/industries\/\"},{\"@type\":\"ListItem\",\"position\":3,\"name\":\"Chemische Industrie\"}]},{\"@type\":\"WebSite\",\"@id\":\"https:\/\/www.korn-consult.com\/#website\",\"url\":\"https:\/\/www.korn-consult.com\/\",\"name\":\"Korn Consult Group\",\"description\":\"\",\"publisher\":{\"@id\":\"https:\/\/www.korn-consult.com\/#organization\"},\"potentialAction\":[{\"@type\":\"SearchAction\",\"target\":{\"@type\":\"EntryPoint\",\"urlTemplate\":\"https:\/\/www.korn-consult.com\/?s={search_term_string}\"},\"query-input\":{\"@type\":\"PropertyValueSpecification\",\"valueRequired\":true,\"valueName\":\"search_term_string\"}}],\"inLanguage\":\"de\"},{\"@type\":\"Organization\",\"@id\":\"https:\/\/www.korn-consult.com\/#organization\",\"name\":\"Korn Consult\",\"url\":\"https:\/\/www.korn-consult.com\/\",\"logo\":{\"@type\":\"ImageObject\",\"inLanguage\":\"de\",\"@id\":\"https:\/\/www.korn-consult.com\/#\/schema\/logo\/image\/\",\"url\":\"https:\/\/www.korn-consult.com\/wp-content\/uploads\/2026\/04\/logo-kornconsult.png\",\"contentUrl\":\"https:\/\/www.korn-consult.com\/wp-content\/uploads\/2026\/04\/logo-kornconsult.png\",\"width\":1201,\"height\":631,\"caption\":\"Korn Consult\"},\"image\":{\"@id\":\"https:\/\/www.korn-consult.com\/#\/schema\/logo\/image\/\"}}]}<\/script>\n<!-- \/ Yoast SEO plugin. -->","yoast_head_json":{"title":"Chemische Industrie - KORN CONSULT GROUP","robots":{"index":"index","follow":"follow","max-snippet":"max-snippet:-1","max-image-preview":"max-image-preview:large","max-video-preview":"max-video-preview:-1"},"canonical":"https:\/\/www.korn-consult.com\/de\/industries\/chemical-industry\/","og_locale":"de_DE","og_type":"article","og_title":"Chemische Industrie - KORN CONSULT GROUP","og_url":"https:\/\/www.korn-consult.com\/de\/industries\/chemical-industry\/","og_site_name":"KORN CONSULT GROUP","article_modified_time":"2025-10-08T10:08:36+00:00","og_image":[{"width":1200,"height":630,"url":"https:\/\/www.korn-consult.com\/wp-content\/uploads\/2026\/04\/logo-kcg.png","type":"image\/png"}],"twitter_card":"summary_large_image","schema":{"@context":"https:\/\/schema.org","@graph":[{"@type":"WebPage","@id":"https:\/\/www.korn-consult.com\/de\/industries\/chemical-industry\/","url":"https:\/\/www.korn-consult.com\/de\/industries\/chemical-industry\/","name":"Chemische Industrie - KORN CONSULT GROUP","isPartOf":{"@id":"https:\/\/www.korn-consult.com\/#website"},"datePublished":"2025-07-11T13:47:43+00:00","dateModified":"2025-10-08T10:08:36+00:00","breadcrumb":{"@id":"https:\/\/www.korn-consult.com\/de\/industries\/chemical-industry\/#breadcrumb"},"inLanguage":"de","potentialAction":[{"@type":"ReadAction","target":["https:\/\/www.korn-consult.com\/de\/industries\/chemical-industry\/"]}]},{"@type":"BreadcrumbList","@id":"https:\/\/www.korn-consult.com\/de\/industries\/chemical-industry\/#breadcrumb","itemListElement":[{"@type":"ListItem","position":1,"name":"Home","item":"https:\/\/www.korn-consult.com\/de\/home\/"},{"@type":"ListItem","position":2,"name":"Fachkompetenzen","item":"https:\/\/www.korn-consult.com\/de\/industries\/"},{"@type":"ListItem","position":3,"name":"Chemische Industrie"}]},{"@type":"WebSite","@id":"https:\/\/www.korn-consult.com\/#website","url":"https:\/\/www.korn-consult.com\/","name":"Korn Consult Group","description":"","publisher":{"@id":"https:\/\/www.korn-consult.com\/#organization"},"potentialAction":[{"@type":"SearchAction","target":{"@type":"EntryPoint","urlTemplate":"https:\/\/www.korn-consult.com\/?s={search_term_string}"},"query-input":{"@type":"PropertyValueSpecification","valueRequired":true,"valueName":"search_term_string"}}],"inLanguage":"de"},{"@type":"Organization","@id":"https:\/\/www.korn-consult.com\/#organization","name":"Korn Consult","url":"https:\/\/www.korn-consult.com\/","logo":{"@type":"ImageObject","inLanguage":"de","@id":"https:\/\/www.korn-consult.com\/#\/schema\/logo\/image\/","url":"https:\/\/www.korn-consult.com\/wp-content\/uploads\/2026\/04\/logo-kornconsult.png","contentUrl":"https:\/\/www.korn-consult.com\/wp-content\/uploads\/2026\/04\/logo-kornconsult.png","width":1201,"height":631,"caption":"Korn Consult"},"image":{"@id":"https:\/\/www.korn-consult.com\/#\/schema\/logo\/image\/"}}]}},"_links":{"self":[{"href":"https:\/\/www.korn-consult.com\/de\/wp-json\/wp\/v2\/pages\/855","targetHints":{"allow":["GET"]}}],"collection":[{"href":"https:\/\/www.korn-consult.com\/de\/wp-json\/wp\/v2\/pages"}],"about":[{"href":"https:\/\/www.korn-consult.com\/de\/wp-json\/wp\/v2\/types\/page"}],"author":[{"embeddable":true,"href":"https:\/\/www.korn-consult.com\/de\/wp-json\/wp\/v2\/users\/1"}],"replies":[{"embeddable":true,"href":"https:\/\/www.korn-consult.com\/de\/wp-json\/wp\/v2\/comments?post=855"}],"version-history":[{"count":4,"href":"https:\/\/www.korn-consult.com\/de\/wp-json\/wp\/v2\/pages\/855\/revisions"}],"predecessor-version":[{"id":1999,"href":"https:\/\/www.korn-consult.com\/de\/wp-json\/wp\/v2\/pages\/855\/revisions\/1999"}],"up":[{"embeddable":true,"href":"https:\/\/www.korn-consult.com\/de\/wp-json\/wp\/v2\/pages\/832"}],"wp:attachment":[{"href":"https:\/\/www.korn-consult.com\/de\/wp-json\/wp\/v2\/media?parent=855"}],"curies":[{"name":"wp","href":"https:\/\/api.w.org\/{rel}","templated":true}]}}