{"id":859,"date":"2025-07-11T15:47:43","date_gmt":"2025-07-11T13:47:43","guid":{"rendered":"https:\/\/dev.diescouts.de\/korn-consult\/industries\/medical-care\/"},"modified":"2025-11-06T07:53:09","modified_gmt":"2025-11-06T06:53:09","slug":"medical-care","status":"publish","type":"page","link":"https:\/\/www.korn-consult.com\/de\/industries\/medical-care\/","title":{"rendered":"Medizintechnik"},"content":{"rendered":"\n<section id=\"headline-text-block_bb8fd005e7867d86a397e614822c0544\" class=\"block-headline-text\">\n    <div class=\"container\">\n        <div class=\"row\">\n            \n                            <div class=\"col-md-8\">\n                    <h1><strong>Innovative<\/strong> Versorgung<\/h1>\n<h2>Intelligente L\u00f6sungen f\u00fcr nachhaltiges<br \/>\nWachstum und Spitzenleistungen<\/h2>\n                <\/div>\n                    <\/div>\n        <div class=\"row\">\n                            <div class=\"col-md-8 offset-md-2\">\n                    <div class=\"text\"><\/div>\n                <\/div>\n                                <\/div>\n    <\/div>\n<\/section>\n\n\n<section id=\"hero-block_478303365b5dde564dcdd72883617b59\" class=\"block-hero\">\n                    <img decoding=\"async\" src=\"https:\/\/www.korn-consult.com\/wp-content\/uploads\/2025\/07\/medizin_frei_01_.jpg\" alt=\"\" \/>\n    <\/section>\n\n\n<section id=\"headline-text-block_a7c52c0520df8c81c5b58bfa61df5828\" class=\"block-headline-text\">\n    <div class=\"container\">\n        <div class=\"row\">\n            \n                    <\/div>\n        <div class=\"row\">\n                            <div class=\"col-md-8 offset-md-2\">\n                    <div class=\"text\"><p>Der Gesundheitssektor befindet sich im schnellen Wandel, getrieben durch technologische Fortschritte, regulatorische Ver\u00e4nderungen und ver\u00e4nderte Erwartungen der Patienten. Um wettbewerbsf\u00e4hig zu bleiben, m\u00fcssen Gesundheitsanbieter Innovationen annehmen und ihre Abl\u00e4ufe optimieren. Die <strong>KORN CONSULT GROUP<\/strong> bietet spezialisierte Beratungsleistungen, um medizinische Organisationen sicher durch diese Herausforderungen zu f\u00fchren und zukunftsf\u00e4hig zu machen.<\/p>\n<p>Mit jahrzehntelanger Erfahrung in der Gesundheitsbranche verf\u00fcgen unsere Experten \u00fcber tiefgehendes Wissen in den Bereichen regulatorische Compliance, Prozessoptimierung und digitale Transformation. Wir unterst\u00fctzen bei der Integration modernster Technologien, der Straffung von Arbeitsabl\u00e4ufen und der Verbesserung der Patientenversorgung durch datenbasierte Erkenntnisse und intelligente Technologien.<\/p>\n<p>Unsere globale Pr\u00e4senz und ma\u00dfgeschneiderte L\u00f6sungen gew\u00e4hrleisten hohe Qualit\u00e4tsstandards unter Ber\u00fccksichtigung lokaler Anforderungen. Wir engagieren uns f\u00fcr nachhaltiges Wachstum, Effizienzsteigerung und langfristigen Erfolg von Gesundheitseinrichtungen.<\/p>\n<\/div>\n                <\/div>\n                                <\/div>\n    <\/div>\n<\/section>\n\n\n<section id=\"cta-block_e8b7d07969d7b90559ee6e3c0cb40ddc\" class=\"block-cta text-center darkblue\">\n    <div class=\"container\">\n        <div class=\"row\">\n            <div class=\"col-md-8 offset-md-2\">\n                <h3 class=\"h2\">Melde dich bei uns!<\/h3>\n                <h2 class=\"h1\"><h1>Mach aus Herausforderungen Chancen!<\/h1>\n<h2><strong>Wir begleiten dich mit bew\u00e4hrter Expertise.<\/strong><\/h2>\n<\/h2>\n                                                    <a href=\"https:\/\/www.korn-consult.com\/de\/contact\/\" target=\"\" class=\"btn\">Kontaktieren Sie uns<\/a>\n                            <\/div>\n        <\/div>\n    <\/div>\n\n<\/section>\n\n\n<section id=\"industries-block_aaccfababc619636eb4372a872007c32\" class=\"block-industries\">\n        <div class=\"container\">\n            <div class=\"row\">\n                <div class=\"col-md-8 offset-md-2\">\n                    <div class=\"h3b text-center\">Andere Branchen<\/div>\n                    <nav class=\"industries-nav\">\n                        <ul>\n                                                            <li >\n                                    <a href=\"https:\/\/www.korn-consult.com\/de\/industries\/automotive-industry\/\">\n                                        <span class=\"h2b\">Automobil Industrie<\/span>\n                                        <span class=\"more\">mehr<\/span>\n                                    <\/a>\n                                <\/li>\n                                                            <li >\n                                    <a href=\"https:\/\/www.korn-consult.com\/de\/industries\/mechanical-engineering\/\">\n                                        <span class=\"h2b\">Maschinenbau<\/span>\n                                        <span class=\"more\">mehr<\/span>\n                                    <\/a>\n                                <\/li>\n                                                            <li >\n                                    <a href=\"https:\/\/www.korn-consult.com\/de\/industries\/industry\/\">\n                                        <span class=\"h2b\">Metall-, Stahl- &amp; Elektroindustrie<\/span>\n                                        <span class=\"more\">mehr<\/span>\n                                    <\/a>\n                                <\/li>\n                                                            <li >\n                                    <a href=\"https:\/\/www.korn-consult.com\/de\/industries\/chemical-industry\/\">\n                                        <span class=\"h2b\">Chemische Industrie<\/span>\n                                        <span class=\"more\">mehr<\/span>\n                                    <\/a>\n                                <\/li>\n                                                            <li >\n                                    <a href=\"https:\/\/www.korn-consult.com\/de\/industries\/medical-care\/\">\n                                        <span class=\"h2b\">Medizintechnik<\/span>\n                                        <span class=\"more\">mehr<\/span>\n                                    <\/a>\n                                <\/li>\n                                                    <\/ul>\n                    <\/nav>\n                <\/div>\n            <\/div>\n        <\/div>\n    \n<\/section>","protected":false},"excerpt":{"rendered":"","protected":false},"author":1,"featured_media":0,"parent":832,"menu_order":5,"comment_status":"closed","ping_status":"closed","template":"","meta":{"_acf_changed":false,"footnotes":""},"class_list":["post-859","page","type-page","status-publish","hentry"],"acf":[],"yoast_head":"<!-- This site is optimized with the Yoast SEO plugin v26.3 - https:\/\/yoast.com\/wordpress\/plugins\/seo\/ -->\n<title>Medizintechnik - KORN CONSULT GROUP<\/title>\n<meta name=\"robots\" content=\"index, follow, max-snippet:-1, max-image-preview:large, max-video-preview:-1\" \/>\n<link rel=\"canonical\" href=\"https:\/\/www.korn-consult.com\/de\/industries\/medical-care\/\" \/>\n<meta property=\"og:locale\" content=\"de_DE\" \/>\n<meta property=\"og:type\" content=\"article\" \/>\n<meta property=\"og:title\" content=\"Medizintechnik - KORN CONSULT GROUP\" \/>\n<meta property=\"og:url\" content=\"https:\/\/www.korn-consult.com\/de\/industries\/medical-care\/\" \/>\n<meta property=\"og:site_name\" content=\"KORN CONSULT GROUP\" \/>\n<meta property=\"article:modified_time\" content=\"2025-11-06T06:53:09+00:00\" \/>\n<meta property=\"og:image\" content=\"https:\/\/www.korn-consult.com\/wp-content\/uploads\/2026\/04\/logo-kornconsult.png\" \/>\n\t<meta property=\"og:image:width\" content=\"1201\" \/>\n\t<meta property=\"og:image:height\" content=\"631\" \/>\n\t<meta property=\"og:image:type\" content=\"image\/png\" \/>\n<meta name=\"twitter:card\" content=\"summary_large_image\" \/>\n<script type=\"application\/ld+json\" class=\"yoast-schema-graph\">{\"@context\":\"https:\/\/schema.org\",\"@graph\":[{\"@type\":\"WebPage\",\"@id\":\"https:\/\/www.korn-consult.com\/de\/industries\/medical-care\/\",\"url\":\"https:\/\/www.korn-consult.com\/de\/industries\/medical-care\/\",\"name\":\"Medizintechnik - KORN CONSULT GROUP\",\"isPartOf\":{\"@id\":\"https:\/\/www.korn-consult.com\/#website\"},\"datePublished\":\"2025-07-11T13:47:43+00:00\",\"dateModified\":\"2025-11-06T06:53:09+00:00\",\"breadcrumb\":{\"@id\":\"https:\/\/www.korn-consult.com\/de\/industries\/medical-care\/#breadcrumb\"},\"inLanguage\":\"de\",\"potentialAction\":[{\"@type\":\"ReadAction\",\"target\":[\"https:\/\/www.korn-consult.com\/de\/industries\/medical-care\/\"]}]},{\"@type\":\"BreadcrumbList\",\"@id\":\"https:\/\/www.korn-consult.com\/de\/industries\/medical-care\/#breadcrumb\",\"itemListElement\":[{\"@type\":\"ListItem\",\"position\":1,\"name\":\"Home\",\"item\":\"https:\/\/www.korn-consult.com\/de\/home\/\"},{\"@type\":\"ListItem\",\"position\":2,\"name\":\"Fachkompetenzen\",\"item\":\"https:\/\/www.korn-consult.com\/de\/industries\/\"},{\"@type\":\"ListItem\",\"position\":3,\"name\":\"Medizintechnik\"}]},{\"@type\":\"WebSite\",\"@id\":\"https:\/\/www.korn-consult.com\/#website\",\"url\":\"https:\/\/www.korn-consult.com\/\",\"name\":\"Korn Consult Group\",\"description\":\"\",\"publisher\":{\"@id\":\"https:\/\/www.korn-consult.com\/#organization\"},\"potentialAction\":[{\"@type\":\"SearchAction\",\"target\":{\"@type\":\"EntryPoint\",\"urlTemplate\":\"https:\/\/www.korn-consult.com\/?s={search_term_string}\"},\"query-input\":{\"@type\":\"PropertyValueSpecification\",\"valueRequired\":true,\"valueName\":\"search_term_string\"}}],\"inLanguage\":\"de\"},{\"@type\":\"Organization\",\"@id\":\"https:\/\/www.korn-consult.com\/#organization\",\"name\":\"Korn Consult\",\"url\":\"https:\/\/www.korn-consult.com\/\",\"logo\":{\"@type\":\"ImageObject\",\"inLanguage\":\"de\",\"@id\":\"https:\/\/www.korn-consult.com\/#\/schema\/logo\/image\/\",\"url\":\"https:\/\/www.korn-consult.com\/wp-content\/uploads\/2026\/04\/logo-kornconsult.png\",\"contentUrl\":\"https:\/\/www.korn-consult.com\/wp-content\/uploads\/2026\/04\/logo-kornconsult.png\",\"width\":1201,\"height\":631,\"caption\":\"Korn Consult\"},\"image\":{\"@id\":\"https:\/\/www.korn-consult.com\/#\/schema\/logo\/image\/\"}}]}<\/script>\n<!-- \/ Yoast SEO plugin. -->","yoast_head_json":{"title":"Medizintechnik - KORN CONSULT GROUP","robots":{"index":"index","follow":"follow","max-snippet":"max-snippet:-1","max-image-preview":"max-image-preview:large","max-video-preview":"max-video-preview:-1"},"canonical":"https:\/\/www.korn-consult.com\/de\/industries\/medical-care\/","og_locale":"de_DE","og_type":"article","og_title":"Medizintechnik - KORN CONSULT GROUP","og_url":"https:\/\/www.korn-consult.com\/de\/industries\/medical-care\/","og_site_name":"KORN CONSULT GROUP","article_modified_time":"2025-11-06T06:53:09+00:00","og_image":[{"width":1201,"height":631,"url":"https:\/\/www.korn-consult.com\/wp-content\/uploads\/2026\/04\/logo-kornconsult.png","type":"image\/png"}],"twitter_card":"summary_large_image","schema":{"@context":"https:\/\/schema.org","@graph":[{"@type":"WebPage","@id":"https:\/\/www.korn-consult.com\/de\/industries\/medical-care\/","url":"https:\/\/www.korn-consult.com\/de\/industries\/medical-care\/","name":"Medizintechnik - KORN CONSULT GROUP","isPartOf":{"@id":"https:\/\/www.korn-consult.com\/#website"},"datePublished":"2025-07-11T13:47:43+00:00","dateModified":"2025-11-06T06:53:09+00:00","breadcrumb":{"@id":"https:\/\/www.korn-consult.com\/de\/industries\/medical-care\/#breadcrumb"},"inLanguage":"de","potentialAction":[{"@type":"ReadAction","target":["https:\/\/www.korn-consult.com\/de\/industries\/medical-care\/"]}]},{"@type":"BreadcrumbList","@id":"https:\/\/www.korn-consult.com\/de\/industries\/medical-care\/#breadcrumb","itemListElement":[{"@type":"ListItem","position":1,"name":"Home","item":"https:\/\/www.korn-consult.com\/de\/home\/"},{"@type":"ListItem","position":2,"name":"Fachkompetenzen","item":"https:\/\/www.korn-consult.com\/de\/industries\/"},{"@type":"ListItem","position":3,"name":"Medizintechnik"}]},{"@type":"WebSite","@id":"https:\/\/www.korn-consult.com\/#website","url":"https:\/\/www.korn-consult.com\/","name":"Korn Consult Group","description":"","publisher":{"@id":"https:\/\/www.korn-consult.com\/#organization"},"potentialAction":[{"@type":"SearchAction","target":{"@type":"EntryPoint","urlTemplate":"https:\/\/www.korn-consult.com\/?s={search_term_string}"},"query-input":{"@type":"PropertyValueSpecification","valueRequired":true,"valueName":"search_term_string"}}],"inLanguage":"de"},{"@type":"Organization","@id":"https:\/\/www.korn-consult.com\/#organization","name":"Korn Consult","url":"https:\/\/www.korn-consult.com\/","logo":{"@type":"ImageObject","inLanguage":"de","@id":"https:\/\/www.korn-consult.com\/#\/schema\/logo\/image\/","url":"https:\/\/www.korn-consult.com\/wp-content\/uploads\/2026\/04\/logo-kornconsult.png","contentUrl":"https:\/\/www.korn-consult.com\/wp-content\/uploads\/2026\/04\/logo-kornconsult.png","width":1201,"height":631,"caption":"Korn Consult"},"image":{"@id":"https:\/\/www.korn-consult.com\/#\/schema\/logo\/image\/"}}]}},"_links":{"self":[{"href":"https:\/\/www.korn-consult.com\/de\/wp-json\/wp\/v2\/pages\/859","targetHints":{"allow":["GET"]}}],"collection":[{"href":"https:\/\/www.korn-consult.com\/de\/wp-json\/wp\/v2\/pages"}],"about":[{"href":"https:\/\/www.korn-consult.com\/de\/wp-json\/wp\/v2\/types\/page"}],"author":[{"embeddable":true,"href":"https:\/\/www.korn-consult.com\/de\/wp-json\/wp\/v2\/users\/1"}],"replies":[{"embeddable":true,"href":"https:\/\/www.korn-consult.com\/de\/wp-json\/wp\/v2\/comments?post=859"}],"version-history":[{"count":5,"href":"https:\/\/www.korn-consult.com\/de\/wp-json\/wp\/v2\/pages\/859\/revisions"}],"predecessor-version":[{"id":2936,"href":"https:\/\/www.korn-consult.com\/de\/wp-json\/wp\/v2\/pages\/859\/revisions\/2936"}],"up":[{"embeddable":true,"href":"https:\/\/www.korn-consult.com\/de\/wp-json\/wp\/v2\/pages\/832"}],"wp:attachment":[{"href":"https:\/\/www.korn-consult.com\/de\/wp-json\/wp\/v2\/media?parent=859"}],"curies":[{"name":"wp","href":"https:\/\/api.w.org\/{rel}","templated":true}]}}