{"id":910,"date":"2025-07-11T15:49:44","date_gmt":"2025-07-11T13:49:44","guid":{"rendered":"https:\/\/dev.diescouts.de\/korn-consult\/milestones\/"},"modified":"2025-10-08T12:41:47","modified_gmt":"2025-10-08T10:41:47","slug":"milestones","status":"publish","type":"page","link":"https:\/\/www.korn-consult.com\/de\/about-us\/milestones\/","title":{"rendered":"Meilensteine"},"content":{"rendered":"\n<section id=\"hero-block_c6f817a67b7fbecc1d18c150550a915c\" class=\"block-hero\">\n                    <img decoding=\"async\" src=\"https:\/\/www.korn-consult.com\/wp-content\/uploads\/2025\/07\/skyline_frei_01.jpg\" alt=\"\" \/>\n    <\/section>\n\n\n<section id=\"headline-text-block_ab47b93a3db019214e7718b466f8956e\" class=\"block-headline-text\">\n    <div class=\"container\">\n        <div class=\"row\">\n            \n                            <div class=\"col-md-8\">\n                    <h1>Meilensteine der<br \/>\n<strong>Korn Consult<br \/>\nGroup<\/strong><\/h1>\n<h2>GLOBALE Pr\u00e4senz<\/h2>\n<p>&nbsp;<\/p>\n                <\/div>\n                    <\/div>\n        <div class=\"row\">\n                            <div class=\"col-md-8 offset-md-2\">\n                    <div class=\"text\"><p>Die <strong>KORN CONSULT GROUP<\/strong> hat sich von ihren Wurzeln in Deutschland zu einem globalen Beratungsunternehmen mit Niederlassungen in Europa, Nordamerika, Asien und Afrika entwickelt. Zu den wichtigsten Meilensteinen z\u00e4hlen die strategische Expansion in die USA, nach Mexiko, China und S\u00fcdafrika, die eine enge Zusammenarbeit mit den Kunden und regionale Unterst\u00fctzung erm\u00f6glicht. Diese globale Pr\u00e4senz spiegelt das Engagement des Unternehmens wider, weltweit erstklassige Beratungsdienstleistungen anzubieten.<\/p>\n<\/div>\n                <\/div>\n                                <\/div>\n    <\/div>\n<\/section>\n\n\n<section id=\"milestones-block_05ba05a23f33f744e5c77a83d274dfb0\" class=\"block-milestones\">\n            <div class=\"container\">\n            <div class=\"row\">\n                <div class=\"col-12\">\n                    <ul class=\"milestones\">\n                                                    <li>2025 &#8211; B\u00fcro in Ankara<\/li>\n                                                    <li>2024 &#8211; B\u00fcro in Singapur, Hanoi, Kuala Lumpur, Jakarta, Bangkok<\/li>\n                                                    <li>2023 &#8211; TISAX Implementiert<\/li>\n                                                    <li>2019 &#8211; B\u00fcro in Mumbai<\/li>\n                                                    <li>2018 &#8211; B\u00fcro in Kapstadt<\/li>\n                                                    <li>2017 &#8211; B\u00fcro in Newark (DE)<\/li>\n                                                    <li>2016 &#8211; ISO 9001:2015-Zertifizierung<\/li>\n                                                    <li>2016 &#8211; B\u00fcro in Mexiko-Stadt<\/li>\n                                                    <li>2015 &#8211; B\u00fcro in Breslau<\/li>\n                                                    <li>2014 &#8211; B\u00fcro in Shanghai<\/li>\n                                                    <li>2013 &#8211; B\u00fcro in Budapest<\/li>\n                                                    <li>2011 &#8211; B\u00fcro in Barcelona<\/li>\n                                                    <li>2010 &#8211; B\u00fcro in Prag<\/li>\n                                                    <li>2007 &#8211; B\u00fcro in Timisoara<\/li>\n                                                    <li>2006 &#8211; Gr\u00fcndung der KORN CONSULT GROUP<\/li>\n                                            <\/ul>\n                <\/div>\n\n            <\/div>\n        <\/div>\n    <\/section>","protected":false},"excerpt":{"rendered":"","protected":false},"author":1,"featured_media":0,"parent":943,"menu_order":0,"comment_status":"closed","ping_status":"closed","template":"","meta":{"_acf_changed":false,"footnotes":""},"class_list":["post-910","page","type-page","status-publish","hentry"],"acf":[],"yoast_head":"<!-- This site is optimized with the Yoast SEO plugin v26.3 - https:\/\/yoast.com\/wordpress\/plugins\/seo\/ -->\n<title>Meilensteine - KORN CONSULT GROUP<\/title>\n<meta name=\"robots\" content=\"index, follow, max-snippet:-1, max-image-preview:large, max-video-preview:-1\" \/>\n<link rel=\"canonical\" href=\"https:\/\/www.korn-consult.com\/de\/about-us\/milestones\/\" \/>\n<meta property=\"og:locale\" content=\"de_DE\" \/>\n<meta property=\"og:type\" content=\"article\" \/>\n<meta property=\"og:title\" content=\"Meilensteine - KORN CONSULT GROUP\" \/>\n<meta property=\"og:url\" content=\"https:\/\/www.korn-consult.com\/de\/about-us\/milestones\/\" \/>\n<meta property=\"og:site_name\" content=\"KORN CONSULT GROUP\" \/>\n<meta property=\"article:modified_time\" content=\"2025-10-08T10:41:47+00:00\" \/>\n<meta property=\"og:image\" content=\"https:\/\/www.korn-consult.com\/wp-content\/uploads\/2026\/04\/logo-kornconsult.png\" \/>\n\t<meta property=\"og:image:width\" content=\"1201\" \/>\n\t<meta property=\"og:image:height\" content=\"631\" \/>\n\t<meta property=\"og:image:type\" content=\"image\/png\" \/>\n<meta name=\"twitter:card\" content=\"summary_large_image\" \/>\n<script type=\"application\/ld+json\" class=\"yoast-schema-graph\">{\"@context\":\"https:\/\/schema.org\",\"@graph\":[{\"@type\":\"WebPage\",\"@id\":\"https:\/\/www.korn-consult.com\/de\/about-us\/milestones\/\",\"url\":\"https:\/\/www.korn-consult.com\/de\/about-us\/milestones\/\",\"name\":\"Meilensteine - KORN CONSULT GROUP\",\"isPartOf\":{\"@id\":\"https:\/\/www.korn-consult.com\/#website\"},\"datePublished\":\"2025-07-11T13:49:44+00:00\",\"dateModified\":\"2025-10-08T10:41:47+00:00\",\"breadcrumb\":{\"@id\":\"https:\/\/www.korn-consult.com\/de\/about-us\/milestones\/#breadcrumb\"},\"inLanguage\":\"de\",\"potentialAction\":[{\"@type\":\"ReadAction\",\"target\":[\"https:\/\/www.korn-consult.com\/de\/about-us\/milestones\/\"]}]},{\"@type\":\"BreadcrumbList\",\"@id\":\"https:\/\/www.korn-consult.com\/de\/about-us\/milestones\/#breadcrumb\",\"itemListElement\":[{\"@type\":\"ListItem\",\"position\":1,\"name\":\"Home\",\"item\":\"https:\/\/www.korn-consult.com\/de\/home\/\"},{\"@type\":\"ListItem\",\"position\":2,\"name\":\"\u00dcber Uns\",\"item\":\"https:\/\/www.korn-consult.com\/de\/about-us\/\"},{\"@type\":\"ListItem\",\"position\":3,\"name\":\"Meilensteine\"}]},{\"@type\":\"WebSite\",\"@id\":\"https:\/\/www.korn-consult.com\/#website\",\"url\":\"https:\/\/www.korn-consult.com\/\",\"name\":\"Korn Consult Group\",\"description\":\"\",\"publisher\":{\"@id\":\"https:\/\/www.korn-consult.com\/#organization\"},\"potentialAction\":[{\"@type\":\"SearchAction\",\"target\":{\"@type\":\"EntryPoint\",\"urlTemplate\":\"https:\/\/www.korn-consult.com\/?s={search_term_string}\"},\"query-input\":{\"@type\":\"PropertyValueSpecification\",\"valueRequired\":true,\"valueName\":\"search_term_string\"}}],\"inLanguage\":\"de\"},{\"@type\":\"Organization\",\"@id\":\"https:\/\/www.korn-consult.com\/#organization\",\"name\":\"Korn Consult\",\"url\":\"https:\/\/www.korn-consult.com\/\",\"logo\":{\"@type\":\"ImageObject\",\"inLanguage\":\"de\",\"@id\":\"https:\/\/www.korn-consult.com\/#\/schema\/logo\/image\/\",\"url\":\"https:\/\/www.korn-consult.com\/wp-content\/uploads\/2026\/04\/logo-kornconsult.png\",\"contentUrl\":\"https:\/\/www.korn-consult.com\/wp-content\/uploads\/2026\/04\/logo-kornconsult.png\",\"width\":1201,\"height\":631,\"caption\":\"Korn Consult\"},\"image\":{\"@id\":\"https:\/\/www.korn-consult.com\/#\/schema\/logo\/image\/\"}}]}<\/script>\n<!-- \/ Yoast SEO plugin. -->","yoast_head_json":{"title":"Meilensteine - KORN CONSULT GROUP","robots":{"index":"index","follow":"follow","max-snippet":"max-snippet:-1","max-image-preview":"max-image-preview:large","max-video-preview":"max-video-preview:-1"},"canonical":"https:\/\/www.korn-consult.com\/de\/about-us\/milestones\/","og_locale":"de_DE","og_type":"article","og_title":"Meilensteine - KORN CONSULT GROUP","og_url":"https:\/\/www.korn-consult.com\/de\/about-us\/milestones\/","og_site_name":"KORN CONSULT GROUP","article_modified_time":"2025-10-08T10:41:47+00:00","og_image":[{"width":1201,"height":631,"url":"https:\/\/www.korn-consult.com\/wp-content\/uploads\/2026\/04\/logo-kornconsult.png","type":"image\/png"}],"twitter_card":"summary_large_image","schema":{"@context":"https:\/\/schema.org","@graph":[{"@type":"WebPage","@id":"https:\/\/www.korn-consult.com\/de\/about-us\/milestones\/","url":"https:\/\/www.korn-consult.com\/de\/about-us\/milestones\/","name":"Meilensteine - KORN CONSULT GROUP","isPartOf":{"@id":"https:\/\/www.korn-consult.com\/#website"},"datePublished":"2025-07-11T13:49:44+00:00","dateModified":"2025-10-08T10:41:47+00:00","breadcrumb":{"@id":"https:\/\/www.korn-consult.com\/de\/about-us\/milestones\/#breadcrumb"},"inLanguage":"de","potentialAction":[{"@type":"ReadAction","target":["https:\/\/www.korn-consult.com\/de\/about-us\/milestones\/"]}]},{"@type":"BreadcrumbList","@id":"https:\/\/www.korn-consult.com\/de\/about-us\/milestones\/#breadcrumb","itemListElement":[{"@type":"ListItem","position":1,"name":"Home","item":"https:\/\/www.korn-consult.com\/de\/home\/"},{"@type":"ListItem","position":2,"name":"\u00dcber Uns","item":"https:\/\/www.korn-consult.com\/de\/about-us\/"},{"@type":"ListItem","position":3,"name":"Meilensteine"}]},{"@type":"WebSite","@id":"https:\/\/www.korn-consult.com\/#website","url":"https:\/\/www.korn-consult.com\/","name":"Korn Consult Group","description":"","publisher":{"@id":"https:\/\/www.korn-consult.com\/#organization"},"potentialAction":[{"@type":"SearchAction","target":{"@type":"EntryPoint","urlTemplate":"https:\/\/www.korn-consult.com\/?s={search_term_string}"},"query-input":{"@type":"PropertyValueSpecification","valueRequired":true,"valueName":"search_term_string"}}],"inLanguage":"de"},{"@type":"Organization","@id":"https:\/\/www.korn-consult.com\/#organization","name":"Korn Consult","url":"https:\/\/www.korn-consult.com\/","logo":{"@type":"ImageObject","inLanguage":"de","@id":"https:\/\/www.korn-consult.com\/#\/schema\/logo\/image\/","url":"https:\/\/www.korn-consult.com\/wp-content\/uploads\/2026\/04\/logo-kornconsult.png","contentUrl":"https:\/\/www.korn-consult.com\/wp-content\/uploads\/2026\/04\/logo-kornconsult.png","width":1201,"height":631,"caption":"Korn Consult"},"image":{"@id":"https:\/\/www.korn-consult.com\/#\/schema\/logo\/image\/"}}]}},"_links":{"self":[{"href":"https:\/\/www.korn-consult.com\/de\/wp-json\/wp\/v2\/pages\/910","targetHints":{"allow":["GET"]}}],"collection":[{"href":"https:\/\/www.korn-consult.com\/de\/wp-json\/wp\/v2\/pages"}],"about":[{"href":"https:\/\/www.korn-consult.com\/de\/wp-json\/wp\/v2\/types\/page"}],"author":[{"embeddable":true,"href":"https:\/\/www.korn-consult.com\/de\/wp-json\/wp\/v2\/users\/1"}],"replies":[{"embeddable":true,"href":"https:\/\/www.korn-consult.com\/de\/wp-json\/wp\/v2\/comments?post=910"}],"version-history":[{"count":5,"href":"https:\/\/www.korn-consult.com\/de\/wp-json\/wp\/v2\/pages\/910\/revisions"}],"predecessor-version":[{"id":2016,"href":"https:\/\/www.korn-consult.com\/de\/wp-json\/wp\/v2\/pages\/910\/revisions\/2016"}],"up":[{"embeddable":true,"href":"https:\/\/www.korn-consult.com\/de\/wp-json\/wp\/v2\/pages\/943"}],"wp:attachment":[{"href":"https:\/\/www.korn-consult.com\/de\/wp-json\/wp\/v2\/media?parent=910"}],"curies":[{"name":"wp","href":"https:\/\/api.w.org\/{rel}","templated":true}]}}