{"id":945,"date":"2025-07-11T15:49:44","date_gmt":"2025-07-11T13:49:44","guid":{"rendered":"https:\/\/dev.diescouts.de\/korn-consult\/about-us\/philosophy\/"},"modified":"2025-11-05T11:49:10","modified_gmt":"2025-11-05T10:49:10","slug":"philosophy","status":"publish","type":"page","link":"https:\/\/www.korn-consult.com\/de\/about-us\/philosophy\/","title":{"rendered":"Philosophie"},"content":{"rendered":"\n<section id=\"hero-block_0932f103be3a22baf18c9d75a38bde67\" class=\"block-hero\">\n                    <img decoding=\"async\" src=\"https:\/\/www.korn-consult.com\/wp-content\/uploads\/2025\/07\/philosophy_frei_01_.jpg\" alt=\"\" \/>\n    <\/section>\n\n\n<section id=\"headline-text-block_a7a02a8c6e8787d287cabb2ede626167\" class=\"block-headline-text\">\n    <div class=\"container\">\n        <div class=\"row\">\n            \n                            <div class=\"col-md-8\">\n                    <h1>Unsere Philosophie<\/h1>\n                <\/div>\n                    <\/div>\n        <div class=\"row\">\n                            <div class=\"col-md-8 offset-md-2\">\n                    <div class=\"text\"><h2 data-start=\"102\" data-end=\"194\"><span style=\"color: #000000\"><em><strong>\u201e<\/strong><\/em><em>Qualit\u00e4t Ist Kein Zufall, Sondern Das Ergebnis Funktionierender Gesch\u00e4ftsprozesse.<\/em><em><strong>&#8222;<\/strong><\/em><\/span><\/h2>\n<p data-start=\"229\" data-end=\"555\"><span style=\"color: #000000\">Wir bei <strong data-start=\"237\" data-end=\"259\">KORN CONSULT GROUP<\/strong> sind \u00fcberzeugt, dass Qualit\u00e4t kein Zufall ist \u2013 sie ist das Ergebnis bewusster, effektiver und gut strukturierter Gesch\u00e4ftsprozesse. Unsere Philosophie basiert auf der \u00dcberzeugung, dass nachhaltiger Erfolg aus klaren Strategien, kontinuierlicher Verbesserung und operativer Exzellenz entsteht.<\/span><\/p>\n<p data-start=\"557\" data-end=\"815\"><span style=\"color: #000000\">Wir stehen f\u00fcr <strong>Nachhaltige Industrialisierung<\/strong>, <strong>Widerstandf\u00e4higkeit\u00a0der Lieferkette<\/strong>, <strong data-start=\"639\" data-end=\"668\">Operative Effizienz<\/strong> und <strong>Pr\u00e4ventive Qualit\u00e4t<\/strong>. Diese Grunds\u00e4tze leiten unser Handeln und definieren unser Engagement f\u00fcr langfristigen Mehrwert f\u00fcr unsere Kunden.<\/span><\/p>\n<p data-start=\"817\" data-end=\"1139\"><span style=\"color: #000000\">Mit unserem Fokus auf <strong>NACHHALTIGE INDUSTRIALISIERUNG<\/strong>\u00a0f\u00f6rdern wir ein Wachstum, das sowohl verantwortungsvoll als auch zukunftsorientiert ist. Wir unterst\u00fctzen Industrien dabei, sich durch Innovation, Digitalisierung und umweltbewusstes Handeln weiterzuentwickeln, um ihre Wettbewerbsf\u00e4higkeit langfristig zu sichern.<\/span><\/p>\n<p data-start=\"1141\" data-end=\"1485\"><span style=\"color: #000000\">Durch die St\u00e4rkung der <strong>WIDERSTANDSF\u00c4HIGKEIT DER LIEFERKETTE\u00a0<\/strong>bef\u00e4higen wir Unternehmen, Herausforderungen vorherzusehen, Risiken zu mindern und Stabilit\u00e4t in einem zunehmend dynamischen globalen Markt zu gew\u00e4hrleisten. Unser Ziel ist es, robuste Netzwerke zu schaffen, die Agilit\u00e4t, Zuverl\u00e4ssigkeit und kontinuierliche Leistungsf\u00e4higkeit erm\u00f6glichen.<\/span><\/p>\n<p data-start=\"1487\" data-end=\"1768\"><span style=\"color: #000000\">Die F\u00f6rderung von<strong> OPERATIVE<\/strong> <strong>EFFIZIENZ <\/strong>steht im Zentrum unseres Ansatzes. Wir optimieren Prozesse, beseitigen Ineffizienzen und steigern die Produktivit\u00e4t, damit Unternehmen intelligenter, schneller und effektiver arbeiten \u2013 und so ihr volles Potenzial entfalten k\u00f6nnen.<\/span><\/p>\n<p data-start=\"1770\" data-end=\"2093\"><span style=\"color: #000000\">Mit unserem Engagement f\u00fcr\u00a0<strong>PR\u00c4VENTIVE QUALIT\u00c4T <\/strong>stellen wir sicher, dass Qualit\u00e4t in jeder Phase eines Prozesses verankert ist. Durch die Implementierung proaktiver Ma\u00dfnahmen und bew\u00e4hrter Praktiken helfen wir unseren Kunden, potenzielle Probleme fr\u00fchzeitig zu erkennen und Exzellenz in allen Abl\u00e4ufen sicherzustellen.<\/span><\/p>\n<p data-start=\"2095\" data-end=\"2387\"><span style=\"color: #000000\">Bei <strong data-start=\"2099\" data-end=\"2121\">KORN CONSULT GROUP<\/strong> arbeiten wir partnerschaftlich mit unseren Kunden zusammen, um ma\u00dfgeschneiderte L\u00f6sungen zu entwickeln, die Verbesserung, Resilienz und nachhaltiges Wachstum f\u00f6rdern \u2013 und sie bef\u00e4higen, in einem sich stetig wandelnden Gesch\u00e4ftsumfeld wettbewerbsf\u00e4hig zu bleiben.<\/span><\/p>\n<\/div>\n                <\/div>\n                                <\/div>\n    <\/div>\n<\/section>\n\n\n<section id=\"cta-block_b3d9726fc65f9e4c1d025456b304695f\" class=\"block-cta text-center darkblue\">\n    <div class=\"container\">\n        <div class=\"row\">\n            <div class=\"col-md-8 offset-md-2\">\n                <h3 class=\"h2\">Melde dich bei uns!<\/h3>\n                <h2 class=\"h1\"><h1>Mach aus Herausforderungen Chancen!<\/h1>\n<h2><strong>Wir begleiten dich mit bew\u00e4hrter Expertise.<\/strong><\/h2>\n<\/h2>\n                                                    <a href=\"https:\/\/www.korn-consult.com\/de\/contact\/\" target=\"\" class=\"btn\">Kontaktieren Sie uns<\/a>\n                            <\/div>\n        <\/div>\n    <\/div>\n\n<\/section>","protected":false},"excerpt":{"rendered":"","protected":false},"author":1,"featured_media":0,"parent":943,"menu_order":1,"comment_status":"closed","ping_status":"closed","template":"","meta":{"_acf_changed":false,"footnotes":""},"class_list":["post-945","page","type-page","status-publish","hentry"],"acf":[],"yoast_head":"<!-- This site is optimized with the Yoast SEO plugin v26.3 - https:\/\/yoast.com\/wordpress\/plugins\/seo\/ -->\n<title>Philosophie - KORN CONSULT GROUP<\/title>\n<meta name=\"robots\" content=\"index, follow, max-snippet:-1, max-image-preview:large, max-video-preview:-1\" \/>\n<link rel=\"canonical\" href=\"https:\/\/www.korn-consult.com\/de\/about-us\/philosophy\/\" \/>\n<meta property=\"og:locale\" content=\"de_DE\" \/>\n<meta property=\"og:type\" content=\"article\" \/>\n<meta property=\"og:title\" content=\"Philosophie - KORN CONSULT GROUP\" \/>\n<meta property=\"og:url\" content=\"https:\/\/www.korn-consult.com\/de\/about-us\/philosophy\/\" \/>\n<meta property=\"og:site_name\" content=\"KORN CONSULT GROUP\" \/>\n<meta property=\"article:modified_time\" content=\"2025-11-05T10:49:10+00:00\" \/>\n<meta property=\"og:image\" content=\"https:\/\/www.korn-consult.com\/wp-content\/uploads\/2026\/04\/logo-kcg.png\" \/>\n\t<meta property=\"og:image:width\" content=\"1200\" \/>\n\t<meta property=\"og:image:height\" content=\"630\" \/>\n\t<meta property=\"og:image:type\" content=\"image\/png\" \/>\n<meta name=\"twitter:card\" content=\"summary_large_image\" \/>\n<script type=\"application\/ld+json\" class=\"yoast-schema-graph\">{\"@context\":\"https:\/\/schema.org\",\"@graph\":[{\"@type\":\"WebPage\",\"@id\":\"https:\/\/www.korn-consult.com\/de\/about-us\/philosophy\/\",\"url\":\"https:\/\/www.korn-consult.com\/de\/about-us\/philosophy\/\",\"name\":\"Philosophie - KORN CONSULT GROUP\",\"isPartOf\":{\"@id\":\"https:\/\/www.korn-consult.com\/#website\"},\"datePublished\":\"2025-07-11T13:49:44+00:00\",\"dateModified\":\"2025-11-05T10:49:10+00:00\",\"breadcrumb\":{\"@id\":\"https:\/\/www.korn-consult.com\/de\/about-us\/philosophy\/#breadcrumb\"},\"inLanguage\":\"de\",\"potentialAction\":[{\"@type\":\"ReadAction\",\"target\":[\"https:\/\/www.korn-consult.com\/de\/about-us\/philosophy\/\"]}]},{\"@type\":\"BreadcrumbList\",\"@id\":\"https:\/\/www.korn-consult.com\/de\/about-us\/philosophy\/#breadcrumb\",\"itemListElement\":[{\"@type\":\"ListItem\",\"position\":1,\"name\":\"Home\",\"item\":\"https:\/\/www.korn-consult.com\/de\/home\/\"},{\"@type\":\"ListItem\",\"position\":2,\"name\":\"\u00dcber Uns\",\"item\":\"https:\/\/www.korn-consult.com\/de\/about-us\/\"},{\"@type\":\"ListItem\",\"position\":3,\"name\":\"Philosophie\"}]},{\"@type\":\"WebSite\",\"@id\":\"https:\/\/www.korn-consult.com\/#website\",\"url\":\"https:\/\/www.korn-consult.com\/\",\"name\":\"Korn Consult Group\",\"description\":\"\",\"publisher\":{\"@id\":\"https:\/\/www.korn-consult.com\/#organization\"},\"potentialAction\":[{\"@type\":\"SearchAction\",\"target\":{\"@type\":\"EntryPoint\",\"urlTemplate\":\"https:\/\/www.korn-consult.com\/?s={search_term_string}\"},\"query-input\":{\"@type\":\"PropertyValueSpecification\",\"valueRequired\":true,\"valueName\":\"search_term_string\"}}],\"inLanguage\":\"de\"},{\"@type\":\"Organization\",\"@id\":\"https:\/\/www.korn-consult.com\/#organization\",\"name\":\"Korn Consult\",\"url\":\"https:\/\/www.korn-consult.com\/\",\"logo\":{\"@type\":\"ImageObject\",\"inLanguage\":\"de\",\"@id\":\"https:\/\/www.korn-consult.com\/#\/schema\/logo\/image\/\",\"url\":\"https:\/\/www.korn-consult.com\/wp-content\/uploads\/2026\/04\/logo-kornconsult.png\",\"contentUrl\":\"https:\/\/www.korn-consult.com\/wp-content\/uploads\/2026\/04\/logo-kornconsult.png\",\"width\":1201,\"height\":631,\"caption\":\"Korn Consult\"},\"image\":{\"@id\":\"https:\/\/www.korn-consult.com\/#\/schema\/logo\/image\/\"}}]}<\/script>\n<!-- \/ Yoast SEO plugin. -->","yoast_head_json":{"title":"Philosophie - KORN CONSULT GROUP","robots":{"index":"index","follow":"follow","max-snippet":"max-snippet:-1","max-image-preview":"max-image-preview:large","max-video-preview":"max-video-preview:-1"},"canonical":"https:\/\/www.korn-consult.com\/de\/about-us\/philosophy\/","og_locale":"de_DE","og_type":"article","og_title":"Philosophie - KORN CONSULT GROUP","og_url":"https:\/\/www.korn-consult.com\/de\/about-us\/philosophy\/","og_site_name":"KORN CONSULT GROUP","article_modified_time":"2025-11-05T10:49:10+00:00","og_image":[{"width":1200,"height":630,"url":"https:\/\/www.korn-consult.com\/wp-content\/uploads\/2026\/04\/logo-kcg.png","type":"image\/png"}],"twitter_card":"summary_large_image","schema":{"@context":"https:\/\/schema.org","@graph":[{"@type":"WebPage","@id":"https:\/\/www.korn-consult.com\/de\/about-us\/philosophy\/","url":"https:\/\/www.korn-consult.com\/de\/about-us\/philosophy\/","name":"Philosophie - KORN CONSULT GROUP","isPartOf":{"@id":"https:\/\/www.korn-consult.com\/#website"},"datePublished":"2025-07-11T13:49:44+00:00","dateModified":"2025-11-05T10:49:10+00:00","breadcrumb":{"@id":"https:\/\/www.korn-consult.com\/de\/about-us\/philosophy\/#breadcrumb"},"inLanguage":"de","potentialAction":[{"@type":"ReadAction","target":["https:\/\/www.korn-consult.com\/de\/about-us\/philosophy\/"]}]},{"@type":"BreadcrumbList","@id":"https:\/\/www.korn-consult.com\/de\/about-us\/philosophy\/#breadcrumb","itemListElement":[{"@type":"ListItem","position":1,"name":"Home","item":"https:\/\/www.korn-consult.com\/de\/home\/"},{"@type":"ListItem","position":2,"name":"\u00dcber Uns","item":"https:\/\/www.korn-consult.com\/de\/about-us\/"},{"@type":"ListItem","position":3,"name":"Philosophie"}]},{"@type":"WebSite","@id":"https:\/\/www.korn-consult.com\/#website","url":"https:\/\/www.korn-consult.com\/","name":"Korn Consult Group","description":"","publisher":{"@id":"https:\/\/www.korn-consult.com\/#organization"},"potentialAction":[{"@type":"SearchAction","target":{"@type":"EntryPoint","urlTemplate":"https:\/\/www.korn-consult.com\/?s={search_term_string}"},"query-input":{"@type":"PropertyValueSpecification","valueRequired":true,"valueName":"search_term_string"}}],"inLanguage":"de"},{"@type":"Organization","@id":"https:\/\/www.korn-consult.com\/#organization","name":"Korn Consult","url":"https:\/\/www.korn-consult.com\/","logo":{"@type":"ImageObject","inLanguage":"de","@id":"https:\/\/www.korn-consult.com\/#\/schema\/logo\/image\/","url":"https:\/\/www.korn-consult.com\/wp-content\/uploads\/2026\/04\/logo-kornconsult.png","contentUrl":"https:\/\/www.korn-consult.com\/wp-content\/uploads\/2026\/04\/logo-kornconsult.png","width":1201,"height":631,"caption":"Korn Consult"},"image":{"@id":"https:\/\/www.korn-consult.com\/#\/schema\/logo\/image\/"}}]}},"_links":{"self":[{"href":"https:\/\/www.korn-consult.com\/de\/wp-json\/wp\/v2\/pages\/945","targetHints":{"allow":["GET"]}}],"collection":[{"href":"https:\/\/www.korn-consult.com\/de\/wp-json\/wp\/v2\/pages"}],"about":[{"href":"https:\/\/www.korn-consult.com\/de\/wp-json\/wp\/v2\/types\/page"}],"author":[{"embeddable":true,"href":"https:\/\/www.korn-consult.com\/de\/wp-json\/wp\/v2\/users\/1"}],"replies":[{"embeddable":true,"href":"https:\/\/www.korn-consult.com\/de\/wp-json\/wp\/v2\/comments?post=945"}],"version-history":[{"count":10,"href":"https:\/\/www.korn-consult.com\/de\/wp-json\/wp\/v2\/pages\/945\/revisions"}],"predecessor-version":[{"id":2915,"href":"https:\/\/www.korn-consult.com\/de\/wp-json\/wp\/v2\/pages\/945\/revisions\/2915"}],"up":[{"embeddable":true,"href":"https:\/\/www.korn-consult.com\/de\/wp-json\/wp\/v2\/pages\/943"}],"wp:attachment":[{"href":"https:\/\/www.korn-consult.com\/de\/wp-json\/wp\/v2\/media?parent=945"}],"curies":[{"name":"wp","href":"https:\/\/api.w.org\/{rel}","templated":true}]}}