{"id":950,"date":"2025-07-11T15:49:44","date_gmt":"2025-07-11T13:49:44","guid":{"rendered":"https:\/\/dev.diescouts.de\/korn-consult\/about-us\/management\/"},"modified":"2026-04-01T19:51:31","modified_gmt":"2026-04-01T17:51:31","slug":"management","status":"publish","type":"page","link":"https:\/\/www.korn-consult.com\/de\/about-us\/management\/","title":{"rendered":"Management"},"content":{"rendered":"\n<section id=\"hero-block_1c6535792a6d459269bdffa28f111e97\" class=\"block-hero\">\n                    <img decoding=\"async\" src=\"https:\/\/www.korn-consult.com\/wp-content\/uploads\/2026\/04\/MOOD-Product-3.png\" alt=\"\" \/>\n    <\/section>\n\n\n<section id=\"headline-text-block_f039b2602de9070de77ba04c8a9c93db\" class=\"block-headline-text\">\n    <div class=\"container\">\n        <div class=\"row\">\n            \n                            <div class=\"col-md-8\">\n                    <h1>F\u00fchrungskompetenz bei der <strong>KORN CONSULT GROUP<\/strong><\/h1>\n                <\/div>\n                    <\/div>\n        <div class=\"row\">\n                            <div class=\"col-md-8 offset-md-2\">\n                    <div class=\"text\"><p data-start=\"981\" data-end=\"1351\">Bei <strong>KORN CONSULT GROUP<\/strong> verk\u00f6rpert unser Managementteam strategische Weitsicht, operative Exzellenz und ein tiefes Verst\u00e4ndnis des globalen Gesch\u00e4ftsumfelds. Mit jahrzehntelanger gemeinsamer Erfahrung in verschiedenen Branchen sind wir bestrebt, innovative, hochwertige und kundenorientierte L\u00f6sungen zu liefern, die messbare Ergebnisse erzielen.<\/p>\n<p data-start=\"1353\" data-end=\"1775\">Gepr\u00e4gt von einer Vision nachhaltigen Wachstums f\u00f6rdern wir eine Kultur der Zusammenarbeit, Agilit\u00e4t und kontinuierlichen Verbesserung, sodass jede Kundenbeziehung langfristigen Mehrwert schafft. Durch die Kombination unserer tiefgehenden Branchenexpertise mit zukunftsorientierten Strategien unterst\u00fctzen wir unsere Kunden dabei, komplexe gesch\u00e4ftliche Herausforderungen zu meistern und nachhaltigen Erfolg zu erzielen.<\/p>\n<h2 data-start=\"1777\" data-end=\"1956\">Unser Engagement f\u00fcr <strong>Integrit\u00e4t<\/strong>, <strong>Innovation<\/strong> und <strong>Exzellenz<\/strong> macht uns zu einem vertrauensw\u00fcrdigen Partner f\u00fcr Organisationen, die weltweit transformative Beratungsl\u00f6sungen suchen.<\/h2>\n<\/div>\n                <\/div>\n                                <\/div>\n    <\/div>\n<\/section>\n\n\n<section id=\"cta-block_e9e535d3c346694849c2025da0f1c7b6\" class=\"block-cta text-center darkblue\">\n    <div class=\"container\">\n        <div class=\"row\">\n            <div class=\"col-md-8 offset-md-2\">\n                <h3 class=\"h2\">Melde dich bei uns!<\/h3>\n                <h2 class=\"h1\"><h1>Mach aus Herausforderungen Chancen!<\/h1>\n<h2><strong>Wir begleiten dich mit bew\u00e4hrter Expertise.<\/strong><\/h2>\n<\/h2>\n                                                    <a href=\"https:\/\/www.korn-consult.com\/de\/contact\/\" target=\"\" class=\"btn\">Kontaktieren Sie uns<\/a>\n                            <\/div>\n        <\/div>\n    <\/div>\n\n<\/section>","protected":false},"excerpt":{"rendered":"","protected":false},"author":1,"featured_media":0,"parent":943,"menu_order":2,"comment_status":"closed","ping_status":"closed","template":"","meta":{"_acf_changed":false,"footnotes":""},"class_list":["post-950","page","type-page","status-publish","hentry"],"acf":[],"yoast_head":"<!-- This site is optimized with the Yoast SEO plugin v26.3 - https:\/\/yoast.com\/wordpress\/plugins\/seo\/ -->\n<title>Management - KORN CONSULT GROUP<\/title>\n<meta name=\"robots\" content=\"index, follow, max-snippet:-1, max-image-preview:large, max-video-preview:-1\" \/>\n<link rel=\"canonical\" href=\"https:\/\/www.korn-consult.com\/de\/about-us\/management\/\" \/>\n<meta property=\"og:locale\" content=\"de_DE\" \/>\n<meta property=\"og:type\" content=\"article\" \/>\n<meta property=\"og:title\" content=\"Management - KORN CONSULT GROUP\" \/>\n<meta property=\"og:url\" content=\"https:\/\/www.korn-consult.com\/de\/about-us\/management\/\" \/>\n<meta property=\"og:site_name\" content=\"KORN CONSULT GROUP\" \/>\n<meta property=\"article:modified_time\" content=\"2026-04-01T17:51:31+00:00\" \/>\n<meta property=\"og:image\" content=\"https:\/\/www.korn-consult.com\/wp-content\/uploads\/2026\/04\/logo-kcg.png\" \/>\n\t<meta property=\"og:image:width\" content=\"1200\" \/>\n\t<meta property=\"og:image:height\" content=\"630\" \/>\n\t<meta property=\"og:image:type\" content=\"image\/png\" \/>\n<meta name=\"twitter:card\" content=\"summary_large_image\" \/>\n<script type=\"application\/ld+json\" class=\"yoast-schema-graph\">{\"@context\":\"https:\/\/schema.org\",\"@graph\":[{\"@type\":\"WebPage\",\"@id\":\"https:\/\/www.korn-consult.com\/de\/about-us\/management\/\",\"url\":\"https:\/\/www.korn-consult.com\/de\/about-us\/management\/\",\"name\":\"Management - KORN CONSULT GROUP\",\"isPartOf\":{\"@id\":\"https:\/\/www.korn-consult.com\/#website\"},\"datePublished\":\"2025-07-11T13:49:44+00:00\",\"dateModified\":\"2026-04-01T17:51:31+00:00\",\"breadcrumb\":{\"@id\":\"https:\/\/www.korn-consult.com\/de\/about-us\/management\/#breadcrumb\"},\"inLanguage\":\"de\",\"potentialAction\":[{\"@type\":\"ReadAction\",\"target\":[\"https:\/\/www.korn-consult.com\/de\/about-us\/management\/\"]}]},{\"@type\":\"BreadcrumbList\",\"@id\":\"https:\/\/www.korn-consult.com\/de\/about-us\/management\/#breadcrumb\",\"itemListElement\":[{\"@type\":\"ListItem\",\"position\":1,\"name\":\"Home\",\"item\":\"https:\/\/www.korn-consult.com\/de\/home\/\"},{\"@type\":\"ListItem\",\"position\":2,\"name\":\"\u00dcber Uns\",\"item\":\"https:\/\/www.korn-consult.com\/de\/about-us\/\"},{\"@type\":\"ListItem\",\"position\":3,\"name\":\"Management\"}]},{\"@type\":\"WebSite\",\"@id\":\"https:\/\/www.korn-consult.com\/#website\",\"url\":\"https:\/\/www.korn-consult.com\/\",\"name\":\"Korn Consult Group\",\"description\":\"\",\"publisher\":{\"@id\":\"https:\/\/www.korn-consult.com\/#organization\"},\"potentialAction\":[{\"@type\":\"SearchAction\",\"target\":{\"@type\":\"EntryPoint\",\"urlTemplate\":\"https:\/\/www.korn-consult.com\/?s={search_term_string}\"},\"query-input\":{\"@type\":\"PropertyValueSpecification\",\"valueRequired\":true,\"valueName\":\"search_term_string\"}}],\"inLanguage\":\"de\"},{\"@type\":\"Organization\",\"@id\":\"https:\/\/www.korn-consult.com\/#organization\",\"name\":\"Korn Consult\",\"url\":\"https:\/\/www.korn-consult.com\/\",\"logo\":{\"@type\":\"ImageObject\",\"inLanguage\":\"de\",\"@id\":\"https:\/\/www.korn-consult.com\/#\/schema\/logo\/image\/\",\"url\":\"https:\/\/www.korn-consult.com\/wp-content\/uploads\/2026\/04\/logo-kornconsult.png\",\"contentUrl\":\"https:\/\/www.korn-consult.com\/wp-content\/uploads\/2026\/04\/logo-kornconsult.png\",\"width\":1201,\"height\":631,\"caption\":\"Korn Consult\"},\"image\":{\"@id\":\"https:\/\/www.korn-consult.com\/#\/schema\/logo\/image\/\"}}]}<\/script>\n<!-- \/ Yoast SEO plugin. -->","yoast_head_json":{"title":"Management - KORN CONSULT GROUP","robots":{"index":"index","follow":"follow","max-snippet":"max-snippet:-1","max-image-preview":"max-image-preview:large","max-video-preview":"max-video-preview:-1"},"canonical":"https:\/\/www.korn-consult.com\/de\/about-us\/management\/","og_locale":"de_DE","og_type":"article","og_title":"Management - KORN CONSULT GROUP","og_url":"https:\/\/www.korn-consult.com\/de\/about-us\/management\/","og_site_name":"KORN CONSULT GROUP","article_modified_time":"2026-04-01T17:51:31+00:00","og_image":[{"width":1200,"height":630,"url":"https:\/\/www.korn-consult.com\/wp-content\/uploads\/2026\/04\/logo-kcg.png","type":"image\/png"}],"twitter_card":"summary_large_image","schema":{"@context":"https:\/\/schema.org","@graph":[{"@type":"WebPage","@id":"https:\/\/www.korn-consult.com\/de\/about-us\/management\/","url":"https:\/\/www.korn-consult.com\/de\/about-us\/management\/","name":"Management - KORN CONSULT GROUP","isPartOf":{"@id":"https:\/\/www.korn-consult.com\/#website"},"datePublished":"2025-07-11T13:49:44+00:00","dateModified":"2026-04-01T17:51:31+00:00","breadcrumb":{"@id":"https:\/\/www.korn-consult.com\/de\/about-us\/management\/#breadcrumb"},"inLanguage":"de","potentialAction":[{"@type":"ReadAction","target":["https:\/\/www.korn-consult.com\/de\/about-us\/management\/"]}]},{"@type":"BreadcrumbList","@id":"https:\/\/www.korn-consult.com\/de\/about-us\/management\/#breadcrumb","itemListElement":[{"@type":"ListItem","position":1,"name":"Home","item":"https:\/\/www.korn-consult.com\/de\/home\/"},{"@type":"ListItem","position":2,"name":"\u00dcber Uns","item":"https:\/\/www.korn-consult.com\/de\/about-us\/"},{"@type":"ListItem","position":3,"name":"Management"}]},{"@type":"WebSite","@id":"https:\/\/www.korn-consult.com\/#website","url":"https:\/\/www.korn-consult.com\/","name":"Korn Consult Group","description":"","publisher":{"@id":"https:\/\/www.korn-consult.com\/#organization"},"potentialAction":[{"@type":"SearchAction","target":{"@type":"EntryPoint","urlTemplate":"https:\/\/www.korn-consult.com\/?s={search_term_string}"},"query-input":{"@type":"PropertyValueSpecification","valueRequired":true,"valueName":"search_term_string"}}],"inLanguage":"de"},{"@type":"Organization","@id":"https:\/\/www.korn-consult.com\/#organization","name":"Korn Consult","url":"https:\/\/www.korn-consult.com\/","logo":{"@type":"ImageObject","inLanguage":"de","@id":"https:\/\/www.korn-consult.com\/#\/schema\/logo\/image\/","url":"https:\/\/www.korn-consult.com\/wp-content\/uploads\/2026\/04\/logo-kornconsult.png","contentUrl":"https:\/\/www.korn-consult.com\/wp-content\/uploads\/2026\/04\/logo-kornconsult.png","width":1201,"height":631,"caption":"Korn Consult"},"image":{"@id":"https:\/\/www.korn-consult.com\/#\/schema\/logo\/image\/"}}]}},"_links":{"self":[{"href":"https:\/\/www.korn-consult.com\/de\/wp-json\/wp\/v2\/pages\/950","targetHints":{"allow":["GET"]}}],"collection":[{"href":"https:\/\/www.korn-consult.com\/de\/wp-json\/wp\/v2\/pages"}],"about":[{"href":"https:\/\/www.korn-consult.com\/de\/wp-json\/wp\/v2\/types\/page"}],"author":[{"embeddable":true,"href":"https:\/\/www.korn-consult.com\/de\/wp-json\/wp\/v2\/users\/1"}],"replies":[{"embeddable":true,"href":"https:\/\/www.korn-consult.com\/de\/wp-json\/wp\/v2\/comments?post=950"}],"version-history":[{"count":8,"href":"https:\/\/www.korn-consult.com\/de\/wp-json\/wp\/v2\/pages\/950\/revisions"}],"predecessor-version":[{"id":4070,"href":"https:\/\/www.korn-consult.com\/de\/wp-json\/wp\/v2\/pages\/950\/revisions\/4070"}],"up":[{"embeddable":true,"href":"https:\/\/www.korn-consult.com\/de\/wp-json\/wp\/v2\/pages\/943"}],"wp:attachment":[{"href":"https:\/\/www.korn-consult.com\/de\/wp-json\/wp\/v2\/media?parent=950"}],"curies":[{"name":"wp","href":"https:\/\/api.w.org\/{rel}","templated":true}]}}