{"id":1112,"date":"2025-07-07T10:32:39","date_gmt":"2025-07-07T08:32:39","guid":{"rendered":"https:\/\/dev.diescouts.de\/korn-consult\/home\/"},"modified":"2025-11-10T07:37:01","modified_gmt":"2025-11-10T06:37:01","slug":"home","status":"publish","type":"page","link":"https:\/\/www.korn-consult.com\/es\/","title":{"rendered":"Inicio"},"content":{"rendered":"\n<style type=\"text\/css\">\n    #home-teaser-block_012e4bfcd412686e9c2d45616e8b347c {\n        \/* Add styles that use ACF values here *\/\n    }\n<\/style>\n\n<section id=\"home-teaser-block_012e4bfcd412686e9c2d45616e8b347c\" class=\"block-home-teaser\">\n    <div class=\"container\">\n        <div class=\"row\">\n            <div class=\"col-md-5 offset-md-6\">\n                <p class=\"highlight\">La calidad no es accidental, es el resultado de procesos empresariales eficaces.<\/p>\n<p><strong>BY KORN CONSULT GROUP\u00ae<\/strong><\/p>\n            <\/div>\n        <\/div>\n    <\/div>\n<\/section>\n\n\n<section id=\"banner-headline-block_c9c658fe572f939d9b7440ae0e3f4147\" class=\"block-banner-headline\">\n    <div class=\"slider\">\n                                                        <div class=\"image\">\n                        <img decoding=\"async\" src=\"https:\/\/www.korn-consult.com\/wp-content\/uploads\/2025\/07\/people_frei_02.jpg\" alt=\"\" \/>\n                    <\/div>\n                                <\/div>\n    <div class=\"content top\">\n        <div class=\"container\">\n            <div class=\"row\">\n                <div class=\"col-12\">\n                    <h1 class=\"h1\">Resultados<br \/>\nque<br \/>\n<strong>Quentan<\/strong><\/h1>\n                                                        <\/div>\n            <\/div>\n        <\/div>\n    <\/div>\n<\/section>\n\n\n\n<section id=\"image-boxes-block_0388dc065e6ff4ea1cc4ae7695157d3a\" class=\"block-image-boxes\">\n            <div class=\"row no-gutters\">\n                                <div class=\"col-md-6 image-box\" style=\"background-image: url(https:\/\/www.korn-consult.com\/wp-content\/uploads\/2025\/07\/e_tankstelle_color.jpg);\">\n                <div class=\"headline\">\n                    INDUSTRIALIZACI\u00d3N<br \/>\r\nSOSTENIBLE                <\/div>\n                                        <a href=\"https:\/\/www.korn-consult.com\/es\/services\/management-consulting\/\" target=\"\" class=\"btn\">m\u00e1s<\/a>\n                        <\/div>\n                                <div class=\"col-md-6 image-box\" style=\"background-image: url(https:\/\/www.korn-consult.com\/wp-content\/uploads\/2025\/07\/container_schiff_color.jpg);\">\n                <div class=\"headline\">\n                    RESILIENCIA DE LA<br \/>\r\nCADENA DE SUMINISTRO                <\/div>\n                                        <a href=\"https:\/\/www.korn-consult.com\/es\/services\/management-consulting\/\" target=\"\" class=\"btn\">m\u00e1s<\/a>\n                        <\/div>\n                                <div class=\"col-md-6 image-box\" style=\"background-image: url(https:\/\/www.korn-consult.com\/wp-content\/uploads\/2025\/07\/automotive_color_05.jpg);\">\n                <div class=\"headline\">\n                    EFICIENCIA<br \/>\r\nOPERATIVA                <\/div>\n                                        <a href=\"https:\/\/www.korn-consult.com\/es\/services\/management-consulting\/\" target=\"\" class=\"btn\">m\u00e1s<\/a>\n                        <\/div>\n                                <div class=\"col-md-6 image-box\" style=\"background-image: url(https:\/\/www.korn-consult.com\/wp-content\/uploads\/2025\/07\/meeting_color_01.jpg);\">\n                <div class=\"headline\">\n                    CALIDAD<br \/>\r\nPREVENTIVA                <\/div>\n                                        <a href=\"https:\/\/www.korn-consult.com\/es\/services\/management-consulting\/\" target=\"\" class=\"btn\">m\u00e1s<\/a>\n                        <\/div>\n                <\/div>\n    <\/section>\n\n\n<section id=\"headline-text-block_bd931396e98ca6de1972c2343abf9934\" class=\"block-headline-text\">\n    <div class=\"container\">\n        <div class=\"row\">\n            \n                            <div class=\"col-md-8\">\n                    <h1>Nuestras<br data-start=\"8\" data-end=\"11\" \/>Competencias<br data-start=\"23\" data-end=\"26\" \/><strong>Clave<\/strong><\/h1>\n                <\/div>\n                    <\/div>\n        <div class=\"row\">\n                            <div class=\"col-md-8 offset-md-2\">\n                    <div class=\"text\"><article class=\"text-token-text-primary w-full focus:outline-none scroll-mt-[calc(var(--header-height)+min(200px,max(70px,20svh)))]\" dir=\"auto\" data-turn-id=\"d259fb50-4889-410f-8bda-067fd0f006d3\" data-testid=\"conversation-turn-22\" data-scroll-anchor=\"true\" data-turn=\"assistant\">\n<div class=\"text-base my-auto mx-auto pb-10 [--thread-content-margin:--spacing(4)] @[37rem]:[--thread-content-margin:--spacing(6)] @[72rem]:[--thread-content-margin:--spacing(16)] px-(--thread-content-margin)\">\n<div class=\"[--thread-content-max-width:32rem] @[34rem]:[--thread-content-max-width:40rem] @[64rem]:[--thread-content-max-width:48rem] mx-auto max-w-(--thread-content-max-width) flex-1 group\/turn-messages focus-visible:outline-hidden relative flex w-full min-w-0 flex-col agent-turn\">\n<div class=\"flex max-w-full flex-col grow\">\n<div class=\"min-h-8 text-message relative flex w-full flex-col items-end gap-2 text-start break-words whitespace-normal [.text-message+&amp;]:mt-5\" dir=\"auto\" data-message-author-role=\"assistant\" data-message-id=\"fb88d2e8-f396-419e-b72c-02201daec528\" data-message-model-slug=\"gpt-5-mini\">\n<div class=\"flex w-full flex-col gap-1 empty:hidden first:pt-[3px]\">\n<div class=\"markdown prose dark:prose-invert w-full break-words dark markdown-new-styling\">\n<h2 data-start=\"0\" data-end=\"356\"><strong>KORN CONSULT GROUP<\/strong> se especializa en excelencia operativa, optimizaci\u00f3n de la cadena de suministro y gesti\u00f3n de la calidad. Con una profunda experiencia en la industria, especialmente en el sector automotriz y de manufactura, la empresa ofrece soluciones pr\u00e1cticas orientadas a resultados a trav\u00e9s de consultor\u00eda, transformaci\u00f3n digital y gesti\u00f3n interina.<\/h2>\n<\/div>\n<\/div>\n<\/div>\n<\/div>\n<div class=\"flex min-h-[46px] justify-start\"><\/div>\n<div class=\"mt-3 w-full empty:hidden\">\n<div class=\"text-center\"><\/div>\n<\/div>\n<\/div>\n<\/div>\n<\/article>\n<div class=\"pointer-events-none h-px w-px\" aria-hidden=\"true\" data-edge=\"true\"><\/div>\n<\/div>\n                <\/div>\n                                <\/div>\n    <\/div>\n<\/section>\n\n\n<section id=\"cta-block_a3f179841e8fe5197db35e3601e1ee00\" class=\"block-cta text-center darkblue\">\n    <div class=\"container\">\n        <div class=\"row\">\n            <div class=\"col-md-8 offset-md-2\">\n                <h3 class=\"h2\">\u00a1Pong\u00e1monos en contacto!<\/h3>\n                <h2 class=\"h1\"><h1>\u00a1Convierte los desaf\u00edos en oportunidades!<\/h1>\n<h2><strong>Te guiaremos con experiencia probada.<\/strong><\/h2>\n<\/h2>\n                                                    <a href=\"https:\/\/www.korn-consult.com\/es\/contact\/\" target=\"\" class=\"btn\">Cont\u00e1ctenos<\/a>\n                            <\/div>\n        <\/div>\n    <\/div>\n\n<\/section>\n\n\n<section id=\"contactperson-block_106bfd3d20d6d40192c6777a4eefebce\" class=\"block-contactperson\">\n                <img decoding=\"async\" src=\"https:\/\/www.korn-consult.com\/wp-content\/uploads\/2025\/07\/Sarina_WAECHTER_germany.jpg\" alt=\"\" \/>\n        <div class=\"cp-content\">\n        <div class=\"container\">\n            <div class=\"row\">\n                <div class=\"col-md-8\">\n                    <h3 class=\"h1\"><p>Sarina <strong>W\u00e4chter<\/strong><\/p>\n<\/h3>\n                    <h4 class=\"h2\">Key Account Manager<\/h4>\n                    <div class=\"details\"><p>+49 151 61671715<br \/>\n<strong><a href=\"mailto:sales@kornconsultgroup.com\">info@kornconsultgroup.com<\/a><\/strong><\/p>\n<p>Gabriel-Dressler-Strasse 7<br \/>\n63741 Aschaffenburg<br \/>\nALEMANIA<\/p>\n<\/div>\n                                                                <a href=\"https:\/\/www.korn-consult.com\/es\/contact\/\" target=\"\" class=\"btn\">Cont\u00e1ctenos<\/a>\n                                    <\/div>\n            <\/div>\n        <\/div>\n\n    <\/div>\n\n<\/section>","protected":false},"excerpt":{"rendered":"","protected":false},"author":1,"featured_media":0,"parent":0,"menu_order":1,"comment_status":"closed","ping_status":"closed","template":"","meta":{"_acf_changed":false,"footnotes":""},"class_list":["post-1112","page","type-page","status-publish","hentry"],"acf":[],"yoast_head":"<!-- This site is optimized with the Yoast SEO plugin v26.3 - https:\/\/yoast.com\/wordpress\/plugins\/seo\/ -->\n<title>Inicio - KORN CONSULT GROUP<\/title>\n<meta name=\"robots\" content=\"index, follow, max-snippet:-1, max-image-preview:large, max-video-preview:-1\" \/>\n<link rel=\"canonical\" href=\"https:\/\/www.korn-consult.com\/es\/home\/\" \/>\n<meta property=\"og:locale\" content=\"es_ES\" \/>\n<meta property=\"og:type\" content=\"article\" \/>\n<meta property=\"og:title\" content=\"Inicio - KORN CONSULT GROUP\" \/>\n<meta property=\"og:url\" content=\"https:\/\/www.korn-consult.com\/es\/home\/\" \/>\n<meta property=\"og:site_name\" content=\"KORN CONSULT GROUP\" \/>\n<meta property=\"article:modified_time\" content=\"2025-11-10T06:37:01+00:00\" \/>\n<meta property=\"og:image\" content=\"https:\/\/www.korn-consult.com\/wp-content\/uploads\/2026\/04\/logo-kornconsult.png\" \/>\n\t<meta property=\"og:image:width\" content=\"1201\" \/>\n\t<meta property=\"og:image:height\" content=\"631\" \/>\n\t<meta property=\"og:image:type\" content=\"image\/png\" \/>\n<meta name=\"twitter:card\" content=\"summary_large_image\" \/>\n<script type=\"application\/ld+json\" class=\"yoast-schema-graph\">{\"@context\":\"https:\/\/schema.org\",\"@graph\":[{\"@type\":\"WebPage\",\"@id\":\"https:\/\/www.korn-consult.com\/es\/home\/\",\"url\":\"https:\/\/www.korn-consult.com\/es\/home\/\",\"name\":\"Inicio - KORN CONSULT GROUP\",\"isPartOf\":{\"@id\":\"https:\/\/www.korn-consult.com\/#website\"},\"datePublished\":\"2025-07-07T08:32:39+00:00\",\"dateModified\":\"2025-11-10T06:37:01+00:00\",\"breadcrumb\":{\"@id\":\"https:\/\/www.korn-consult.com\/es\/home\/#breadcrumb\"},\"inLanguage\":\"es\",\"potentialAction\":[{\"@type\":\"ReadAction\",\"target\":[\"https:\/\/www.korn-consult.com\/es\/home\/\"]}]},{\"@type\":\"BreadcrumbList\",\"@id\":\"https:\/\/www.korn-consult.com\/es\/home\/#breadcrumb\",\"itemListElement\":[{\"@type\":\"ListItem\",\"position\":1,\"name\":\"Home\",\"item\":\"https:\/\/www.korn-consult.com\/es\/home\/\"},{\"@type\":\"ListItem\",\"position\":2,\"name\":\"Inicio\"}]},{\"@type\":\"WebSite\",\"@id\":\"https:\/\/www.korn-consult.com\/#website\",\"url\":\"https:\/\/www.korn-consult.com\/\",\"name\":\"Korn Consult Group\",\"description\":\"\",\"publisher\":{\"@id\":\"https:\/\/www.korn-consult.com\/#organization\"},\"potentialAction\":[{\"@type\":\"SearchAction\",\"target\":{\"@type\":\"EntryPoint\",\"urlTemplate\":\"https:\/\/www.korn-consult.com\/?s={search_term_string}\"},\"query-input\":{\"@type\":\"PropertyValueSpecification\",\"valueRequired\":true,\"valueName\":\"search_term_string\"}}],\"inLanguage\":\"es\"},{\"@type\":\"Organization\",\"@id\":\"https:\/\/www.korn-consult.com\/#organization\",\"name\":\"Korn Consult\",\"url\":\"https:\/\/www.korn-consult.com\/\",\"logo\":{\"@type\":\"ImageObject\",\"inLanguage\":\"es\",\"@id\":\"https:\/\/www.korn-consult.com\/#\/schema\/logo\/image\/\",\"url\":\"https:\/\/www.korn-consult.com\/wp-content\/uploads\/2026\/04\/logo-kornconsult.png\",\"contentUrl\":\"https:\/\/www.korn-consult.com\/wp-content\/uploads\/2026\/04\/logo-kornconsult.png\",\"width\":1201,\"height\":631,\"caption\":\"Korn Consult\"},\"image\":{\"@id\":\"https:\/\/www.korn-consult.com\/#\/schema\/logo\/image\/\"}}]}<\/script>\n<!-- \/ Yoast SEO plugin. -->","yoast_head_json":{"title":"Inicio - KORN CONSULT GROUP","robots":{"index":"index","follow":"follow","max-snippet":"max-snippet:-1","max-image-preview":"max-image-preview:large","max-video-preview":"max-video-preview:-1"},"canonical":"https:\/\/www.korn-consult.com\/es\/home\/","og_locale":"es_ES","og_type":"article","og_title":"Inicio - KORN CONSULT GROUP","og_url":"https:\/\/www.korn-consult.com\/es\/home\/","og_site_name":"KORN CONSULT GROUP","article_modified_time":"2025-11-10T06:37:01+00:00","og_image":[{"width":1201,"height":631,"url":"https:\/\/www.korn-consult.com\/wp-content\/uploads\/2026\/04\/logo-kornconsult.png","type":"image\/png"}],"twitter_card":"summary_large_image","schema":{"@context":"https:\/\/schema.org","@graph":[{"@type":"WebPage","@id":"https:\/\/www.korn-consult.com\/es\/home\/","url":"https:\/\/www.korn-consult.com\/es\/home\/","name":"Inicio - KORN CONSULT GROUP","isPartOf":{"@id":"https:\/\/www.korn-consult.com\/#website"},"datePublished":"2025-07-07T08:32:39+00:00","dateModified":"2025-11-10T06:37:01+00:00","breadcrumb":{"@id":"https:\/\/www.korn-consult.com\/es\/home\/#breadcrumb"},"inLanguage":"es","potentialAction":[{"@type":"ReadAction","target":["https:\/\/www.korn-consult.com\/es\/home\/"]}]},{"@type":"BreadcrumbList","@id":"https:\/\/www.korn-consult.com\/es\/home\/#breadcrumb","itemListElement":[{"@type":"ListItem","position":1,"name":"Home","item":"https:\/\/www.korn-consult.com\/es\/home\/"},{"@type":"ListItem","position":2,"name":"Inicio"}]},{"@type":"WebSite","@id":"https:\/\/www.korn-consult.com\/#website","url":"https:\/\/www.korn-consult.com\/","name":"Korn Consult Group","description":"","publisher":{"@id":"https:\/\/www.korn-consult.com\/#organization"},"potentialAction":[{"@type":"SearchAction","target":{"@type":"EntryPoint","urlTemplate":"https:\/\/www.korn-consult.com\/?s={search_term_string}"},"query-input":{"@type":"PropertyValueSpecification","valueRequired":true,"valueName":"search_term_string"}}],"inLanguage":"es"},{"@type":"Organization","@id":"https:\/\/www.korn-consult.com\/#organization","name":"Korn Consult","url":"https:\/\/www.korn-consult.com\/","logo":{"@type":"ImageObject","inLanguage":"es","@id":"https:\/\/www.korn-consult.com\/#\/schema\/logo\/image\/","url":"https:\/\/www.korn-consult.com\/wp-content\/uploads\/2026\/04\/logo-kornconsult.png","contentUrl":"https:\/\/www.korn-consult.com\/wp-content\/uploads\/2026\/04\/logo-kornconsult.png","width":1201,"height":631,"caption":"Korn Consult"},"image":{"@id":"https:\/\/www.korn-consult.com\/#\/schema\/logo\/image\/"}}]}},"_links":{"self":[{"href":"https:\/\/www.korn-consult.com\/es\/wp-json\/wp\/v2\/pages\/1112","targetHints":{"allow":["GET"]}}],"collection":[{"href":"https:\/\/www.korn-consult.com\/es\/wp-json\/wp\/v2\/pages"}],"about":[{"href":"https:\/\/www.korn-consult.com\/es\/wp-json\/wp\/v2\/types\/page"}],"author":[{"embeddable":true,"href":"https:\/\/www.korn-consult.com\/es\/wp-json\/wp\/v2\/users\/1"}],"replies":[{"embeddable":true,"href":"https:\/\/www.korn-consult.com\/es\/wp-json\/wp\/v2\/comments?post=1112"}],"version-history":[{"count":16,"href":"https:\/\/www.korn-consult.com\/es\/wp-json\/wp\/v2\/pages\/1112\/revisions"}],"predecessor-version":[{"id":2998,"href":"https:\/\/www.korn-consult.com\/es\/wp-json\/wp\/v2\/pages\/1112\/revisions\/2998"}],"wp:attachment":[{"href":"https:\/\/www.korn-consult.com\/es\/wp-json\/wp\/v2\/media?parent=1112"}],"curies":[{"name":"wp","href":"https:\/\/api.w.org\/{rel}","templated":true}]}}