{"id":1125,"date":"2025-07-11T15:47:43","date_gmt":"2025-07-11T13:47:43","guid":{"rendered":"https:\/\/dev.diescouts.de\/korn-consult\/industries\/automotive-industry\/"},"modified":"2025-10-30T20:47:18","modified_gmt":"2025-10-30T19:47:18","slug":"automotive-industry","status":"publish","type":"page","link":"https:\/\/www.korn-consult.com\/es\/industries\/automotive-industry\/","title":{"rendered":"Industria Automotriz"},"content":{"rendered":"\n<section id=\"headline-text-block_6b8fe78b0674c9b432064f55a9829c96\" class=\"block-headline-text\">\n    <div class=\"container\">\n        <div class=\"row\">\n            \n                            <div class=\"col-md-8\">\n                    <h1><strong>Impulsando<\/strong> la Transformaci\u00f3n Automotriz:<\/h1>\n<p>&nbsp;<\/p>\n<article class=\"text-token-text-primary w-full focus:outline-none scroll-mt-[calc(var(--header-height)+min(200px,max(70px,20svh)))]\" dir=\"auto\" data-turn-id=\"request-WEB:805958d1-9d0f-4878-a07e-71e7ce5a6eb8-3\" data-testid=\"conversation-turn-8\" data-scroll-anchor=\"true\" data-turn=\"assistant\">\n<div class=\"text-base my-auto mx-auto pb-10 [--thread-content-margin:--spacing(4)] @[37rem]:[--thread-content-margin:--spacing(6)] @[72rem]:[--thread-content-margin:--spacing(16)] px-(--thread-content-margin)\">\n<div class=\"[--thread-content-max-width:32rem] @[34rem]:[--thread-content-max-width:40rem] @[64rem]:[--thread-content-max-width:48rem] mx-auto max-w-(--thread-content-max-width) flex-1 group\/turn-messages focus-visible:outline-hidden relative flex w-full min-w-0 flex-col agent-turn\">\n<div class=\"flex max-w-full flex-col grow\">\n<div class=\"min-h-8 text-message relative flex w-full flex-col items-end gap-2 text-start break-words whitespace-normal [.text-message+&amp;]:mt-5\" dir=\"auto\" data-message-author-role=\"assistant\" data-message-id=\"dc6ff33b-ca40-4c8a-8d8d-0a82e96241d2\" data-message-model-slug=\"gpt-5-mini\">\n<div class=\"flex w-full flex-col gap-1 empty:hidden first:pt-[3px]\">\n<div class=\"markdown prose dark:prose-invert w-full break-words dark markdown-new-styling\">\n<h3 data-start=\"0\" data-end=\"55\">Consultor\u00eda Experta para un Futuro Digital y Sostenible<\/h3>\n<\/div>\n<\/div>\n<\/div>\n<\/div>\n<div class=\"flex min-h-[46px] justify-start\"><\/div>\n<div class=\"mt-3 w-full empty:hidden\">\n<div class=\"text-center\"><\/div>\n<\/div>\n<\/div>\n<\/div>\n<\/article>\n<div class=\"pointer-events-none h-px w-px\" aria-hidden=\"true\" data-edge=\"true\"><\/div>\n                <\/div>\n                    <\/div>\n        <div class=\"row\">\n                            <div class=\"col-md-8 offset-md-2\">\n                    <div class=\"text\"><p>A medida que la industria automotriz experimenta una transformaci\u00f3n significativa, las empresas deben adaptarse a las tecnolog\u00edas emergentes, a las demandas cambiantes de los consumidores y a regulaciones ambientales m\u00e1s estrictas. Con la electrificaci\u00f3n de los veh\u00edculos, la conducci\u00f3n aut\u00f3noma y las innovaciones en conectividad que est\u00e1n remodelando la cadena de valor, los fabricantes de equipos originales (OEM) y los proveedores automotrices deben adoptar la digitalizaci\u00f3n y optimizar sus operaciones para mantenerse competitivos y aprovechar nuevas oportunidades de mercado.<\/p>\n<\/div>\n                <\/div>\n                                <\/div>\n    <\/div>\n<\/section>\n\n\n<section id=\"hero-block_786f317661ec2a946cbe0f14dbcf4d68\" class=\"block-hero\">\n                    <img decoding=\"async\" src=\"https:\/\/www.korn-consult.com\/wp-content\/uploads\/2025\/07\/automotive_frei_07.jpg\" alt=\"\" \/>\n    <\/section>\n\n\n<section id=\"headline-text-block_662908f767daa2ac929fc8b755047543\" class=\"block-headline-text\">\n    <div class=\"container\">\n        <div class=\"row\">\n            \n                    <\/div>\n        <div class=\"row\">\n                            <div class=\"col-md-8 offset-md-2\">\n                    <div class=\"text\"><p><strong>KORN CONSULT GROUP<\/strong> ofrece servicios de consultor\u00eda especializados para ayudar a las empresas automotrices a enfrentar estos cambios. Con d\u00e9cadas de experiencia en la industria, guiamos a fabricantes de equipos originales (OEM) y proveedores en la adopci\u00f3n de nuevas tecnolog\u00edas, la optimizaci\u00f3n de operaciones y la reorganizaci\u00f3n de las cadenas de valor para impulsar un crecimiento y una eficiencia sostenibles. Nuestra presencia global y nuestro historial comprobado nos permiten ayudar a los clientes a mantener una ventaja competitiva, garantizando al mismo tiempo el cumplimiento de las regulaciones ambientales y la adaptaci\u00f3n a los cambios del mercado.<\/p>\n<\/div>\n                <\/div>\n                                <\/div>\n    <\/div>\n<\/section>\n\n\n<section id=\"clients-block_376cc481f0a6c3dd9f852ea6e9ebef36\" class=\"block-clients\">\n    <div class=\"container\">\n        <div class=\"row\">\n            <div class=\"col-12\">\n                <h1>Algunos de nuestros <strong>clientes<\/strong>:<\/h1>\n<p>&nbsp;<\/p>\n            <\/div>\n        <\/div>\n\n                    <div class=\"row clients\">\n                                    <div class=\"col-4 col-md-3 col-lg-2\">\n                                                                            <img decoding=\"async\" src=\"https:\/\/www.korn-consult.com\/wp-content\/uploads\/2025\/07\/daimler.svg\" alt=\"\" \/>\n                                            <\/div>\n                                    <div class=\"col-4 col-md-3 col-lg-2\">\n                                                                            <img decoding=\"async\" src=\"https:\/\/www.korn-consult.com\/wp-content\/uploads\/2025\/07\/bmw_group.svg\" alt=\"\" \/>\n                                            <\/div>\n                                    <div class=\"col-4 col-md-3 col-lg-2\">\n                                                                            <img decoding=\"async\" src=\"https:\/\/www.korn-consult.com\/wp-content\/uploads\/2025\/07\/audi.svg\" alt=\"\" \/>\n                                            <\/div>\n                                    <div class=\"col-4 col-md-3 col-lg-2\">\n                                                                            <img decoding=\"async\" src=\"https:\/\/www.korn-consult.com\/wp-content\/uploads\/2025\/07\/volvo.svg\" alt=\"\" \/>\n                                            <\/div>\n                                    <div class=\"col-4 col-md-3 col-lg-2\">\n                                                                            <img decoding=\"async\" src=\"https:\/\/www.korn-consult.com\/wp-content\/uploads\/2025\/07\/porsche.svg\" alt=\"\" \/>\n                                            <\/div>\n                                    <div class=\"col-4 col-md-3 col-lg-2\">\n                                                                            <img decoding=\"async\" src=\"https:\/\/www.korn-consult.com\/wp-content\/uploads\/2025\/07\/varta.svg\" alt=\"\" \/>\n                                            <\/div>\n                                    <div class=\"col-4 col-md-3 col-lg-2\">\n                                                                            <img decoding=\"async\" src=\"https:\/\/www.korn-consult.com\/wp-content\/uploads\/2025\/07\/valeo.svg\" alt=\"\" \/>\n                                            <\/div>\n                                    <div class=\"col-4 col-md-3 col-lg-2\">\n                                                                            <img decoding=\"async\" src=\"https:\/\/www.korn-consult.com\/wp-content\/uploads\/2025\/07\/magna.svg\" alt=\"\" \/>\n                                            <\/div>\n                                    <div class=\"col-4 col-md-3 col-lg-2\">\n                                                                            <img decoding=\"async\" src=\"https:\/\/www.korn-consult.com\/wp-content\/uploads\/2025\/07\/alcon.svg\" alt=\"\" \/>\n                                            <\/div>\n                                    <div class=\"col-4 col-md-3 col-lg-2\">\n                                                                            <img decoding=\"async\" src=\"https:\/\/www.korn-consult.com\/wp-content\/uploads\/2025\/07\/catl.svg\" alt=\"\" \/>\n                                            <\/div>\n                                    <div class=\"col-4 col-md-3 col-lg-2\">\n                                                                            <img decoding=\"async\" src=\"https:\/\/www.korn-consult.com\/wp-content\/uploads\/2025\/07\/autoliv.svg\" alt=\"\" \/>\n                                            <\/div>\n                                    <div class=\"col-4 col-md-3 col-lg-2\">\n                                                                            <img decoding=\"async\" src=\"https:\/\/www.korn-consult.com\/wp-content\/uploads\/2025\/07\/huawei.svg\" alt=\"\" \/>\n                                            <\/div>\n                            <\/div>\n            <\/div>\n<\/section>\n\n\n<section id=\"cta-block_944a02cd95115ff565af2fe2e7f4c2e5\" class=\"block-cta text-center orange\">\n    <div class=\"container\">\n        <div class=\"row\">\n            <div class=\"col-md-8 offset-md-2\">\n                <h3 class=\"h2\">\u00a1Pong\u00e1monos en contacto!<\/h3>\n                <h2 class=\"h1\"><h1>\u00a1Convierte los desaf\u00edos en oportunidades!<\/h1>\n<h2><strong>Te guiaremos con experiencia probada.<\/strong><\/h2>\n<\/h2>\n                                                    <a href=\"https:\/\/www.korn-consult.com\/es\/contact\/\" target=\"\" class=\"btn\">Cont\u00e1ctenos<\/a>\n                            <\/div>\n        <\/div>\n    <\/div>\n\n<\/section>\n\n\n<section id=\"industries-block_27024d0a2499ff68de644fe5ad1ea937\" class=\"block-industries\">\n        <div class=\"container\">\n            <div class=\"row\">\n                <div class=\"col-md-8 offset-md-2\">\n                    <div class=\"h3b text-center\">Otras industrias<\/div>\n                    <nav class=\"industries-nav\">\n                        <ul>\n                                                            <li >\n                                    <a href=\"https:\/\/www.korn-consult.com\/es\/industries\/automotive-industry\/\">\n                                        <span class=\"h2b\">Industria Automotriz<\/span>\n                                        <span class=\"more\">m\u00e1s<\/span>\n                                    <\/a>\n                                <\/li>\n                                                            <li >\n                                    <a href=\"https:\/\/www.korn-consult.com\/es\/industries\/mechanical-engineering\/\">\n                                        <span class=\"h2b\">Ingenier\u00eda Mec\u00e1nica<\/span>\n                                        <span class=\"more\">m\u00e1s<\/span>\n                                    <\/a>\n                                <\/li>\n                                                            <li >\n                                    <a href=\"https:\/\/www.korn-consult.com\/es\/industries\/industry\/\">\n                                        <span class=\"h2b\">Industrias del Metal, del Acero y El\u00e9ctrica<\/span>\n                                        <span class=\"more\">m\u00e1s<\/span>\n                                    <\/a>\n                                <\/li>\n                                                            <li >\n                                    <a href=\"https:\/\/www.korn-consult.com\/es\/industries\/chemical-industry\/\">\n                                        <span class=\"h2b\">Industria Qu\u00edmica<\/span>\n                                        <span class=\"more\">m\u00e1s<\/span>\n                                    <\/a>\n                                <\/li>\n                                                            <li >\n                                    <a href=\"https:\/\/www.korn-consult.com\/es\/industries\/medical-care\/\">\n                                        <span class=\"h2b\">Cuidado M\u00e9dico<\/span>\n                                        <span class=\"more\">m\u00e1s<\/span>\n                                    <\/a>\n                                <\/li>\n                                                    <\/ul>\n                    <\/nav>\n                <\/div>\n            <\/div>\n        <\/div>\n    \n<\/section>","protected":false},"excerpt":{"rendered":"","protected":false},"author":1,"featured_media":0,"parent":1117,"menu_order":0,"comment_status":"closed","ping_status":"closed","template":"","meta":{"_acf_changed":false,"footnotes":""},"class_list":["post-1125","page","type-page","status-publish","hentry"],"acf":[],"yoast_head":"<!-- This site is optimized with the Yoast SEO plugin v26.3 - https:\/\/yoast.com\/wordpress\/plugins\/seo\/ -->\n<title>Industria Automotriz - KORN CONSULT GROUP<\/title>\n<meta name=\"robots\" content=\"index, follow, max-snippet:-1, max-image-preview:large, max-video-preview:-1\" \/>\n<link rel=\"canonical\" href=\"https:\/\/www.korn-consult.com\/es\/industries\/automotive-industry\/\" \/>\n<meta property=\"og:locale\" content=\"es_ES\" \/>\n<meta property=\"og:type\" content=\"article\" \/>\n<meta property=\"og:title\" content=\"Industria Automotriz - KORN CONSULT GROUP\" \/>\n<meta property=\"og:url\" content=\"https:\/\/www.korn-consult.com\/es\/industries\/automotive-industry\/\" \/>\n<meta property=\"og:site_name\" content=\"KORN CONSULT GROUP\" \/>\n<meta property=\"article:modified_time\" content=\"2025-10-30T19:47:18+00:00\" \/>\n<meta property=\"og:image\" content=\"https:\/\/www.korn-consult.com\/wp-content\/uploads\/2026\/04\/logo-kornconsult.png\" \/>\n\t<meta property=\"og:image:width\" content=\"1201\" \/>\n\t<meta property=\"og:image:height\" content=\"631\" \/>\n\t<meta property=\"og:image:type\" content=\"image\/png\" \/>\n<meta name=\"twitter:card\" content=\"summary_large_image\" \/>\n<script type=\"application\/ld+json\" class=\"yoast-schema-graph\">{\"@context\":\"https:\/\/schema.org\",\"@graph\":[{\"@type\":\"WebPage\",\"@id\":\"https:\/\/www.korn-consult.com\/es\/industries\/automotive-industry\/\",\"url\":\"https:\/\/www.korn-consult.com\/es\/industries\/automotive-industry\/\",\"name\":\"Industria Automotriz - KORN CONSULT GROUP\",\"isPartOf\":{\"@id\":\"https:\/\/www.korn-consult.com\/#website\"},\"datePublished\":\"2025-07-11T13:47:43+00:00\",\"dateModified\":\"2025-10-30T19:47:18+00:00\",\"breadcrumb\":{\"@id\":\"https:\/\/www.korn-consult.com\/es\/industries\/automotive-industry\/#breadcrumb\"},\"inLanguage\":\"es\",\"potentialAction\":[{\"@type\":\"ReadAction\",\"target\":[\"https:\/\/www.korn-consult.com\/es\/industries\/automotive-industry\/\"]}]},{\"@type\":\"BreadcrumbList\",\"@id\":\"https:\/\/www.korn-consult.com\/es\/industries\/automotive-industry\/#breadcrumb\",\"itemListElement\":[{\"@type\":\"ListItem\",\"position\":1,\"name\":\"Home\",\"item\":\"https:\/\/www.korn-consult.com\/es\/home\/\"},{\"@type\":\"ListItem\",\"position\":2,\"name\":\"Experiencia\",\"item\":\"https:\/\/www.korn-consult.com\/es\/industries\/\"},{\"@type\":\"ListItem\",\"position\":3,\"name\":\"Industria Automotriz\"}]},{\"@type\":\"WebSite\",\"@id\":\"https:\/\/www.korn-consult.com\/#website\",\"url\":\"https:\/\/www.korn-consult.com\/\",\"name\":\"Korn Consult Group\",\"description\":\"\",\"publisher\":{\"@id\":\"https:\/\/www.korn-consult.com\/#organization\"},\"potentialAction\":[{\"@type\":\"SearchAction\",\"target\":{\"@type\":\"EntryPoint\",\"urlTemplate\":\"https:\/\/www.korn-consult.com\/?s={search_term_string}\"},\"query-input\":{\"@type\":\"PropertyValueSpecification\",\"valueRequired\":true,\"valueName\":\"search_term_string\"}}],\"inLanguage\":\"es\"},{\"@type\":\"Organization\",\"@id\":\"https:\/\/www.korn-consult.com\/#organization\",\"name\":\"Korn Consult\",\"url\":\"https:\/\/www.korn-consult.com\/\",\"logo\":{\"@type\":\"ImageObject\",\"inLanguage\":\"es\",\"@id\":\"https:\/\/www.korn-consult.com\/#\/schema\/logo\/image\/\",\"url\":\"https:\/\/www.korn-consult.com\/wp-content\/uploads\/2026\/04\/logo-kornconsult.png\",\"contentUrl\":\"https:\/\/www.korn-consult.com\/wp-content\/uploads\/2026\/04\/logo-kornconsult.png\",\"width\":1201,\"height\":631,\"caption\":\"Korn Consult\"},\"image\":{\"@id\":\"https:\/\/www.korn-consult.com\/#\/schema\/logo\/image\/\"}}]}<\/script>\n<!-- \/ Yoast SEO plugin. -->","yoast_head_json":{"title":"Industria Automotriz - KORN CONSULT GROUP","robots":{"index":"index","follow":"follow","max-snippet":"max-snippet:-1","max-image-preview":"max-image-preview:large","max-video-preview":"max-video-preview:-1"},"canonical":"https:\/\/www.korn-consult.com\/es\/industries\/automotive-industry\/","og_locale":"es_ES","og_type":"article","og_title":"Industria Automotriz - KORN CONSULT GROUP","og_url":"https:\/\/www.korn-consult.com\/es\/industries\/automotive-industry\/","og_site_name":"KORN CONSULT GROUP","article_modified_time":"2025-10-30T19:47:18+00:00","og_image":[{"width":1201,"height":631,"url":"https:\/\/www.korn-consult.com\/wp-content\/uploads\/2026\/04\/logo-kornconsult.png","type":"image\/png"}],"twitter_card":"summary_large_image","schema":{"@context":"https:\/\/schema.org","@graph":[{"@type":"WebPage","@id":"https:\/\/www.korn-consult.com\/es\/industries\/automotive-industry\/","url":"https:\/\/www.korn-consult.com\/es\/industries\/automotive-industry\/","name":"Industria Automotriz - KORN CONSULT GROUP","isPartOf":{"@id":"https:\/\/www.korn-consult.com\/#website"},"datePublished":"2025-07-11T13:47:43+00:00","dateModified":"2025-10-30T19:47:18+00:00","breadcrumb":{"@id":"https:\/\/www.korn-consult.com\/es\/industries\/automotive-industry\/#breadcrumb"},"inLanguage":"es","potentialAction":[{"@type":"ReadAction","target":["https:\/\/www.korn-consult.com\/es\/industries\/automotive-industry\/"]}]},{"@type":"BreadcrumbList","@id":"https:\/\/www.korn-consult.com\/es\/industries\/automotive-industry\/#breadcrumb","itemListElement":[{"@type":"ListItem","position":1,"name":"Home","item":"https:\/\/www.korn-consult.com\/es\/home\/"},{"@type":"ListItem","position":2,"name":"Experiencia","item":"https:\/\/www.korn-consult.com\/es\/industries\/"},{"@type":"ListItem","position":3,"name":"Industria Automotriz"}]},{"@type":"WebSite","@id":"https:\/\/www.korn-consult.com\/#website","url":"https:\/\/www.korn-consult.com\/","name":"Korn Consult Group","description":"","publisher":{"@id":"https:\/\/www.korn-consult.com\/#organization"},"potentialAction":[{"@type":"SearchAction","target":{"@type":"EntryPoint","urlTemplate":"https:\/\/www.korn-consult.com\/?s={search_term_string}"},"query-input":{"@type":"PropertyValueSpecification","valueRequired":true,"valueName":"search_term_string"}}],"inLanguage":"es"},{"@type":"Organization","@id":"https:\/\/www.korn-consult.com\/#organization","name":"Korn Consult","url":"https:\/\/www.korn-consult.com\/","logo":{"@type":"ImageObject","inLanguage":"es","@id":"https:\/\/www.korn-consult.com\/#\/schema\/logo\/image\/","url":"https:\/\/www.korn-consult.com\/wp-content\/uploads\/2026\/04\/logo-kornconsult.png","contentUrl":"https:\/\/www.korn-consult.com\/wp-content\/uploads\/2026\/04\/logo-kornconsult.png","width":1201,"height":631,"caption":"Korn Consult"},"image":{"@id":"https:\/\/www.korn-consult.com\/#\/schema\/logo\/image\/"}}]}},"_links":{"self":[{"href":"https:\/\/www.korn-consult.com\/es\/wp-json\/wp\/v2\/pages\/1125","targetHints":{"allow":["GET"]}}],"collection":[{"href":"https:\/\/www.korn-consult.com\/es\/wp-json\/wp\/v2\/pages"}],"about":[{"href":"https:\/\/www.korn-consult.com\/es\/wp-json\/wp\/v2\/types\/page"}],"author":[{"embeddable":true,"href":"https:\/\/www.korn-consult.com\/es\/wp-json\/wp\/v2\/users\/1"}],"replies":[{"embeddable":true,"href":"https:\/\/www.korn-consult.com\/es\/wp-json\/wp\/v2\/comments?post=1125"}],"version-history":[{"count":8,"href":"https:\/\/www.korn-consult.com\/es\/wp-json\/wp\/v2\/pages\/1125\/revisions"}],"predecessor-version":[{"id":2818,"href":"https:\/\/www.korn-consult.com\/es\/wp-json\/wp\/v2\/pages\/1125\/revisions\/2818"}],"up":[{"embeddable":true,"href":"https:\/\/www.korn-consult.com\/es\/wp-json\/wp\/v2\/pages\/1117"}],"wp:attachment":[{"href":"https:\/\/www.korn-consult.com\/es\/wp-json\/wp\/v2\/media?parent=1125"}],"curies":[{"name":"wp","href":"https:\/\/api.w.org\/{rel}","templated":true}]}}