{"id":1133,"date":"2025-07-11T15:47:43","date_gmt":"2025-07-11T13:47:43","guid":{"rendered":"https:\/\/dev.diescouts.de\/korn-consult\/industries\/industry\/"},"modified":"2025-10-08T14:05:39","modified_gmt":"2025-10-08T12:05:39","slug":"industry","status":"publish","type":"page","link":"https:\/\/www.korn-consult.com\/es\/industries\/industry\/","title":{"rendered":"Industrias del Metal, del Acero y El\u00e9ctrica"},"content":{"rendered":"\n<section id=\"headline-text-block_e5c7d554448805e528784dba24160ad4\" class=\"block-headline-text\">\n    <div class=\"container\">\n        <div class=\"row\">\n            \n                            <div class=\"col-md-8\">\n                    <h1><strong>Impulsando <\/strong>Precisi\u00f3n y Rendimiento<\/h1>\n<article class=\"text-token-text-primary w-full focus:outline-none scroll-mt-(--header-height)\" dir=\"auto\" data-turn-id=\"380c968a-feb2-4d90-b4f5-4f0dc3e989d0\" data-testid=\"conversation-turn-1\" data-scroll-anchor=\"false\" data-turn=\"user\"><\/article>\n<h2><\/h2>\n<h2>En las Industrias del Metal, Acero y El\u00e9ctrica<\/h2>\n<h2><\/h2>\n                <\/div>\n                    <\/div>\n        <div class=\"row\">\n                            <div class=\"col-md-8 offset-md-2\">\n                    <div class=\"text\"><p data-start=\"0\" data-end=\"278\">Atendiendo a las industrias del metal, acero y el\u00e9ctrica, apoyamos a nuestros clientes a lo largo de toda la cadena de valor, desde la obtenci\u00f3n de materias primas y la optimizaci\u00f3n de la producci\u00f3n hasta el aseguramiento de la calidad y la gesti\u00f3n de la cadena de suministro.<\/p>\n<p data-start=\"280\" data-end=\"682\" data-is-last-node=\"\" data-is-only-node=\"\">En el sector del metal y acero, ofrecemos consultor\u00eda pr\u00e1ctica para la mejora de procesos, manufactura esbelta (lean manufacturing) y gesti\u00f3n de calidad basada en Six Sigma. Nuestro equipo cuenta con amplia experiencia en fundiciones, laminadores y operaciones de metalurgia, lo que nos permite identificar ineficiencias, reducir desperdicios y aumentar la productividad en entornos altamente t\u00e9cnicos.<\/p>\n<\/div>\n                <\/div>\n                                <\/div>\n    <\/div>\n<\/section>\n\n\n<section id=\"hero-block_8bed689606edd32508062cedf98faa5e\" class=\"block-hero\">\n                    <img decoding=\"async\" src=\"https:\/\/www.korn-consult.com\/wp-content\/uploads\/2025\/07\/industrie_frei_01_-1.jpg\" alt=\"\" \/>\n    <\/section>\n\n\n<section id=\"headline-text-block_4fe338bccd03f653d8c0be8d6a1ec1be\" class=\"block-headline-text\">\n    <div class=\"container\">\n        <div class=\"row\">\n            \n                    <\/div>\n        <div class=\"row\">\n                            <div class=\"col-md-8 offset-md-2\">\n                    <div class=\"text\"><p data-start=\"0\" data-end=\"364\">En la industria el\u00e9ctrica, asesoramos a los fabricantes de componentes, sistemas y dispositivos sobre las mejores pr\u00e1cticas en desarrollo de productos, gesti\u00f3n de proveedores y cumplimiento normativo. Nuestros consultores cuentan con amplio conocimiento en temas como movilidad el\u00e9ctrica, integraci\u00f3n de Industria 4.0 y sistemas de producci\u00f3n de alta fiabilidad.<\/p>\n<p data-start=\"366\" data-end=\"616\" data-is-last-node=\"\" data-is-only-node=\"\">Con un fuerte enfoque en la excelencia operativa, la optimizaci\u00f3n de la cadena de suministro y la transformaci\u00f3n digital, <strong>KORN CONSULT GROUP<\/strong> ofrece resultados medibles que impulsan el \u00e9xito a largo plazo de las empresas industriales en todo el mundo.<\/p>\n<\/div>\n                <\/div>\n                                <\/div>\n    <\/div>\n<\/section>\n\n\n<section id=\"cta-block_c90320fef86da22180481705b123ed34\" class=\"block-cta text-center orange\">\n    <div class=\"container\">\n        <div class=\"row\">\n            <div class=\"col-md-8 offset-md-2\">\n                <h3 class=\"h2\">\u00a1Pong\u00e1monos en contacto!<\/h3>\n                <h2 class=\"h1\"><h1>\u00a1Convierte los desaf\u00edos en oportunidades!<\/h1>\n<h2><strong>Te guiaremos con experiencia probada.<\/strong><\/h2>\n<\/h2>\n                                                    <a href=\"https:\/\/www.korn-consult.com\/es\/contact\/\" target=\"\" class=\"btn\">Cont\u00e1ctenos<\/a>\n                            <\/div>\n        <\/div>\n    <\/div>\n\n<\/section>\n\n\n<section id=\"industries-block_c8d3eb72b73de812f78c29476d2a931a\" class=\"block-industries\">\n        <div class=\"container\">\n            <div class=\"row\">\n                <div class=\"col-md-8 offset-md-2\">\n                    <div class=\"h3b text-center\">Otras industrias<\/div>\n                    <nav class=\"industries-nav\">\n                        <ul>\n                                                            <li >\n                                    <a href=\"https:\/\/www.korn-consult.com\/es\/industries\/automotive-industry\/\">\n                                        <span class=\"h2b\">Industria Automotriz<\/span>\n                                        <span class=\"more\">m\u00e1s<\/span>\n                                    <\/a>\n                                <\/li>\n                                                            <li >\n                                    <a href=\"https:\/\/www.korn-consult.com\/es\/industries\/mechanical-engineering\/\">\n                                        <span class=\"h2b\">Ingenier\u00eda Mec\u00e1nica<\/span>\n                                        <span class=\"more\">m\u00e1s<\/span>\n                                    <\/a>\n                                <\/li>\n                                                            <li >\n                                    <a href=\"https:\/\/www.korn-consult.com\/es\/industries\/industry\/\">\n                                        <span class=\"h2b\">Industrias del Metal, del Acero y El\u00e9ctrica<\/span>\n                                        <span class=\"more\">m\u00e1s<\/span>\n                                    <\/a>\n                                <\/li>\n                                                            <li >\n                                    <a href=\"https:\/\/www.korn-consult.com\/es\/industries\/chemical-industry\/\">\n                                        <span class=\"h2b\">Industria Qu\u00edmica<\/span>\n                                        <span class=\"more\">m\u00e1s<\/span>\n                                    <\/a>\n                                <\/li>\n                                                            <li >\n                                    <a href=\"https:\/\/www.korn-consult.com\/es\/industries\/medical-care\/\">\n                                        <span class=\"h2b\">Cuidado M\u00e9dico<\/span>\n                                        <span class=\"more\">m\u00e1s<\/span>\n                                    <\/a>\n                                <\/li>\n                                                    <\/ul>\n                    <\/nav>\n                <\/div>\n            <\/div>\n        <\/div>\n    \n<\/section>","protected":false},"excerpt":{"rendered":"","protected":false},"author":1,"featured_media":0,"parent":1117,"menu_order":3,"comment_status":"closed","ping_status":"closed","template":"","meta":{"_acf_changed":false,"footnotes":""},"class_list":["post-1133","page","type-page","status-publish","hentry"],"acf":[],"yoast_head":"<!-- This site is optimized with the Yoast SEO plugin v26.3 - https:\/\/yoast.com\/wordpress\/plugins\/seo\/ -->\n<title>Industrias del Metal, del Acero y El\u00e9ctrica - KORN CONSULT GROUP<\/title>\n<meta name=\"robots\" content=\"index, follow, max-snippet:-1, max-image-preview:large, max-video-preview:-1\" \/>\n<link rel=\"canonical\" href=\"https:\/\/www.korn-consult.com\/es\/industries\/industry\/\" \/>\n<meta property=\"og:locale\" content=\"es_ES\" \/>\n<meta property=\"og:type\" content=\"article\" \/>\n<meta property=\"og:title\" content=\"Industrias del Metal, del Acero y El\u00e9ctrica - KORN CONSULT GROUP\" \/>\n<meta property=\"og:url\" content=\"https:\/\/www.korn-consult.com\/es\/industries\/industry\/\" \/>\n<meta property=\"og:site_name\" content=\"KORN CONSULT GROUP\" \/>\n<meta property=\"article:modified_time\" content=\"2025-10-08T12:05:39+00:00\" \/>\n<meta property=\"og:image\" content=\"https:\/\/www.korn-consult.com\/wp-content\/uploads\/2026\/04\/logo-kornconsult.png\" \/>\n\t<meta property=\"og:image:width\" content=\"1201\" \/>\n\t<meta property=\"og:image:height\" content=\"631\" \/>\n\t<meta property=\"og:image:type\" content=\"image\/png\" \/>\n<meta name=\"twitter:card\" content=\"summary_large_image\" \/>\n<script type=\"application\/ld+json\" class=\"yoast-schema-graph\">{\"@context\":\"https:\/\/schema.org\",\"@graph\":[{\"@type\":\"WebPage\",\"@id\":\"https:\/\/www.korn-consult.com\/es\/industries\/industry\/\",\"url\":\"https:\/\/www.korn-consult.com\/es\/industries\/industry\/\",\"name\":\"Industrias del Metal, del Acero y El\u00e9ctrica - KORN CONSULT GROUP\",\"isPartOf\":{\"@id\":\"https:\/\/www.korn-consult.com\/#website\"},\"datePublished\":\"2025-07-11T13:47:43+00:00\",\"dateModified\":\"2025-10-08T12:05:39+00:00\",\"breadcrumb\":{\"@id\":\"https:\/\/www.korn-consult.com\/es\/industries\/industry\/#breadcrumb\"},\"inLanguage\":\"es\",\"potentialAction\":[{\"@type\":\"ReadAction\",\"target\":[\"https:\/\/www.korn-consult.com\/es\/industries\/industry\/\"]}]},{\"@type\":\"BreadcrumbList\",\"@id\":\"https:\/\/www.korn-consult.com\/es\/industries\/industry\/#breadcrumb\",\"itemListElement\":[{\"@type\":\"ListItem\",\"position\":1,\"name\":\"Home\",\"item\":\"https:\/\/www.korn-consult.com\/es\/home\/\"},{\"@type\":\"ListItem\",\"position\":2,\"name\":\"Experiencia\",\"item\":\"https:\/\/www.korn-consult.com\/es\/industries\/\"},{\"@type\":\"ListItem\",\"position\":3,\"name\":\"Industrias del Metal, del Acero y El\u00e9ctrica\"}]},{\"@type\":\"WebSite\",\"@id\":\"https:\/\/www.korn-consult.com\/#website\",\"url\":\"https:\/\/www.korn-consult.com\/\",\"name\":\"Korn Consult Group\",\"description\":\"\",\"publisher\":{\"@id\":\"https:\/\/www.korn-consult.com\/#organization\"},\"potentialAction\":[{\"@type\":\"SearchAction\",\"target\":{\"@type\":\"EntryPoint\",\"urlTemplate\":\"https:\/\/www.korn-consult.com\/?s={search_term_string}\"},\"query-input\":{\"@type\":\"PropertyValueSpecification\",\"valueRequired\":true,\"valueName\":\"search_term_string\"}}],\"inLanguage\":\"es\"},{\"@type\":\"Organization\",\"@id\":\"https:\/\/www.korn-consult.com\/#organization\",\"name\":\"Korn Consult\",\"url\":\"https:\/\/www.korn-consult.com\/\",\"logo\":{\"@type\":\"ImageObject\",\"inLanguage\":\"es\",\"@id\":\"https:\/\/www.korn-consult.com\/#\/schema\/logo\/image\/\",\"url\":\"https:\/\/www.korn-consult.com\/wp-content\/uploads\/2026\/04\/logo-kornconsult.png\",\"contentUrl\":\"https:\/\/www.korn-consult.com\/wp-content\/uploads\/2026\/04\/logo-kornconsult.png\",\"width\":1201,\"height\":631,\"caption\":\"Korn Consult\"},\"image\":{\"@id\":\"https:\/\/www.korn-consult.com\/#\/schema\/logo\/image\/\"}}]}<\/script>\n<!-- \/ Yoast SEO plugin. -->","yoast_head_json":{"title":"Industrias del Metal, del Acero y El\u00e9ctrica - KORN CONSULT GROUP","robots":{"index":"index","follow":"follow","max-snippet":"max-snippet:-1","max-image-preview":"max-image-preview:large","max-video-preview":"max-video-preview:-1"},"canonical":"https:\/\/www.korn-consult.com\/es\/industries\/industry\/","og_locale":"es_ES","og_type":"article","og_title":"Industrias del Metal, del Acero y El\u00e9ctrica - KORN CONSULT GROUP","og_url":"https:\/\/www.korn-consult.com\/es\/industries\/industry\/","og_site_name":"KORN CONSULT GROUP","article_modified_time":"2025-10-08T12:05:39+00:00","og_image":[{"width":1201,"height":631,"url":"https:\/\/www.korn-consult.com\/wp-content\/uploads\/2026\/04\/logo-kornconsult.png","type":"image\/png"}],"twitter_card":"summary_large_image","schema":{"@context":"https:\/\/schema.org","@graph":[{"@type":"WebPage","@id":"https:\/\/www.korn-consult.com\/es\/industries\/industry\/","url":"https:\/\/www.korn-consult.com\/es\/industries\/industry\/","name":"Industrias del Metal, del Acero y El\u00e9ctrica - KORN CONSULT GROUP","isPartOf":{"@id":"https:\/\/www.korn-consult.com\/#website"},"datePublished":"2025-07-11T13:47:43+00:00","dateModified":"2025-10-08T12:05:39+00:00","breadcrumb":{"@id":"https:\/\/www.korn-consult.com\/es\/industries\/industry\/#breadcrumb"},"inLanguage":"es","potentialAction":[{"@type":"ReadAction","target":["https:\/\/www.korn-consult.com\/es\/industries\/industry\/"]}]},{"@type":"BreadcrumbList","@id":"https:\/\/www.korn-consult.com\/es\/industries\/industry\/#breadcrumb","itemListElement":[{"@type":"ListItem","position":1,"name":"Home","item":"https:\/\/www.korn-consult.com\/es\/home\/"},{"@type":"ListItem","position":2,"name":"Experiencia","item":"https:\/\/www.korn-consult.com\/es\/industries\/"},{"@type":"ListItem","position":3,"name":"Industrias del Metal, del Acero y El\u00e9ctrica"}]},{"@type":"WebSite","@id":"https:\/\/www.korn-consult.com\/#website","url":"https:\/\/www.korn-consult.com\/","name":"Korn Consult Group","description":"","publisher":{"@id":"https:\/\/www.korn-consult.com\/#organization"},"potentialAction":[{"@type":"SearchAction","target":{"@type":"EntryPoint","urlTemplate":"https:\/\/www.korn-consult.com\/?s={search_term_string}"},"query-input":{"@type":"PropertyValueSpecification","valueRequired":true,"valueName":"search_term_string"}}],"inLanguage":"es"},{"@type":"Organization","@id":"https:\/\/www.korn-consult.com\/#organization","name":"Korn Consult","url":"https:\/\/www.korn-consult.com\/","logo":{"@type":"ImageObject","inLanguage":"es","@id":"https:\/\/www.korn-consult.com\/#\/schema\/logo\/image\/","url":"https:\/\/www.korn-consult.com\/wp-content\/uploads\/2026\/04\/logo-kornconsult.png","contentUrl":"https:\/\/www.korn-consult.com\/wp-content\/uploads\/2026\/04\/logo-kornconsult.png","width":1201,"height":631,"caption":"Korn Consult"},"image":{"@id":"https:\/\/www.korn-consult.com\/#\/schema\/logo\/image\/"}}]}},"_links":{"self":[{"href":"https:\/\/www.korn-consult.com\/es\/wp-json\/wp\/v2\/pages\/1133","targetHints":{"allow":["GET"]}}],"collection":[{"href":"https:\/\/www.korn-consult.com\/es\/wp-json\/wp\/v2\/pages"}],"about":[{"href":"https:\/\/www.korn-consult.com\/es\/wp-json\/wp\/v2\/types\/page"}],"author":[{"embeddable":true,"href":"https:\/\/www.korn-consult.com\/es\/wp-json\/wp\/v2\/users\/1"}],"replies":[{"embeddable":true,"href":"https:\/\/www.korn-consult.com\/es\/wp-json\/wp\/v2\/comments?post=1133"}],"version-history":[{"count":4,"href":"https:\/\/www.korn-consult.com\/es\/wp-json\/wp\/v2\/pages\/1133\/revisions"}],"predecessor-version":[{"id":2030,"href":"https:\/\/www.korn-consult.com\/es\/wp-json\/wp\/v2\/pages\/1133\/revisions\/2030"}],"up":[{"embeddable":true,"href":"https:\/\/www.korn-consult.com\/es\/wp-json\/wp\/v2\/pages\/1117"}],"wp:attachment":[{"href":"https:\/\/www.korn-consult.com\/es\/wp-json\/wp\/v2\/media?parent=1133"}],"curies":[{"name":"wp","href":"https:\/\/api.w.org\/{rel}","templated":true}]}}