{"id":1137,"date":"2025-07-11T15:47:43","date_gmt":"2025-07-11T13:47:43","guid":{"rendered":"https:\/\/dev.diescouts.de\/korn-consult\/industries\/chemical-industry\/"},"modified":"2025-10-08T14:05:13","modified_gmt":"2025-10-08T12:05:13","slug":"chemical-industry","status":"publish","type":"page","link":"https:\/\/www.korn-consult.com\/es\/industries\/chemical-industry\/","title":{"rendered":"Industria Qu\u00edmica"},"content":{"rendered":"\n<section id=\"headline-text-block_67195ec6055e3a2f4be8899388e747dc\" class=\"block-headline-text\">\n    <div class=\"container\">\n        <div class=\"row\">\n            \n                            <div class=\"col-md-8\">\n                    <h1><strong>Transformando <\/strong>la Industria Qu\u00edmica<\/h1>\n<h2>Soluciones Inteligentes, Sostenibles y Cumplidas<\/h2>\n                <\/div>\n                    <\/div>\n        <div class=\"row\">\n                            <div class=\"col-md-8 offset-md-2\">\n                    <div class=\"text\"><\/div>\n                <\/div>\n                                <\/div>\n    <\/div>\n<\/section>\n\n\n<section id=\"hero-block_d5e3a6ec22afe0e4afd03d4ea374b250\" class=\"block-hero\">\n                    <img decoding=\"async\" src=\"https:\/\/www.korn-consult.com\/wp-content\/uploads\/2025\/07\/chemie_frei_01.jpg\" alt=\"\" \/>\n    <\/section>\n\n\n<section id=\"headline-text-block_3a938a7982ac47b8314b5cd24a663c82\" class=\"block-headline-text\">\n    <div class=\"container\">\n        <div class=\"row\">\n            \n                    <\/div>\n        <div class=\"row\">\n                            <div class=\"col-md-8 offset-md-2\">\n                    <div class=\"text\"><p data-start=\"0\" data-end=\"590\">La industria qu\u00edmica est\u00e1 experimentando una transformaci\u00f3n r\u00e1pida, impulsada por la globalizaci\u00f3n, los avances tecnol\u00f3gicos y las cambiantes demandas del mercado. Para mantenerse competitivas, las empresas deben adoptar la innovaci\u00f3n y actuar con rapidez. <strong>KORN CONSULT GROUP<\/strong> ofrece servicios de consultor\u00eda especializada para ayudar a las empresas qu\u00edmicas a enfrentar estos cambios, contando con un equipo global presente en Europa, \u00c1frica, Asia, Norteam\u00e9rica y Sudam\u00e9rica. Asistimos en la implementaci\u00f3n de medidas de calidad ISO y en el cumplimiento de los est\u00e1ndares de la industria.<\/p>\n<p data-start=\"592\" data-end=\"1050\" data-is-last-node=\"\" data-is-only-node=\"\">Nuestros consultores se especializan en digitalizaci\u00f3n, ayudando a las empresas a aprovechar la inteligencia artificial, el aprendizaje autom\u00e1tico y soluciones basadas en datos para optimizar procesos, mejorar la disponibilidad operativa y reducir costos. Apoyamos a las empresas en la adopci\u00f3n de pr\u00e1cticas sostenibles, convirtiendo los desaf\u00edos regulatorios en oportunidades y fomentando el crecimiento de ingresos en un mercado que evoluciona r\u00e1pidamente.<\/p>\n<\/div>\n                <\/div>\n                                <\/div>\n    <\/div>\n<\/section>\n\n\n<section id=\"cta-block_451ba6529d6f35d74db5e20179bc70ee\" class=\"block-cta text-center orange\">\n    <div class=\"container\">\n        <div class=\"row\">\n            <div class=\"col-md-8 offset-md-2\">\n                <h3 class=\"h2\">\u00a1Pong\u00e1monos en contacto!<\/h3>\n                <h2 class=\"h1\"><h1>\u00a1Convierte los desaf\u00edos en oportunidades!<\/h1>\n<h2>Te guiaremos con experiencia probada.<\/h2>\n<\/h2>\n                                                    <a href=\"https:\/\/www.korn-consult.com\/es\/contact\/\" target=\"\" class=\"btn\">Cont\u00e1ctenos<\/a>\n                            <\/div>\n        <\/div>\n    <\/div>\n\n<\/section>\n\n\n<section id=\"industries-block_12829ae0083baec070ae84078b32ecd0\" class=\"block-industries\">\n        <div class=\"container\">\n            <div class=\"row\">\n                <div class=\"col-md-8 offset-md-2\">\n                    <div class=\"h3b text-center\">Otras industrias<\/div>\n                    <nav class=\"industries-nav\">\n                        <ul>\n                                                            <li >\n                                    <a href=\"https:\/\/www.korn-consult.com\/es\/industries\/automotive-industry\/\">\n                                        <span class=\"h2b\">Industria Automotriz<\/span>\n                                        <span class=\"more\">m\u00e1s<\/span>\n                                    <\/a>\n                                <\/li>\n                                                            <li >\n                                    <a href=\"https:\/\/www.korn-consult.com\/es\/industries\/mechanical-engineering\/\">\n                                        <span class=\"h2b\">Ingenier\u00eda Mec\u00e1nica<\/span>\n                                        <span class=\"more\">m\u00e1s<\/span>\n                                    <\/a>\n                                <\/li>\n                                                            <li >\n                                    <a href=\"https:\/\/www.korn-consult.com\/es\/industries\/industry\/\">\n                                        <span class=\"h2b\">Industrias del Metal, del Acero y El\u00e9ctrica<\/span>\n                                        <span class=\"more\">m\u00e1s<\/span>\n                                    <\/a>\n                                <\/li>\n                                                            <li >\n                                    <a href=\"https:\/\/www.korn-consult.com\/es\/industries\/chemical-industry\/\">\n                                        <span class=\"h2b\">Industria Qu\u00edmica<\/span>\n                                        <span class=\"more\">m\u00e1s<\/span>\n                                    <\/a>\n                                <\/li>\n                                                            <li >\n                                    <a href=\"https:\/\/www.korn-consult.com\/es\/industries\/medical-care\/\">\n                                        <span class=\"h2b\">Cuidado M\u00e9dico<\/span>\n                                        <span class=\"more\">m\u00e1s<\/span>\n                                    <\/a>\n                                <\/li>\n                                                    <\/ul>\n                    <\/nav>\n                <\/div>\n            <\/div>\n        <\/div>\n    \n<\/section>","protected":false},"excerpt":{"rendered":"","protected":false},"author":1,"featured_media":0,"parent":1117,"menu_order":4,"comment_status":"closed","ping_status":"closed","template":"","meta":{"_acf_changed":false,"footnotes":""},"class_list":["post-1137","page","type-page","status-publish","hentry"],"acf":[],"yoast_head":"<!-- This site is optimized with the Yoast SEO plugin v26.3 - https:\/\/yoast.com\/wordpress\/plugins\/seo\/ -->\n<title>Industria Qu\u00edmica - KORN CONSULT GROUP<\/title>\n<meta name=\"robots\" content=\"index, follow, max-snippet:-1, max-image-preview:large, max-video-preview:-1\" \/>\n<link rel=\"canonical\" href=\"https:\/\/www.korn-consult.com\/es\/industries\/chemical-industry\/\" \/>\n<meta property=\"og:locale\" content=\"es_ES\" \/>\n<meta property=\"og:type\" content=\"article\" \/>\n<meta property=\"og:title\" content=\"Industria Qu\u00edmica - KORN CONSULT GROUP\" \/>\n<meta property=\"og:url\" content=\"https:\/\/www.korn-consult.com\/es\/industries\/chemical-industry\/\" \/>\n<meta property=\"og:site_name\" content=\"KORN CONSULT GROUP\" \/>\n<meta property=\"article:modified_time\" content=\"2025-10-08T12:05:13+00:00\" \/>\n<meta property=\"og:image\" content=\"https:\/\/www.korn-consult.com\/wp-content\/uploads\/2026\/04\/logo-kornconsult.png\" \/>\n\t<meta property=\"og:image:width\" content=\"1201\" \/>\n\t<meta property=\"og:image:height\" content=\"631\" \/>\n\t<meta property=\"og:image:type\" content=\"image\/png\" \/>\n<meta name=\"twitter:card\" content=\"summary_large_image\" \/>\n<script type=\"application\/ld+json\" class=\"yoast-schema-graph\">{\"@context\":\"https:\/\/schema.org\",\"@graph\":[{\"@type\":\"WebPage\",\"@id\":\"https:\/\/www.korn-consult.com\/es\/industries\/chemical-industry\/\",\"url\":\"https:\/\/www.korn-consult.com\/es\/industries\/chemical-industry\/\",\"name\":\"Industria Qu\u00edmica - KORN CONSULT GROUP\",\"isPartOf\":{\"@id\":\"https:\/\/www.korn-consult.com\/#website\"},\"datePublished\":\"2025-07-11T13:47:43+00:00\",\"dateModified\":\"2025-10-08T12:05:13+00:00\",\"breadcrumb\":{\"@id\":\"https:\/\/www.korn-consult.com\/es\/industries\/chemical-industry\/#breadcrumb\"},\"inLanguage\":\"es\",\"potentialAction\":[{\"@type\":\"ReadAction\",\"target\":[\"https:\/\/www.korn-consult.com\/es\/industries\/chemical-industry\/\"]}]},{\"@type\":\"BreadcrumbList\",\"@id\":\"https:\/\/www.korn-consult.com\/es\/industries\/chemical-industry\/#breadcrumb\",\"itemListElement\":[{\"@type\":\"ListItem\",\"position\":1,\"name\":\"Home\",\"item\":\"https:\/\/www.korn-consult.com\/es\/home\/\"},{\"@type\":\"ListItem\",\"position\":2,\"name\":\"Experiencia\",\"item\":\"https:\/\/www.korn-consult.com\/es\/industries\/\"},{\"@type\":\"ListItem\",\"position\":3,\"name\":\"Industria Qu\u00edmica\"}]},{\"@type\":\"WebSite\",\"@id\":\"https:\/\/www.korn-consult.com\/#website\",\"url\":\"https:\/\/www.korn-consult.com\/\",\"name\":\"Korn Consult Group\",\"description\":\"\",\"publisher\":{\"@id\":\"https:\/\/www.korn-consult.com\/#organization\"},\"potentialAction\":[{\"@type\":\"SearchAction\",\"target\":{\"@type\":\"EntryPoint\",\"urlTemplate\":\"https:\/\/www.korn-consult.com\/?s={search_term_string}\"},\"query-input\":{\"@type\":\"PropertyValueSpecification\",\"valueRequired\":true,\"valueName\":\"search_term_string\"}}],\"inLanguage\":\"es\"},{\"@type\":\"Organization\",\"@id\":\"https:\/\/www.korn-consult.com\/#organization\",\"name\":\"Korn Consult\",\"url\":\"https:\/\/www.korn-consult.com\/\",\"logo\":{\"@type\":\"ImageObject\",\"inLanguage\":\"es\",\"@id\":\"https:\/\/www.korn-consult.com\/#\/schema\/logo\/image\/\",\"url\":\"https:\/\/www.korn-consult.com\/wp-content\/uploads\/2026\/04\/logo-kornconsult.png\",\"contentUrl\":\"https:\/\/www.korn-consult.com\/wp-content\/uploads\/2026\/04\/logo-kornconsult.png\",\"width\":1201,\"height\":631,\"caption\":\"Korn Consult\"},\"image\":{\"@id\":\"https:\/\/www.korn-consult.com\/#\/schema\/logo\/image\/\"}}]}<\/script>\n<!-- \/ Yoast SEO plugin. -->","yoast_head_json":{"title":"Industria Qu\u00edmica - KORN CONSULT GROUP","robots":{"index":"index","follow":"follow","max-snippet":"max-snippet:-1","max-image-preview":"max-image-preview:large","max-video-preview":"max-video-preview:-1"},"canonical":"https:\/\/www.korn-consult.com\/es\/industries\/chemical-industry\/","og_locale":"es_ES","og_type":"article","og_title":"Industria Qu\u00edmica - KORN CONSULT GROUP","og_url":"https:\/\/www.korn-consult.com\/es\/industries\/chemical-industry\/","og_site_name":"KORN CONSULT GROUP","article_modified_time":"2025-10-08T12:05:13+00:00","og_image":[{"width":1201,"height":631,"url":"https:\/\/www.korn-consult.com\/wp-content\/uploads\/2026\/04\/logo-kornconsult.png","type":"image\/png"}],"twitter_card":"summary_large_image","schema":{"@context":"https:\/\/schema.org","@graph":[{"@type":"WebPage","@id":"https:\/\/www.korn-consult.com\/es\/industries\/chemical-industry\/","url":"https:\/\/www.korn-consult.com\/es\/industries\/chemical-industry\/","name":"Industria Qu\u00edmica - KORN CONSULT GROUP","isPartOf":{"@id":"https:\/\/www.korn-consult.com\/#website"},"datePublished":"2025-07-11T13:47:43+00:00","dateModified":"2025-10-08T12:05:13+00:00","breadcrumb":{"@id":"https:\/\/www.korn-consult.com\/es\/industries\/chemical-industry\/#breadcrumb"},"inLanguage":"es","potentialAction":[{"@type":"ReadAction","target":["https:\/\/www.korn-consult.com\/es\/industries\/chemical-industry\/"]}]},{"@type":"BreadcrumbList","@id":"https:\/\/www.korn-consult.com\/es\/industries\/chemical-industry\/#breadcrumb","itemListElement":[{"@type":"ListItem","position":1,"name":"Home","item":"https:\/\/www.korn-consult.com\/es\/home\/"},{"@type":"ListItem","position":2,"name":"Experiencia","item":"https:\/\/www.korn-consult.com\/es\/industries\/"},{"@type":"ListItem","position":3,"name":"Industria Qu\u00edmica"}]},{"@type":"WebSite","@id":"https:\/\/www.korn-consult.com\/#website","url":"https:\/\/www.korn-consult.com\/","name":"Korn Consult Group","description":"","publisher":{"@id":"https:\/\/www.korn-consult.com\/#organization"},"potentialAction":[{"@type":"SearchAction","target":{"@type":"EntryPoint","urlTemplate":"https:\/\/www.korn-consult.com\/?s={search_term_string}"},"query-input":{"@type":"PropertyValueSpecification","valueRequired":true,"valueName":"search_term_string"}}],"inLanguage":"es"},{"@type":"Organization","@id":"https:\/\/www.korn-consult.com\/#organization","name":"Korn Consult","url":"https:\/\/www.korn-consult.com\/","logo":{"@type":"ImageObject","inLanguage":"es","@id":"https:\/\/www.korn-consult.com\/#\/schema\/logo\/image\/","url":"https:\/\/www.korn-consult.com\/wp-content\/uploads\/2026\/04\/logo-kornconsult.png","contentUrl":"https:\/\/www.korn-consult.com\/wp-content\/uploads\/2026\/04\/logo-kornconsult.png","width":1201,"height":631,"caption":"Korn Consult"},"image":{"@id":"https:\/\/www.korn-consult.com\/#\/schema\/logo\/image\/"}}]}},"_links":{"self":[{"href":"https:\/\/www.korn-consult.com\/es\/wp-json\/wp\/v2\/pages\/1137","targetHints":{"allow":["GET"]}}],"collection":[{"href":"https:\/\/www.korn-consult.com\/es\/wp-json\/wp\/v2\/pages"}],"about":[{"href":"https:\/\/www.korn-consult.com\/es\/wp-json\/wp\/v2\/types\/page"}],"author":[{"embeddable":true,"href":"https:\/\/www.korn-consult.com\/es\/wp-json\/wp\/v2\/users\/1"}],"replies":[{"embeddable":true,"href":"https:\/\/www.korn-consult.com\/es\/wp-json\/wp\/v2\/comments?post=1137"}],"version-history":[{"count":4,"href":"https:\/\/www.korn-consult.com\/es\/wp-json\/wp\/v2\/pages\/1137\/revisions"}],"predecessor-version":[{"id":2029,"href":"https:\/\/www.korn-consult.com\/es\/wp-json\/wp\/v2\/pages\/1137\/revisions\/2029"}],"up":[{"embeddable":true,"href":"https:\/\/www.korn-consult.com\/es\/wp-json\/wp\/v2\/pages\/1117"}],"wp:attachment":[{"href":"https:\/\/www.korn-consult.com\/es\/wp-json\/wp\/v2\/media?parent=1137"}],"curies":[{"name":"wp","href":"https:\/\/api.w.org\/{rel}","templated":true}]}}