{"id":1159,"date":"2025-07-11T15:46:07","date_gmt":"2025-07-11T13:46:07","guid":{"rendered":"https:\/\/dev.diescouts.de\/korn-consult\/services\/engineering-services\/"},"modified":"2025-10-31T07:37:32","modified_gmt":"2025-10-31T06:37:32","slug":"engineering-services","status":"publish","type":"page","link":"https:\/\/www.korn-consult.com\/es\/services\/engineering-services\/","title":{"rendered":"Servicios de Ingenier\u00eda"},"content":{"rendered":"\n<section id=\"hero-block_787740ee221994106d930594d2c60c02\" class=\"block-hero\">\n                    <img decoding=\"async\" src=\"https:\/\/www.korn-consult.com\/wp-content\/uploads\/2025\/07\/automotive_color_05.jpg\" alt=\"\" \/>\n    <\/section>\n\n\n<section id=\"headline-text-block_4ffff7e8941db6ab9420cc76f1ebfaf6\" class=\"block-headline-text\">\n    <div class=\"container\">\n        <div class=\"row\">\n            \n                            <div class=\"col-md-8\">\n                    <div class=\"flex max-w-full flex-col grow\">\n<div class=\"min-h-8 text-message relative flex w-full flex-col items-end gap-2 text-start break-words whitespace-normal [.text-message+&amp;]:mt-5\" dir=\"auto\" data-message-author-role=\"assistant\" data-message-id=\"9fc9d245-2f02-4ff0-a3ba-d25506d99a7f\" data-message-model-slug=\"gpt-5\">\n<div class=\"flex w-full flex-col gap-1 empty:hidden first:pt-[3px]\">\n<div class=\"markdown prose dark:prose-invert w-full break-words dark markdown-new-styling\">\n<h1 data-start=\"0\" data-end=\"67\">Servicios de Ingenier\u00eda que <strong>Impulsan<\/strong><br data-start=\"36\" data-end=\"39\" \/>el Crecimiento de tu Empresa<\/h1>\n<\/div>\n<\/div>\n<\/div>\n<\/div>\n                <\/div>\n                    <\/div>\n        <div class=\"row\">\n                            <div class=\"col-md-8 offset-md-2\">\n                    <div class=\"text\"><p data-start=\"2320\" data-end=\"2982\">La ingenier\u00eda mec\u00e1nica sigue siendo uno de los campos m\u00e1s din\u00e1micos y en r\u00e1pida evoluci\u00f3n. La industria est\u00e1 entrando en una era de transformaci\u00f3n, impulsada por la Industria 4.0, la digitalizaci\u00f3n, el Internet de las Cosas y tecnolog\u00edas disruptivas como la impresi\u00f3n 3D, la inteligencia artificial y los sistemas aut\u00f3nomos. Las empresas que adopten estos cambios, se adapten r\u00e1pidamente y lideren la innovaci\u00f3n estar\u00e1n mejor posicionadas para prosperar en un entorno empresarial competitivo. <strong data-start=\"2813\" data-end=\"2835\">KORN CONSULT GROUP<\/strong> apoya a las organizaciones en la gesti\u00f3n de esta transformaci\u00f3n, ayud\u00e1ndolas a prepararse para el futuro y generar valor empresarial sostenible.<\/p>\n<p data-start=\"2984\" data-end=\"3046\"><strong data-start=\"2984\" data-end=\"3044\">Tendencias, Disrupciones e Innovaci\u00f3n Interdisciplinaria<\/strong><\/p>\n<p data-start=\"3048\" data-end=\"3576\">Hoy en d\u00eda, la ingenier\u00eda mec\u00e1nica es inherentemente interdisciplinaria. Los avances en campos adyacentes tienen un impacto profundo en las pr\u00e1cticas de ingenier\u00eda y los modelos de negocio. Para tener \u00e9xito, los ingenieros mec\u00e1nicos deben colaborar a nivel global, integrar tecnolog\u00edas emergentes y estar a la vanguardia de la disrupci\u00f3n. Las organizaciones que den forma a su futuro de manera proactiva y aprovechen la excelencia en ingenier\u00eda como ventaja competitiva prosperar\u00e1n en una econom\u00eda impulsada por la innovaci\u00f3n.<\/p>\n<p data-start=\"3578\" data-end=\"3630\"><strong data-start=\"3578\" data-end=\"3628\">Soluciones Integrales de Ingenier\u00eda y Negocios<\/strong><\/p>\n<p data-start=\"3632\" data-end=\"4043\">Nuestros servicios de consultor\u00eda e ingenier\u00eda apoyan su negocio en todas las fases del desarrollo, desde el concepto y dise\u00f1o hasta la implementaci\u00f3n y optimizaci\u00f3n. Ya sea ampliando operaciones, desarrollando tecnolog\u00edas avanzadas o resolviendo desaf\u00edos t\u00e9cnicos complejos, nuestros expertos combinan un profundo conocimiento de la industria con experiencia pr\u00e1ctica y una mentalidad orientada a soluciones.<\/p>\n<h2 data-start=\"4045\" data-end=\"4411\">Nos especializamos en cerrar la brecha entre el desempe\u00f1o t\u00e9cnico y los resultados empresariales, ofreciendo resultados medibles, eficiencia operativa y crecimiento sostenible. Al integrar la transformaci\u00f3n digital, an\u00e1lisis avanzados y pr\u00e1cticas de ingenier\u00eda de vanguardia, <strong>ayudamos a las empresas a convertir la disrupci\u00f3n en oportunidad y a asegurar su futuro.<\/strong><\/h2>\n<\/div>\n                <\/div>\n                                <\/div>\n    <\/div>\n<\/section>\n\n\n<section id=\"box-blue-block_1f9fc424223ccf2926eb1a81af533710\" class=\"block-box-blue\">\n    <div class=\"container\">\n                                    <div class=\"row service\">\n                    <div class=\"col-12 col-md-5 offset-md-1 headline\">\n                        <div class=\"h2\"><h2>Nuestra <strong>EXPERIENCIA<\/strong>:<\/h2>\n<\/div>\n                    <\/div>\n                    <div class=\"col-12 col-md-6 text\">\n                        <div class=\"text\"><p data-start=\"1479\" data-end=\"1595\"><span style=\"color: #000000\"><strong data-start=\"1479\" data-end=\"1507\">Optimizaci\u00f3n de procesos<\/strong> \u2013 Mejora de flujos de trabajo, eficiencia y rentabilidad en producci\u00f3n y operaciones.<\/span><\/p>\n<p data-start=\"1598\" data-end=\"1701\"><span style=\"color: #000000\"><strong data-start=\"1598\" data-end=\"1625\">Desarrollo de productos<\/strong> \u2013 Apoyo en dise\u00f1o, prototipos, pruebas y lanzamiento de nuevos productos.<\/span><\/p>\n<p data-start=\"1704\" data-end=\"1835\"><span style=\"color: #000000\"><strong data-start=\"1704\" data-end=\"1727\">Consultor\u00eda t\u00e9cnica<\/strong> \u2013 Asesoramiento sobre integraciones de sistemas, actualizaciones tecnol\u00f3gicas y soluciones de ingenier\u00eda.<\/span><\/p>\n<p data-start=\"1838\" data-end=\"1966\"><span style=\"color: #000000\"><strong data-start=\"1838\" data-end=\"1861\">Garant\u00eda de calidad<\/strong> \u2013 Aseguramiento del cumplimiento de normas industriales, regulaciones de seguridad y buenas pr\u00e1cticas.<\/span><\/p>\n<p data-start=\"1969\" data-end=\"2107\"><span style=\"color: #000000\"><strong data-start=\"1969\" data-end=\"1993\">Gesti\u00f3n de proyectos<\/strong> \u2013 Liderazgo de proyectos de ingenier\u00eda para entregar a tiempo, dentro del presupuesto y seg\u00fan especificaciones.<\/span><\/p>\n<p data-start=\"2234\" data-end=\"2363\"><span style=\"color: #000000\"><strong data-start=\"2234\" data-end=\"2265\">Soluciones de TI y software<\/strong> \u2013 Provisi\u00f3n de desarrollo de software relacionado con ingenier\u00eda y soporte digital de procesos.<\/span><\/p>\n<p data-start=\"2366\" data-end=\"2476\"><span style=\"color: #000000\"><strong data-start=\"2366\" data-end=\"2403\">Soporte de ciclo de vida completo<\/strong> \u2013 Asistencia integral desde el concepto hasta la producci\u00f3n y entrega.<\/span><\/p>\n<p data-start=\"2479\" data-end=\"2621\"><span style=\"color: #000000\"><strong data-start=\"2479\" data-end=\"2529\">Herramientas y m\u00e9todos l\u00edderes en la industria<\/strong> \u2013 Aplicaci\u00f3n de FMEA, SPC, auditor\u00edas VDA 6.3 y metodolog\u00edas de ingenier\u00eda estructuradas.<\/span><\/p>\n<p data-start=\"2624\" data-end=\"2735\"><span style=\"color: #000000\"><strong data-start=\"2624\" data-end=\"2664\">Apoyo a la ingenier\u00eda de proveedores<\/strong> \u2013 Soporte a procesos de proveedores, calidad y mejoras de desempe\u00f1o.<\/span><\/p>\n<p data-start=\"2738\" data-end=\"2892\"><span style=\"color: #000000\"><strong data-start=\"2738\" data-end=\"2772\">Experiencia multidisciplinaria<\/strong> \u2013 Aprovechamiento de conocimientos de m\u00faltiples sectores para ofrecer soluciones de ingenier\u00eda robustas y adaptables.<\/span><\/p>\n<\/div>\n                    <\/div>\n                <\/div>\n                            <div class=\"row service\">\n                    <div class=\"col-12 col-md-5 offset-md-1 headline\">\n                        <div class=\"h2\"><h2>\u00bfPor qu\u00e9 elegir <strong>KCG<\/strong> para <strong>SERVICIOS DE INGENIER\u00cdA<\/strong>?<\/h2>\n<\/div>\n                    <\/div>\n                    <div class=\"col-12 col-md-6 text\">\n                        <div class=\"text\"><p data-start=\"900\" data-end=\"1032\"><span style=\"color: #000000\"><strong data-start=\"900\" data-end=\"942\">Experiencia comprobada en la industria<\/strong> \u2013 D\u00e9cadas de experiencia pr\u00e1ctica en los sectores automotriz, manufactura y tecnolog\u00eda.<\/span><\/p>\n<p data-start=\"1035\" data-end=\"1157\"><span style=\"color: #000000\"><strong data-start=\"1035\" data-end=\"1055\">Soporte integral<\/strong> \u2013 Soluciones completas desde el desarrollo del concepto hasta la plena preparaci\u00f3n para producci\u00f3n.<\/span><\/p>\n<p data-start=\"1160\" data-end=\"1281\"><span style=\"color: #000000\"><strong data-start=\"1160\" data-end=\"1197\">Enfoque en calidad y cumplimiento<\/strong> \u2013 Cumplimiento de est\u00e1ndares globales, incluyendo IATF 16949, ISO 9001 y VDA 6.3.<\/span><\/p>\n<p data-start=\"1284\" data-end=\"1395\"><span style=\"color: #000000\"><strong data-start=\"1284\" data-end=\"1315\">Equipos \u00e1giles y escalables<\/strong> \u2013 Soporte de ingenier\u00eda flexible, adaptado al alcance y tiempos del proyecto.<\/span><\/p>\n<p data-start=\"1398\" data-end=\"1514\"><span style=\"color: #000000\"><strong data-start=\"1398\" data-end=\"1425\">Enfoque basado en datos<\/strong> \u2013 Metodolog\u00edas estructuradas y herramientas avanzadas que garantizan mejoras medibles.<\/span><\/p>\n<p data-start=\"1517\" data-end=\"1652\"><span style=\"color: #000000\"><strong data-start=\"1517\" data-end=\"1557\">Presencia global, conocimiento local<\/strong> \u2013 Expertos regionales que combinan excelencia t\u00e9cnica con comprensi\u00f3n cultural y de mercado.<\/span><\/p>\n<\/div>\n                    <\/div>\n                <\/div>\n                        <\/div>\n<\/section>\n\n\n<style type=\"text\/css\">\n    #competences-block_32cdefd1563a319835d9f72c494c6379 {\n        \/* Add styles that use ACF values here *\/\n    }\n<\/style>\n\n<section id=\"competences-block_32cdefd1563a319835d9f72c494c6379\" class=\"block-competences\">\n    <div class=\"container\">\n        <div class=\"row\">\n            <div class=\"col-md-10 offset-md-1\">\n                                                    <img decoding=\"async\" src=\"https:\/\/www.korn-consult.com\/wp-content\/uploads\/2025\/07\/competences.svg\" alt=\"\" \/>\n                            <\/div>\n        <\/div>\n        <div class=\"row\">\n            <div class=\"col-md-8 offset-md-2\">\n                <div class=\"text\">\n                    <h2><strong>Competencias<\/strong> <strong>Clave<\/strong><\/h2>\n<h2><strong>KORN CONSULT GROUP<\/strong> se especializa en excelencia operativa, optimizaci\u00f3n de la cadena de suministro y gesti\u00f3n de calidad. Con una profunda experiencia en la industria, especialmente en automoci\u00f3n y manufactura, la empresa ofrece soluciones pr\u00e1cticas y orientadas a resultados a trav\u00e9s de consultor\u00eda, transformaci\u00f3n digital y gesti\u00f3n interina.<\/h2>\n                <\/div>\n            <\/div>\n        <\/div>\n    <\/div>\n<\/section>\n\n\n<section id=\"cta-block_7437afaf6e2158814dc511b11c10c1d5\" class=\"block-cta text-center orange\">\n    <div class=\"container\">\n        <div class=\"row\">\n            <div class=\"col-md-8 offset-md-2\">\n                <h3 class=\"h2\">\u00a1Pong\u00e1monos en contacto!<\/h3>\n                <h2 class=\"h1\"><h1>\u00a1Convierte los desaf\u00edos en oportunidades!<\/h1>\n<h2><strong>Te guiaremos con experiencia probada.<\/strong><\/h2>\n<\/h2>\n                                                    <a href=\"https:\/\/www.korn-consult.com\/es\/contact\/\" target=\"\" class=\"btn\">Cont\u00e1ctenos<\/a>\n                            <\/div>\n        <\/div>\n    <\/div>\n\n<\/section>","protected":false},"excerpt":{"rendered":"","protected":false},"author":1,"featured_media":0,"parent":1146,"menu_order":3,"comment_status":"closed","ping_status":"closed","template":"","meta":{"_acf_changed":false,"footnotes":""},"class_list":["post-1159","page","type-page","status-publish","hentry"],"acf":[],"yoast_head":"<!-- This site is optimized with the Yoast SEO plugin v26.3 - https:\/\/yoast.com\/wordpress\/plugins\/seo\/ -->\n<title>Servicios de Ingenier\u00eda - KORN CONSULT GROUP<\/title>\n<meta name=\"robots\" content=\"index, follow, max-snippet:-1, max-image-preview:large, max-video-preview:-1\" \/>\n<link rel=\"canonical\" href=\"https:\/\/www.korn-consult.com\/es\/services\/engineering-services\/\" \/>\n<meta property=\"og:locale\" content=\"es_ES\" \/>\n<meta property=\"og:type\" content=\"article\" \/>\n<meta property=\"og:title\" content=\"Servicios de Ingenier\u00eda - KORN CONSULT GROUP\" \/>\n<meta property=\"og:url\" content=\"https:\/\/www.korn-consult.com\/es\/services\/engineering-services\/\" \/>\n<meta property=\"og:site_name\" content=\"KORN CONSULT GROUP\" \/>\n<meta property=\"article:modified_time\" content=\"2025-10-31T06:37:32+00:00\" \/>\n<meta property=\"og:image\" content=\"https:\/\/www.korn-consult.com\/wp-content\/uploads\/2026\/04\/logo-kornconsult.png\" \/>\n\t<meta property=\"og:image:width\" content=\"1201\" \/>\n\t<meta property=\"og:image:height\" content=\"631\" \/>\n\t<meta property=\"og:image:type\" content=\"image\/png\" \/>\n<meta name=\"twitter:card\" content=\"summary_large_image\" \/>\n<script type=\"application\/ld+json\" class=\"yoast-schema-graph\">{\"@context\":\"https:\/\/schema.org\",\"@graph\":[{\"@type\":\"WebPage\",\"@id\":\"https:\/\/www.korn-consult.com\/es\/services\/engineering-services\/\",\"url\":\"https:\/\/www.korn-consult.com\/es\/services\/engineering-services\/\",\"name\":\"Servicios de Ingenier\u00eda - KORN CONSULT GROUP\",\"isPartOf\":{\"@id\":\"https:\/\/www.korn-consult.com\/#website\"},\"datePublished\":\"2025-07-11T13:46:07+00:00\",\"dateModified\":\"2025-10-31T06:37:32+00:00\",\"breadcrumb\":{\"@id\":\"https:\/\/www.korn-consult.com\/es\/services\/engineering-services\/#breadcrumb\"},\"inLanguage\":\"es\",\"potentialAction\":[{\"@type\":\"ReadAction\",\"target\":[\"https:\/\/www.korn-consult.com\/es\/services\/engineering-services\/\"]}]},{\"@type\":\"BreadcrumbList\",\"@id\":\"https:\/\/www.korn-consult.com\/es\/services\/engineering-services\/#breadcrumb\",\"itemListElement\":[{\"@type\":\"ListItem\",\"position\":1,\"name\":\"Home\",\"item\":\"https:\/\/www.korn-consult.com\/es\/home\/\"},{\"@type\":\"ListItem\",\"position\":2,\"name\":\"Servicios\",\"item\":\"https:\/\/www.korn-consult.com\/es\/services\/\"},{\"@type\":\"ListItem\",\"position\":3,\"name\":\"Servicios de Ingenier\u00eda\"}]},{\"@type\":\"WebSite\",\"@id\":\"https:\/\/www.korn-consult.com\/#website\",\"url\":\"https:\/\/www.korn-consult.com\/\",\"name\":\"Korn Consult Group\",\"description\":\"\",\"publisher\":{\"@id\":\"https:\/\/www.korn-consult.com\/#organization\"},\"potentialAction\":[{\"@type\":\"SearchAction\",\"target\":{\"@type\":\"EntryPoint\",\"urlTemplate\":\"https:\/\/www.korn-consult.com\/?s={search_term_string}\"},\"query-input\":{\"@type\":\"PropertyValueSpecification\",\"valueRequired\":true,\"valueName\":\"search_term_string\"}}],\"inLanguage\":\"es\"},{\"@type\":\"Organization\",\"@id\":\"https:\/\/www.korn-consult.com\/#organization\",\"name\":\"Korn Consult\",\"url\":\"https:\/\/www.korn-consult.com\/\",\"logo\":{\"@type\":\"ImageObject\",\"inLanguage\":\"es\",\"@id\":\"https:\/\/www.korn-consult.com\/#\/schema\/logo\/image\/\",\"url\":\"https:\/\/www.korn-consult.com\/wp-content\/uploads\/2026\/04\/logo-kornconsult.png\",\"contentUrl\":\"https:\/\/www.korn-consult.com\/wp-content\/uploads\/2026\/04\/logo-kornconsult.png\",\"width\":1201,\"height\":631,\"caption\":\"Korn Consult\"},\"image\":{\"@id\":\"https:\/\/www.korn-consult.com\/#\/schema\/logo\/image\/\"}}]}<\/script>\n<!-- \/ Yoast SEO plugin. -->","yoast_head_json":{"title":"Servicios de Ingenier\u00eda - KORN CONSULT GROUP","robots":{"index":"index","follow":"follow","max-snippet":"max-snippet:-1","max-image-preview":"max-image-preview:large","max-video-preview":"max-video-preview:-1"},"canonical":"https:\/\/www.korn-consult.com\/es\/services\/engineering-services\/","og_locale":"es_ES","og_type":"article","og_title":"Servicios de Ingenier\u00eda - KORN CONSULT GROUP","og_url":"https:\/\/www.korn-consult.com\/es\/services\/engineering-services\/","og_site_name":"KORN CONSULT GROUP","article_modified_time":"2025-10-31T06:37:32+00:00","og_image":[{"width":1201,"height":631,"url":"https:\/\/www.korn-consult.com\/wp-content\/uploads\/2026\/04\/logo-kornconsult.png","type":"image\/png"}],"twitter_card":"summary_large_image","schema":{"@context":"https:\/\/schema.org","@graph":[{"@type":"WebPage","@id":"https:\/\/www.korn-consult.com\/es\/services\/engineering-services\/","url":"https:\/\/www.korn-consult.com\/es\/services\/engineering-services\/","name":"Servicios de Ingenier\u00eda - KORN CONSULT GROUP","isPartOf":{"@id":"https:\/\/www.korn-consult.com\/#website"},"datePublished":"2025-07-11T13:46:07+00:00","dateModified":"2025-10-31T06:37:32+00:00","breadcrumb":{"@id":"https:\/\/www.korn-consult.com\/es\/services\/engineering-services\/#breadcrumb"},"inLanguage":"es","potentialAction":[{"@type":"ReadAction","target":["https:\/\/www.korn-consult.com\/es\/services\/engineering-services\/"]}]},{"@type":"BreadcrumbList","@id":"https:\/\/www.korn-consult.com\/es\/services\/engineering-services\/#breadcrumb","itemListElement":[{"@type":"ListItem","position":1,"name":"Home","item":"https:\/\/www.korn-consult.com\/es\/home\/"},{"@type":"ListItem","position":2,"name":"Servicios","item":"https:\/\/www.korn-consult.com\/es\/services\/"},{"@type":"ListItem","position":3,"name":"Servicios de Ingenier\u00eda"}]},{"@type":"WebSite","@id":"https:\/\/www.korn-consult.com\/#website","url":"https:\/\/www.korn-consult.com\/","name":"Korn Consult Group","description":"","publisher":{"@id":"https:\/\/www.korn-consult.com\/#organization"},"potentialAction":[{"@type":"SearchAction","target":{"@type":"EntryPoint","urlTemplate":"https:\/\/www.korn-consult.com\/?s={search_term_string}"},"query-input":{"@type":"PropertyValueSpecification","valueRequired":true,"valueName":"search_term_string"}}],"inLanguage":"es"},{"@type":"Organization","@id":"https:\/\/www.korn-consult.com\/#organization","name":"Korn Consult","url":"https:\/\/www.korn-consult.com\/","logo":{"@type":"ImageObject","inLanguage":"es","@id":"https:\/\/www.korn-consult.com\/#\/schema\/logo\/image\/","url":"https:\/\/www.korn-consult.com\/wp-content\/uploads\/2026\/04\/logo-kornconsult.png","contentUrl":"https:\/\/www.korn-consult.com\/wp-content\/uploads\/2026\/04\/logo-kornconsult.png","width":1201,"height":631,"caption":"Korn Consult"},"image":{"@id":"https:\/\/www.korn-consult.com\/#\/schema\/logo\/image\/"}}]}},"_links":{"self":[{"href":"https:\/\/www.korn-consult.com\/es\/wp-json\/wp\/v2\/pages\/1159","targetHints":{"allow":["GET"]}}],"collection":[{"href":"https:\/\/www.korn-consult.com\/es\/wp-json\/wp\/v2\/pages"}],"about":[{"href":"https:\/\/www.korn-consult.com\/es\/wp-json\/wp\/v2\/types\/page"}],"author":[{"embeddable":true,"href":"https:\/\/www.korn-consult.com\/es\/wp-json\/wp\/v2\/users\/1"}],"replies":[{"embeddable":true,"href":"https:\/\/www.korn-consult.com\/es\/wp-json\/wp\/v2\/comments?post=1159"}],"version-history":[{"count":13,"href":"https:\/\/www.korn-consult.com\/es\/wp-json\/wp\/v2\/pages\/1159\/revisions"}],"predecessor-version":[{"id":2857,"href":"https:\/\/www.korn-consult.com\/es\/wp-json\/wp\/v2\/pages\/1159\/revisions\/2857"}],"up":[{"embeddable":true,"href":"https:\/\/www.korn-consult.com\/es\/wp-json\/wp\/v2\/pages\/1146"}],"wp:attachment":[{"href":"https:\/\/www.korn-consult.com\/es\/wp-json\/wp\/v2\/media?parent=1159"}],"curies":[{"name":"wp","href":"https:\/\/api.w.org\/{rel}","templated":true}]}}