{"id":1170,"date":"2025-07-11T15:49:44","date_gmt":"2025-07-11T13:49:44","guid":{"rendered":"https:\/\/dev.diescouts.de\/korn-consult\/about-us\/philosophy\/"},"modified":"2025-11-05T11:50:01","modified_gmt":"2025-11-05T10:50:01","slug":"philosophy","status":"publish","type":"page","link":"https:\/\/www.korn-consult.com\/es\/about-us\/philosophy\/","title":{"rendered":"Filosof\u00eda"},"content":{"rendered":"\n<section id=\"hero-block_67994c29c8a93d40de646879c164b52d\" class=\"block-hero\">\n                    <img decoding=\"async\" src=\"https:\/\/www.korn-consult.com\/wp-content\/uploads\/2025\/07\/philosophy_frei_01_.jpg\" alt=\"\" \/>\n    <\/section>\n\n\n<section id=\"headline-text-block_09702ea0c47bdb47948aceb79697ff89\" class=\"block-headline-text\">\n    <div class=\"container\">\n        <div class=\"row\">\n            \n                            <div class=\"col-md-8\">\n                    <h1>Nuestra <strong>FILOSOF\u00cdA<\/strong><\/h1>\n                <\/div>\n                    <\/div>\n        <div class=\"row\">\n                            <div class=\"col-md-8 offset-md-2\">\n                    <div class=\"text\"><h2 data-start=\"1270\" data-end=\"1368\"><span style=\"color: #000000\"><em><strong>\u201c<\/strong><\/em><em>La Calidad No Es Accidental, Es El Resultado De Procesos Empresariales Efectivos.<\/em><em><strong>\u201d<\/strong><\/em><\/span><\/h2>\n<p data-start=\"2426\" data-end=\"2732\"><span style=\"color: #000000\">En <strong data-start=\"2429\" data-end=\"2451\">KORN CONSULT GROUP<\/strong>, creemos que la calidad nunca es una coincidencia, sino el resultado de procesos empresariales deliberados, eficaces y bien estructurados. Nuestra filosof\u00eda se basa en la convicci\u00f3n de que el \u00e9xito duradero proviene de estrategias claras, mejora continua y excelencia operativa.<\/span><\/p>\n<p data-start=\"2734\" data-end=\"3023\"><span style=\"color: #000000\">Defendemos la <strong data-start=\"2748\" data-end=\"2780\">industrializaci\u00f3n sostenible<\/strong>, la <strong data-start=\"2785\" data-end=\"2827\">resiliencia de la cadena de suministro<\/strong>, la <strong data-start=\"2832\" data-end=\"2856\">eficiencia operativa<\/strong> y la <strong data-start=\"2862\" data-end=\"2884\">calidad preventiva<\/strong>. Estos principios gu\u00edan todo lo que hacemos y reflejan nuestro compromiso con la creaci\u00f3n de valor a largo plazo para nuestros clientes.<\/span><\/p>\n<p data-start=\"3025\" data-end=\"3328\"><span style=\"color: #000000\">A trav\u00e9s de nuestro enfoque en la <strong>INDUSTRIALIZACI\u00d3N SOSTENIBLE<\/strong>, promovemos un crecimiento responsable y orientado al futuro. Ayudamos a las industrias a evolucionar mediante la innovaci\u00f3n, la digitalizaci\u00f3n y pr\u00e1cticas conscientes con el medio ambiente, asegurando su competitividad a largo plazo.<\/span><\/p>\n<p data-start=\"3330\" data-end=\"3636\"><span style=\"color: #000000\">Al fortalecer la <strong>RESILIENCIA DE LA CADENA DE SUMINISTRO<\/strong>, ayudamos a las organizaciones a anticipar desaf\u00edos, mitigar riesgos y mantener la estabilidad en un mercado global cada vez m\u00e1s din\u00e1mico. Nuestro objetivo es construir redes s\u00f3lidas que proporcionen agilidad, fiabilidad y rendimiento continuo.<\/span><\/p>\n<p data-start=\"3638\" data-end=\"3899\"><span style=\"color: #000000\">Impulsar la <strong>EFICIENCIA OPERATIVA <\/strong>m\u00e1s\u00a0est\u00e1 en el centro de nuestro enfoque. Optimizamos procesos, eliminamos ineficiencias y mejoramos la productividad para que las empresas operen de manera m\u00e1s inteligente, r\u00e1pida y eficaz, alcanzando as\u00ed su m\u00e1ximo potencial.<\/span><\/p>\n<p data-start=\"3901\" data-end=\"4200\"><span style=\"color: #000000\">Con nuestro compromiso con la <strong>CALIDAD PREVENTIVA<\/strong>, garantizamos que la calidad est\u00e9 integrada en cada etapa del proceso. Al aplicar medidas proactivas y mejores pr\u00e1cticas, ayudamos a nuestros clientes a prevenir problemas antes de que surjan y a mantener la excelencia en todas sus operaciones.<\/span><\/p>\n<p data-start=\"4202\" data-end=\"4462\"><span style=\"color: #000000\">En <strong data-start=\"4205\" data-end=\"4227\">KORN CONSULT GROUP<\/strong>, trabajamos junto a nuestros clientes para ofrecer soluciones personalizadas que fomenten la mejora, la resiliencia y el crecimiento sostenible, ayud\u00e1ndoles a mantenerse competitivos en un entorno empresarial en constante evoluci\u00f3n.<\/span><\/p>\n<\/div>\n                <\/div>\n                                <\/div>\n    <\/div>\n<\/section>\n\n\n<section id=\"cta-block_020df7e302f2a7bd695d66a3f59d618b\" class=\"block-cta text-center orange\">\n    <div class=\"container\">\n        <div class=\"row\">\n            <div class=\"col-md-8 offset-md-2\">\n                <h3 class=\"h2\">\u00a1Pong\u00e1monos en contacto!<\/h3>\n                <h2 class=\"h1\"><h1>\u00a1Convierte los desaf\u00edos en oportunidades!<\/h1>\n<h2><strong>Te guiaremos con experiencia probada.<\/strong><\/h2>\n<\/h2>\n                                                    <a href=\"https:\/\/www.korn-consult.com\/es\/contact\/\" target=\"\" class=\"btn\">Cont\u00e1ctenos<\/a>\n                            <\/div>\n        <\/div>\n    <\/div>\n\n<\/section>","protected":false},"excerpt":{"rendered":"","protected":false},"author":1,"featured_media":0,"parent":1164,"menu_order":1,"comment_status":"closed","ping_status":"closed","template":"","meta":{"_acf_changed":false,"footnotes":""},"class_list":["post-1170","page","type-page","status-publish","hentry"],"acf":[],"yoast_head":"<!-- This site is optimized with the Yoast SEO plugin v26.3 - https:\/\/yoast.com\/wordpress\/plugins\/seo\/ -->\n<title>Filosof\u00eda - KORN CONSULT GROUP<\/title>\n<meta name=\"robots\" content=\"index, follow, max-snippet:-1, max-image-preview:large, max-video-preview:-1\" \/>\n<link rel=\"canonical\" href=\"https:\/\/www.korn-consult.com\/es\/about-us\/philosophy\/\" \/>\n<meta property=\"og:locale\" content=\"es_ES\" \/>\n<meta property=\"og:type\" content=\"article\" \/>\n<meta property=\"og:title\" content=\"Filosof\u00eda - KORN CONSULT GROUP\" \/>\n<meta property=\"og:url\" content=\"https:\/\/www.korn-consult.com\/es\/about-us\/philosophy\/\" \/>\n<meta property=\"og:site_name\" content=\"KORN CONSULT GROUP\" \/>\n<meta property=\"article:modified_time\" content=\"2025-11-05T10:50:01+00:00\" \/>\n<meta property=\"og:image\" content=\"https:\/\/www.korn-consult.com\/wp-content\/uploads\/2026\/04\/logo-kornconsult.png\" \/>\n\t<meta property=\"og:image:width\" content=\"1201\" \/>\n\t<meta property=\"og:image:height\" content=\"631\" \/>\n\t<meta property=\"og:image:type\" content=\"image\/png\" \/>\n<meta name=\"twitter:card\" content=\"summary_large_image\" \/>\n<script type=\"application\/ld+json\" class=\"yoast-schema-graph\">{\"@context\":\"https:\/\/schema.org\",\"@graph\":[{\"@type\":\"WebPage\",\"@id\":\"https:\/\/www.korn-consult.com\/es\/about-us\/philosophy\/\",\"url\":\"https:\/\/www.korn-consult.com\/es\/about-us\/philosophy\/\",\"name\":\"Filosof\u00eda - KORN CONSULT GROUP\",\"isPartOf\":{\"@id\":\"https:\/\/www.korn-consult.com\/#website\"},\"datePublished\":\"2025-07-11T13:49:44+00:00\",\"dateModified\":\"2025-11-05T10:50:01+00:00\",\"breadcrumb\":{\"@id\":\"https:\/\/www.korn-consult.com\/es\/about-us\/philosophy\/#breadcrumb\"},\"inLanguage\":\"es\",\"potentialAction\":[{\"@type\":\"ReadAction\",\"target\":[\"https:\/\/www.korn-consult.com\/es\/about-us\/philosophy\/\"]}]},{\"@type\":\"BreadcrumbList\",\"@id\":\"https:\/\/www.korn-consult.com\/es\/about-us\/philosophy\/#breadcrumb\",\"itemListElement\":[{\"@type\":\"ListItem\",\"position\":1,\"name\":\"Home\",\"item\":\"https:\/\/www.korn-consult.com\/es\/home\/\"},{\"@type\":\"ListItem\",\"position\":2,\"name\":\"Sobre Nosotros\",\"item\":\"https:\/\/www.korn-consult.com\/es\/about-us\/\"},{\"@type\":\"ListItem\",\"position\":3,\"name\":\"Filosof\u00eda\"}]},{\"@type\":\"WebSite\",\"@id\":\"https:\/\/www.korn-consult.com\/#website\",\"url\":\"https:\/\/www.korn-consult.com\/\",\"name\":\"Korn Consult Group\",\"description\":\"\",\"publisher\":{\"@id\":\"https:\/\/www.korn-consult.com\/#organization\"},\"potentialAction\":[{\"@type\":\"SearchAction\",\"target\":{\"@type\":\"EntryPoint\",\"urlTemplate\":\"https:\/\/www.korn-consult.com\/?s={search_term_string}\"},\"query-input\":{\"@type\":\"PropertyValueSpecification\",\"valueRequired\":true,\"valueName\":\"search_term_string\"}}],\"inLanguage\":\"es\"},{\"@type\":\"Organization\",\"@id\":\"https:\/\/www.korn-consult.com\/#organization\",\"name\":\"Korn Consult\",\"url\":\"https:\/\/www.korn-consult.com\/\",\"logo\":{\"@type\":\"ImageObject\",\"inLanguage\":\"es\",\"@id\":\"https:\/\/www.korn-consult.com\/#\/schema\/logo\/image\/\",\"url\":\"https:\/\/www.korn-consult.com\/wp-content\/uploads\/2026\/04\/logo-kornconsult.png\",\"contentUrl\":\"https:\/\/www.korn-consult.com\/wp-content\/uploads\/2026\/04\/logo-kornconsult.png\",\"width\":1201,\"height\":631,\"caption\":\"Korn Consult\"},\"image\":{\"@id\":\"https:\/\/www.korn-consult.com\/#\/schema\/logo\/image\/\"}}]}<\/script>\n<!-- \/ Yoast SEO plugin. -->","yoast_head_json":{"title":"Filosof\u00eda - KORN CONSULT GROUP","robots":{"index":"index","follow":"follow","max-snippet":"max-snippet:-1","max-image-preview":"max-image-preview:large","max-video-preview":"max-video-preview:-1"},"canonical":"https:\/\/www.korn-consult.com\/es\/about-us\/philosophy\/","og_locale":"es_ES","og_type":"article","og_title":"Filosof\u00eda - KORN CONSULT GROUP","og_url":"https:\/\/www.korn-consult.com\/es\/about-us\/philosophy\/","og_site_name":"KORN CONSULT GROUP","article_modified_time":"2025-11-05T10:50:01+00:00","og_image":[{"width":1201,"height":631,"url":"https:\/\/www.korn-consult.com\/wp-content\/uploads\/2026\/04\/logo-kornconsult.png","type":"image\/png"}],"twitter_card":"summary_large_image","schema":{"@context":"https:\/\/schema.org","@graph":[{"@type":"WebPage","@id":"https:\/\/www.korn-consult.com\/es\/about-us\/philosophy\/","url":"https:\/\/www.korn-consult.com\/es\/about-us\/philosophy\/","name":"Filosof\u00eda - KORN CONSULT GROUP","isPartOf":{"@id":"https:\/\/www.korn-consult.com\/#website"},"datePublished":"2025-07-11T13:49:44+00:00","dateModified":"2025-11-05T10:50:01+00:00","breadcrumb":{"@id":"https:\/\/www.korn-consult.com\/es\/about-us\/philosophy\/#breadcrumb"},"inLanguage":"es","potentialAction":[{"@type":"ReadAction","target":["https:\/\/www.korn-consult.com\/es\/about-us\/philosophy\/"]}]},{"@type":"BreadcrumbList","@id":"https:\/\/www.korn-consult.com\/es\/about-us\/philosophy\/#breadcrumb","itemListElement":[{"@type":"ListItem","position":1,"name":"Home","item":"https:\/\/www.korn-consult.com\/es\/home\/"},{"@type":"ListItem","position":2,"name":"Sobre Nosotros","item":"https:\/\/www.korn-consult.com\/es\/about-us\/"},{"@type":"ListItem","position":3,"name":"Filosof\u00eda"}]},{"@type":"WebSite","@id":"https:\/\/www.korn-consult.com\/#website","url":"https:\/\/www.korn-consult.com\/","name":"Korn Consult Group","description":"","publisher":{"@id":"https:\/\/www.korn-consult.com\/#organization"},"potentialAction":[{"@type":"SearchAction","target":{"@type":"EntryPoint","urlTemplate":"https:\/\/www.korn-consult.com\/?s={search_term_string}"},"query-input":{"@type":"PropertyValueSpecification","valueRequired":true,"valueName":"search_term_string"}}],"inLanguage":"es"},{"@type":"Organization","@id":"https:\/\/www.korn-consult.com\/#organization","name":"Korn Consult","url":"https:\/\/www.korn-consult.com\/","logo":{"@type":"ImageObject","inLanguage":"es","@id":"https:\/\/www.korn-consult.com\/#\/schema\/logo\/image\/","url":"https:\/\/www.korn-consult.com\/wp-content\/uploads\/2026\/04\/logo-kornconsult.png","contentUrl":"https:\/\/www.korn-consult.com\/wp-content\/uploads\/2026\/04\/logo-kornconsult.png","width":1201,"height":631,"caption":"Korn Consult"},"image":{"@id":"https:\/\/www.korn-consult.com\/#\/schema\/logo\/image\/"}}]}},"_links":{"self":[{"href":"https:\/\/www.korn-consult.com\/es\/wp-json\/wp\/v2\/pages\/1170","targetHints":{"allow":["GET"]}}],"collection":[{"href":"https:\/\/www.korn-consult.com\/es\/wp-json\/wp\/v2\/pages"}],"about":[{"href":"https:\/\/www.korn-consult.com\/es\/wp-json\/wp\/v2\/types\/page"}],"author":[{"embeddable":true,"href":"https:\/\/www.korn-consult.com\/es\/wp-json\/wp\/v2\/users\/1"}],"replies":[{"embeddable":true,"href":"https:\/\/www.korn-consult.com\/es\/wp-json\/wp\/v2\/comments?post=1170"}],"version-history":[{"count":8,"href":"https:\/\/www.korn-consult.com\/es\/wp-json\/wp\/v2\/pages\/1170\/revisions"}],"predecessor-version":[{"id":2917,"href":"https:\/\/www.korn-consult.com\/es\/wp-json\/wp\/v2\/pages\/1170\/revisions\/2917"}],"up":[{"embeddable":true,"href":"https:\/\/www.korn-consult.com\/es\/wp-json\/wp\/v2\/pages\/1164"}],"wp:attachment":[{"href":"https:\/\/www.korn-consult.com\/es\/wp-json\/wp\/v2\/media?parent=1170"}],"curies":[{"name":"wp","href":"https:\/\/api.w.org\/{rel}","templated":true}]}}