{"id":1174,"date":"2025-07-11T15:49:44","date_gmt":"2025-07-11T13:49:44","guid":{"rendered":"https:\/\/dev.diescouts.de\/korn-consult\/about-us\/management\/"},"modified":"2026-04-01T19:50:59","modified_gmt":"2026-04-01T17:50:59","slug":"management","status":"publish","type":"page","link":"https:\/\/www.korn-consult.com\/es\/about-us\/management\/","title":{"rendered":"Direcci\u00f3n"},"content":{"rendered":"\n<section id=\"hero-block_67b668b9c2c58ebb35c49b7d35070655\" class=\"block-hero\">\n                    <img decoding=\"async\" src=\"https:\/\/www.korn-consult.com\/wp-content\/uploads\/2026\/04\/MOOD-Product-3.png\" alt=\"\" \/>\n    <\/section>\n\n\n<section id=\"headline-text-block_32989b89703551ee5f03f703ce4b8f25\" class=\"block-headline-text\">\n    <div class=\"container\">\n        <div class=\"row\">\n            \n                            <div class=\"col-md-8\">\n                    <h1>Excelencia en Liderazgo en<strong> KORN CONSULT GROUP<\/strong><\/h1>\n                <\/div>\n                    <\/div>\n        <div class=\"row\">\n                            <div class=\"col-md-8 offset-md-2\">\n                    <div class=\"text\"><p data-start=\"66\" data-end=\"428\">En <strong data-start=\"69\" data-end=\"91\">KORN CONSULT GROUP<\/strong>, nuestro equipo directivo ejemplifica previsi\u00f3n estrat\u00e9gica, excelencia operativa y un profundo entendimiento del panorama empresarial global. Con d\u00e9cadas de experiencia colectiva en diversas industrias, estamos comprometidos a ofrecer soluciones innovadoras, de alta calidad y centradas en el cliente que generen resultados medibles.<\/p>\n<p data-start=\"430\" data-end=\"827\">Guiados por una visi\u00f3n de crecimiento sostenible, fomentamos una cultura de colaboraci\u00f3n, agilidad y mejora continua, asegurando que cada proyecto con nuestros clientes genere valor a largo plazo. Al combinar nuestra profunda experiencia en la industria con estrategias orientadas al futuro, ayudamos a nuestros clientes a enfrentar desaf\u00edos empresariales complejos y alcanzar un \u00e9xito duradero.<\/p>\n<h2 data-start=\"829\" data-end=\"1029\">Nuestro compromiso con la <strong>integridad<\/strong>, la <strong>innovaci\u00f3n<\/strong> y la <strong>excelencia<\/strong> nos posiciona como un socio de confianza para organizaciones que buscan soluciones de consultor\u00eda transformadoras a nivel mundial.<\/h2>\n<\/div>\n                <\/div>\n                                <\/div>\n    <\/div>\n<\/section>\n\n\n<section id=\"cta-block_e5e077536b15f495bd1033b99bb877d1\" class=\"block-cta text-center orange\">\n    <div class=\"container\">\n        <div class=\"row\">\n            <div class=\"col-md-8 offset-md-2\">\n                <h3 class=\"h2\">\u00a1Pong\u00e1monos en contacto!<\/h3>\n                <h2 class=\"h1\"><h1>\u00a1Convierte los desaf\u00edos en oportunidades!<\/h1>\n<h2><strong>Te guiaremos con experiencia probada.<\/strong><\/h2>\n<\/h2>\n                                                    <a href=\"https:\/\/www.korn-consult.com\/es\/contact\/\" target=\"\" class=\"btn\">Cont\u00e1ctenos<\/a>\n                            <\/div>\n        <\/div>\n    <\/div>\n\n<\/section>","protected":false},"excerpt":{"rendered":"","protected":false},"author":1,"featured_media":0,"parent":1164,"menu_order":2,"comment_status":"closed","ping_status":"closed","template":"","meta":{"_acf_changed":false,"footnotes":""},"class_list":["post-1174","page","type-page","status-publish","hentry"],"acf":[],"yoast_head":"<!-- This site is optimized with the Yoast SEO plugin v26.3 - https:\/\/yoast.com\/wordpress\/plugins\/seo\/ -->\n<title>Direcci\u00f3n - KORN CONSULT GROUP<\/title>\n<meta name=\"robots\" content=\"index, follow, max-snippet:-1, max-image-preview:large, max-video-preview:-1\" \/>\n<link rel=\"canonical\" href=\"https:\/\/www.korn-consult.com\/es\/about-us\/management\/\" \/>\n<meta property=\"og:locale\" content=\"es_ES\" \/>\n<meta property=\"og:type\" content=\"article\" \/>\n<meta property=\"og:title\" content=\"Direcci\u00f3n - KORN CONSULT GROUP\" \/>\n<meta property=\"og:url\" content=\"https:\/\/www.korn-consult.com\/es\/about-us\/management\/\" \/>\n<meta property=\"og:site_name\" content=\"KORN CONSULT GROUP\" \/>\n<meta property=\"article:modified_time\" content=\"2026-04-01T17:50:59+00:00\" \/>\n<meta property=\"og:image\" content=\"https:\/\/www.korn-consult.com\/wp-content\/uploads\/2026\/04\/logo-kornconsult.png\" \/>\n\t<meta property=\"og:image:width\" content=\"1201\" \/>\n\t<meta property=\"og:image:height\" content=\"631\" \/>\n\t<meta property=\"og:image:type\" content=\"image\/png\" \/>\n<meta name=\"twitter:card\" content=\"summary_large_image\" \/>\n<script type=\"application\/ld+json\" class=\"yoast-schema-graph\">{\"@context\":\"https:\/\/schema.org\",\"@graph\":[{\"@type\":\"WebPage\",\"@id\":\"https:\/\/www.korn-consult.com\/es\/about-us\/management\/\",\"url\":\"https:\/\/www.korn-consult.com\/es\/about-us\/management\/\",\"name\":\"Direcci\u00f3n - KORN CONSULT GROUP\",\"isPartOf\":{\"@id\":\"https:\/\/www.korn-consult.com\/#website\"},\"datePublished\":\"2025-07-11T13:49:44+00:00\",\"dateModified\":\"2026-04-01T17:50:59+00:00\",\"breadcrumb\":{\"@id\":\"https:\/\/www.korn-consult.com\/es\/about-us\/management\/#breadcrumb\"},\"inLanguage\":\"es\",\"potentialAction\":[{\"@type\":\"ReadAction\",\"target\":[\"https:\/\/www.korn-consult.com\/es\/about-us\/management\/\"]}]},{\"@type\":\"BreadcrumbList\",\"@id\":\"https:\/\/www.korn-consult.com\/es\/about-us\/management\/#breadcrumb\",\"itemListElement\":[{\"@type\":\"ListItem\",\"position\":1,\"name\":\"Home\",\"item\":\"https:\/\/www.korn-consult.com\/es\/home\/\"},{\"@type\":\"ListItem\",\"position\":2,\"name\":\"Sobre Nosotros\",\"item\":\"https:\/\/www.korn-consult.com\/es\/about-us\/\"},{\"@type\":\"ListItem\",\"position\":3,\"name\":\"Direcci\u00f3n\"}]},{\"@type\":\"WebSite\",\"@id\":\"https:\/\/www.korn-consult.com\/#website\",\"url\":\"https:\/\/www.korn-consult.com\/\",\"name\":\"Korn Consult Group\",\"description\":\"\",\"publisher\":{\"@id\":\"https:\/\/www.korn-consult.com\/#organization\"},\"potentialAction\":[{\"@type\":\"SearchAction\",\"target\":{\"@type\":\"EntryPoint\",\"urlTemplate\":\"https:\/\/www.korn-consult.com\/?s={search_term_string}\"},\"query-input\":{\"@type\":\"PropertyValueSpecification\",\"valueRequired\":true,\"valueName\":\"search_term_string\"}}],\"inLanguage\":\"es\"},{\"@type\":\"Organization\",\"@id\":\"https:\/\/www.korn-consult.com\/#organization\",\"name\":\"Korn Consult\",\"url\":\"https:\/\/www.korn-consult.com\/\",\"logo\":{\"@type\":\"ImageObject\",\"inLanguage\":\"es\",\"@id\":\"https:\/\/www.korn-consult.com\/#\/schema\/logo\/image\/\",\"url\":\"https:\/\/www.korn-consult.com\/wp-content\/uploads\/2026\/04\/logo-kornconsult.png\",\"contentUrl\":\"https:\/\/www.korn-consult.com\/wp-content\/uploads\/2026\/04\/logo-kornconsult.png\",\"width\":1201,\"height\":631,\"caption\":\"Korn Consult\"},\"image\":{\"@id\":\"https:\/\/www.korn-consult.com\/#\/schema\/logo\/image\/\"}}]}<\/script>\n<!-- \/ Yoast SEO plugin. -->","yoast_head_json":{"title":"Direcci\u00f3n - KORN CONSULT GROUP","robots":{"index":"index","follow":"follow","max-snippet":"max-snippet:-1","max-image-preview":"max-image-preview:large","max-video-preview":"max-video-preview:-1"},"canonical":"https:\/\/www.korn-consult.com\/es\/about-us\/management\/","og_locale":"es_ES","og_type":"article","og_title":"Direcci\u00f3n - KORN CONSULT GROUP","og_url":"https:\/\/www.korn-consult.com\/es\/about-us\/management\/","og_site_name":"KORN CONSULT GROUP","article_modified_time":"2026-04-01T17:50:59+00:00","og_image":[{"width":1201,"height":631,"url":"https:\/\/www.korn-consult.com\/wp-content\/uploads\/2026\/04\/logo-kornconsult.png","type":"image\/png"}],"twitter_card":"summary_large_image","schema":{"@context":"https:\/\/schema.org","@graph":[{"@type":"WebPage","@id":"https:\/\/www.korn-consult.com\/es\/about-us\/management\/","url":"https:\/\/www.korn-consult.com\/es\/about-us\/management\/","name":"Direcci\u00f3n - KORN CONSULT GROUP","isPartOf":{"@id":"https:\/\/www.korn-consult.com\/#website"},"datePublished":"2025-07-11T13:49:44+00:00","dateModified":"2026-04-01T17:50:59+00:00","breadcrumb":{"@id":"https:\/\/www.korn-consult.com\/es\/about-us\/management\/#breadcrumb"},"inLanguage":"es","potentialAction":[{"@type":"ReadAction","target":["https:\/\/www.korn-consult.com\/es\/about-us\/management\/"]}]},{"@type":"BreadcrumbList","@id":"https:\/\/www.korn-consult.com\/es\/about-us\/management\/#breadcrumb","itemListElement":[{"@type":"ListItem","position":1,"name":"Home","item":"https:\/\/www.korn-consult.com\/es\/home\/"},{"@type":"ListItem","position":2,"name":"Sobre Nosotros","item":"https:\/\/www.korn-consult.com\/es\/about-us\/"},{"@type":"ListItem","position":3,"name":"Direcci\u00f3n"}]},{"@type":"WebSite","@id":"https:\/\/www.korn-consult.com\/#website","url":"https:\/\/www.korn-consult.com\/","name":"Korn Consult Group","description":"","publisher":{"@id":"https:\/\/www.korn-consult.com\/#organization"},"potentialAction":[{"@type":"SearchAction","target":{"@type":"EntryPoint","urlTemplate":"https:\/\/www.korn-consult.com\/?s={search_term_string}"},"query-input":{"@type":"PropertyValueSpecification","valueRequired":true,"valueName":"search_term_string"}}],"inLanguage":"es"},{"@type":"Organization","@id":"https:\/\/www.korn-consult.com\/#organization","name":"Korn Consult","url":"https:\/\/www.korn-consult.com\/","logo":{"@type":"ImageObject","inLanguage":"es","@id":"https:\/\/www.korn-consult.com\/#\/schema\/logo\/image\/","url":"https:\/\/www.korn-consult.com\/wp-content\/uploads\/2026\/04\/logo-kornconsult.png","contentUrl":"https:\/\/www.korn-consult.com\/wp-content\/uploads\/2026\/04\/logo-kornconsult.png","width":1201,"height":631,"caption":"Korn Consult"},"image":{"@id":"https:\/\/www.korn-consult.com\/#\/schema\/logo\/image\/"}}]}},"_links":{"self":[{"href":"https:\/\/www.korn-consult.com\/es\/wp-json\/wp\/v2\/pages\/1174","targetHints":{"allow":["GET"]}}],"collection":[{"href":"https:\/\/www.korn-consult.com\/es\/wp-json\/wp\/v2\/pages"}],"about":[{"href":"https:\/\/www.korn-consult.com\/es\/wp-json\/wp\/v2\/types\/page"}],"author":[{"embeddable":true,"href":"https:\/\/www.korn-consult.com\/es\/wp-json\/wp\/v2\/users\/1"}],"replies":[{"embeddable":true,"href":"https:\/\/www.korn-consult.com\/es\/wp-json\/wp\/v2\/comments?post=1174"}],"version-history":[{"count":9,"href":"https:\/\/www.korn-consult.com\/es\/wp-json\/wp\/v2\/pages\/1174\/revisions"}],"predecessor-version":[{"id":4069,"href":"https:\/\/www.korn-consult.com\/es\/wp-json\/wp\/v2\/pages\/1174\/revisions\/4069"}],"up":[{"embeddable":true,"href":"https:\/\/www.korn-consult.com\/es\/wp-json\/wp\/v2\/pages\/1164"}],"wp:attachment":[{"href":"https:\/\/www.korn-consult.com\/es\/wp-json\/wp\/v2\/media?parent=1174"}],"curies":[{"name":"wp","href":"https:\/\/api.w.org\/{rel}","templated":true}]}}