{"id":1179,"date":"2025-07-11T15:49:44","date_gmt":"2025-07-11T13:49:44","guid":{"rendered":"https:\/\/dev.diescouts.de\/korn-consult\/about-us\/awards\/"},"modified":"2025-11-21T15:00:23","modified_gmt":"2025-11-21T14:00:23","slug":"awards","status":"publish","type":"page","link":"https:\/\/www.korn-consult.com\/es\/about-us\/awards\/","title":{"rendered":"Premios"},"content":{"rendered":"\n<section id=\"headline-text-block_3e1ac2c9f50aabd8bc8493d6d3f3999a\" class=\"block-headline-text\">\n    <div class=\"container\">\n        <div class=\"row\">\n            \n                            <div class=\"col-md-8\">\n                    <h1>La Excelencia Galardonada de <strong>KORN CONSULT GROUP<\/strong><\/h1>\n                <\/div>\n                    <\/div>\n        <div class=\"row\">\n                            <div class=\"col-md-8 offset-md-2\">\n                    <div class=\"text\"><p>En <strong>KORN CONSULT GROUP<\/strong>, nos enorgullece que nuestra dedicaci\u00f3n a ofrecer servicios de consultor\u00eda excepcionales haya sido reconocida con m\u00faltiples premios de prestigio. Estos reconocimientos reflejan nuestro compromiso continuo con la calidad, la innovaci\u00f3n y la satisfacci\u00f3n del cliente.<\/p>\n<\/div>\n                <\/div>\n                                <\/div>\n    <\/div>\n<\/section>\n\n\n\n<section id=\"awards-block_a5d6ba8a618ca96f485d3e14bfc2ab8c\" class=\"block-awards\">\n    \n                <div class=\"award\">\n            <div class=\"container\">\n                <div class=\"row\">\n                    <div class=\"col-md-3 offset-md-1\">\n                                                                            <img decoding=\"async\" src=\"https:\/\/www.korn-consult.com\/wp-content\/uploads\/2025\/07\/top-consultant.png\" alt=\"\" \/>\n                                            <\/div>\n                    <div class=\"col-md-7 offset-md-1\">\n                        <h3 class=\"h3\">Top Consultant<\/h3>\n                        <p>Nos sentimos honrados de haber recibido el <strong>Premio TOP CONSULTANT<\/strong> por decimotercer a\u00f1o consecutivo. Este reconocimiento constante destaca nuestra dedicaci\u00f3n a la excelencia y nuestro compromiso continuo de brindar servicios de consultor\u00eda excepcionales a nuestros clientes.<\/p>\n<p>&nbsp;<\/p>\n<h2><strong>TOP CONSULTANT &#8211; 2025<\/strong><br \/>\nTOP CONSULTANT &#8211; <strong>2024<\/strong><br \/>\nTOP CONSULTANT &#8211; <strong>2023<\/strong><br \/>\nTOP CONSULTANT &#8211; <strong>2022<\/strong><br \/>\nTOP CONSULTANT &#8211; <strong>2021<\/strong><br \/>\nTOP CONSULTANT &#8211; <strong>2020<\/strong><br \/>\nTOP CONSULTANT &#8211; <strong>2019<\/strong><br \/>\nTOP CONSULTANT &#8211; <strong>2018<\/strong><br \/>\nTOP CONSULTANT &#8211; <strong>2017<\/strong><br \/>\nTOP CONSULTANT &#8211; <strong>2016<\/strong><br \/>\nTOP CONSULTANT &#8211; <strong>2015<\/strong><br \/>\nTOP CONSULTANT &#8211; <strong>2014<\/strong><br \/>\nTOP CONSULTANT &#8211; <strong>2013<\/strong><\/h2>\n                    <\/div>\n                <\/div>\n            <\/div>\n        <\/div>\n            <\/section>\n\n\n\n<section id=\"awards-block_e7d56db00bd101c65d02b392afbc2411\" class=\"block-awards\">\n    <\/section>\n\n\n\n<section id=\"awards-block_c0c35b9896f108f8a9389ebd28a20db5\" class=\"block-awards\">\n    \n                <div class=\"award\">\n            <div class=\"container\">\n                <div class=\"row\">\n                    <div class=\"col-md-3 offset-md-1\">\n                                                                            <img decoding=\"async\" src=\"https:\/\/www.korn-consult.com\/wp-content\/uploads\/2025\/07\/wirtschaftswoche.png\" alt=\"\" \/>\n                                            <\/div>\n                    <div class=\"col-md-7 offset-md-1\">\n                        <h3 class=\"h3\">Best of Consulting<\/h3>\n                        <p>Tambi\u00e9n estamos orgullosos de haber sido reconocidos tres veces con el <strong>Best of Consulting Award<\/strong>, que reconoce nuestra excelencia e innovaci\u00f3n en la industria de la consultor\u00eda. Este premio refleja nuestro compromiso de ofrecer soluciones de alta calidad y gran impacto que impulsan el \u00e9xito de nuestros clientes.<\/p>\n<p>&nbsp;<\/p>\n<h2><strong>BEST OF CONSULTING \u2013 Mittelstand \u2013 2025<\/strong><br \/>\nBEST OF CONSULTING \u2013 Mittelstand \u2013\u00a0<strong>2021<\/strong><br \/>\nBEST OF CONSULTING \u2013 Mittelstand \u2013\u00a0<strong>2018<\/strong><\/h2>\n                    <\/div>\n                <\/div>\n            <\/div>\n        <\/div>\n            <\/section>","protected":false},"excerpt":{"rendered":"","protected":false},"author":1,"featured_media":0,"parent":1164,"menu_order":3,"comment_status":"closed","ping_status":"closed","template":"","meta":{"_acf_changed":false,"footnotes":""},"class_list":["post-1179","page","type-page","status-publish","hentry"],"acf":[],"yoast_head":"<!-- This site is optimized with the Yoast SEO plugin v26.3 - https:\/\/yoast.com\/wordpress\/plugins\/seo\/ -->\n<title>Premios - KORN CONSULT GROUP<\/title>\n<meta name=\"robots\" content=\"index, follow, max-snippet:-1, max-image-preview:large, max-video-preview:-1\" \/>\n<link rel=\"canonical\" href=\"https:\/\/www.korn-consult.com\/es\/about-us\/awards\/\" \/>\n<meta property=\"og:locale\" content=\"es_ES\" \/>\n<meta property=\"og:type\" content=\"article\" \/>\n<meta property=\"og:title\" content=\"Premios - KORN CONSULT GROUP\" \/>\n<meta property=\"og:url\" content=\"https:\/\/www.korn-consult.com\/es\/about-us\/awards\/\" \/>\n<meta property=\"og:site_name\" content=\"KORN CONSULT GROUP\" \/>\n<meta property=\"article:modified_time\" content=\"2025-11-21T14:00:23+00:00\" \/>\n<meta property=\"og:image\" content=\"https:\/\/www.korn-consult.com\/wp-content\/uploads\/2026\/04\/logo-kornconsult.png\" \/>\n\t<meta property=\"og:image:width\" content=\"1201\" \/>\n\t<meta property=\"og:image:height\" content=\"631\" \/>\n\t<meta property=\"og:image:type\" content=\"image\/png\" \/>\n<meta name=\"twitter:card\" content=\"summary_large_image\" \/>\n<script type=\"application\/ld+json\" class=\"yoast-schema-graph\">{\"@context\":\"https:\/\/schema.org\",\"@graph\":[{\"@type\":\"WebPage\",\"@id\":\"https:\/\/www.korn-consult.com\/es\/about-us\/awards\/\",\"url\":\"https:\/\/www.korn-consult.com\/es\/about-us\/awards\/\",\"name\":\"Premios - KORN CONSULT GROUP\",\"isPartOf\":{\"@id\":\"https:\/\/www.korn-consult.com\/#website\"},\"datePublished\":\"2025-07-11T13:49:44+00:00\",\"dateModified\":\"2025-11-21T14:00:23+00:00\",\"breadcrumb\":{\"@id\":\"https:\/\/www.korn-consult.com\/es\/about-us\/awards\/#breadcrumb\"},\"inLanguage\":\"es\",\"potentialAction\":[{\"@type\":\"ReadAction\",\"target\":[\"https:\/\/www.korn-consult.com\/es\/about-us\/awards\/\"]}]},{\"@type\":\"BreadcrumbList\",\"@id\":\"https:\/\/www.korn-consult.com\/es\/about-us\/awards\/#breadcrumb\",\"itemListElement\":[{\"@type\":\"ListItem\",\"position\":1,\"name\":\"Home\",\"item\":\"https:\/\/www.korn-consult.com\/es\/home\/\"},{\"@type\":\"ListItem\",\"position\":2,\"name\":\"Sobre Nosotros\",\"item\":\"https:\/\/www.korn-consult.com\/es\/about-us\/\"},{\"@type\":\"ListItem\",\"position\":3,\"name\":\"Premios\"}]},{\"@type\":\"WebSite\",\"@id\":\"https:\/\/www.korn-consult.com\/#website\",\"url\":\"https:\/\/www.korn-consult.com\/\",\"name\":\"Korn Consult Group\",\"description\":\"\",\"publisher\":{\"@id\":\"https:\/\/www.korn-consult.com\/#organization\"},\"potentialAction\":[{\"@type\":\"SearchAction\",\"target\":{\"@type\":\"EntryPoint\",\"urlTemplate\":\"https:\/\/www.korn-consult.com\/?s={search_term_string}\"},\"query-input\":{\"@type\":\"PropertyValueSpecification\",\"valueRequired\":true,\"valueName\":\"search_term_string\"}}],\"inLanguage\":\"es\"},{\"@type\":\"Organization\",\"@id\":\"https:\/\/www.korn-consult.com\/#organization\",\"name\":\"Korn Consult\",\"url\":\"https:\/\/www.korn-consult.com\/\",\"logo\":{\"@type\":\"ImageObject\",\"inLanguage\":\"es\",\"@id\":\"https:\/\/www.korn-consult.com\/#\/schema\/logo\/image\/\",\"url\":\"https:\/\/www.korn-consult.com\/wp-content\/uploads\/2026\/04\/logo-kornconsult.png\",\"contentUrl\":\"https:\/\/www.korn-consult.com\/wp-content\/uploads\/2026\/04\/logo-kornconsult.png\",\"width\":1201,\"height\":631,\"caption\":\"Korn Consult\"},\"image\":{\"@id\":\"https:\/\/www.korn-consult.com\/#\/schema\/logo\/image\/\"}}]}<\/script>\n<!-- \/ Yoast SEO plugin. -->","yoast_head_json":{"title":"Premios - KORN CONSULT GROUP","robots":{"index":"index","follow":"follow","max-snippet":"max-snippet:-1","max-image-preview":"max-image-preview:large","max-video-preview":"max-video-preview:-1"},"canonical":"https:\/\/www.korn-consult.com\/es\/about-us\/awards\/","og_locale":"es_ES","og_type":"article","og_title":"Premios - KORN CONSULT GROUP","og_url":"https:\/\/www.korn-consult.com\/es\/about-us\/awards\/","og_site_name":"KORN CONSULT GROUP","article_modified_time":"2025-11-21T14:00:23+00:00","og_image":[{"width":1201,"height":631,"url":"https:\/\/www.korn-consult.com\/wp-content\/uploads\/2026\/04\/logo-kornconsult.png","type":"image\/png"}],"twitter_card":"summary_large_image","schema":{"@context":"https:\/\/schema.org","@graph":[{"@type":"WebPage","@id":"https:\/\/www.korn-consult.com\/es\/about-us\/awards\/","url":"https:\/\/www.korn-consult.com\/es\/about-us\/awards\/","name":"Premios - KORN CONSULT GROUP","isPartOf":{"@id":"https:\/\/www.korn-consult.com\/#website"},"datePublished":"2025-07-11T13:49:44+00:00","dateModified":"2025-11-21T14:00:23+00:00","breadcrumb":{"@id":"https:\/\/www.korn-consult.com\/es\/about-us\/awards\/#breadcrumb"},"inLanguage":"es","potentialAction":[{"@type":"ReadAction","target":["https:\/\/www.korn-consult.com\/es\/about-us\/awards\/"]}]},{"@type":"BreadcrumbList","@id":"https:\/\/www.korn-consult.com\/es\/about-us\/awards\/#breadcrumb","itemListElement":[{"@type":"ListItem","position":1,"name":"Home","item":"https:\/\/www.korn-consult.com\/es\/home\/"},{"@type":"ListItem","position":2,"name":"Sobre Nosotros","item":"https:\/\/www.korn-consult.com\/es\/about-us\/"},{"@type":"ListItem","position":3,"name":"Premios"}]},{"@type":"WebSite","@id":"https:\/\/www.korn-consult.com\/#website","url":"https:\/\/www.korn-consult.com\/","name":"Korn Consult Group","description":"","publisher":{"@id":"https:\/\/www.korn-consult.com\/#organization"},"potentialAction":[{"@type":"SearchAction","target":{"@type":"EntryPoint","urlTemplate":"https:\/\/www.korn-consult.com\/?s={search_term_string}"},"query-input":{"@type":"PropertyValueSpecification","valueRequired":true,"valueName":"search_term_string"}}],"inLanguage":"es"},{"@type":"Organization","@id":"https:\/\/www.korn-consult.com\/#organization","name":"Korn Consult","url":"https:\/\/www.korn-consult.com\/","logo":{"@type":"ImageObject","inLanguage":"es","@id":"https:\/\/www.korn-consult.com\/#\/schema\/logo\/image\/","url":"https:\/\/www.korn-consult.com\/wp-content\/uploads\/2026\/04\/logo-kornconsult.png","contentUrl":"https:\/\/www.korn-consult.com\/wp-content\/uploads\/2026\/04\/logo-kornconsult.png","width":1201,"height":631,"caption":"Korn Consult"},"image":{"@id":"https:\/\/www.korn-consult.com\/#\/schema\/logo\/image\/"}}]}},"_links":{"self":[{"href":"https:\/\/www.korn-consult.com\/es\/wp-json\/wp\/v2\/pages\/1179","targetHints":{"allow":["GET"]}}],"collection":[{"href":"https:\/\/www.korn-consult.com\/es\/wp-json\/wp\/v2\/pages"}],"about":[{"href":"https:\/\/www.korn-consult.com\/es\/wp-json\/wp\/v2\/types\/page"}],"author":[{"embeddable":true,"href":"https:\/\/www.korn-consult.com\/es\/wp-json\/wp\/v2\/users\/1"}],"replies":[{"embeddable":true,"href":"https:\/\/www.korn-consult.com\/es\/wp-json\/wp\/v2\/comments?post=1179"}],"version-history":[{"count":7,"href":"https:\/\/www.korn-consult.com\/es\/wp-json\/wp\/v2\/pages\/1179\/revisions"}],"predecessor-version":[{"id":3267,"href":"https:\/\/www.korn-consult.com\/es\/wp-json\/wp\/v2\/pages\/1179\/revisions\/3267"}],"up":[{"embeddable":true,"href":"https:\/\/www.korn-consult.com\/es\/wp-json\/wp\/v2\/pages\/1164"}],"wp:attachment":[{"href":"https:\/\/www.korn-consult.com\/es\/wp-json\/wp\/v2\/media?parent=1179"}],"curies":[{"name":"wp","href":"https:\/\/api.w.org\/{rel}","templated":true}]}}