{"id":3152,"date":"2025-11-19T11:48:51","date_gmt":"2025-11-19T10:48:51","guid":{"rendered":"https:\/\/www.korn-consult.com\/it-security-incidents\/"},"modified":"2025-11-19T15:38:00","modified_gmt":"2025-11-19T14:38:00","slug":"it-security-incidents","status":"publish","type":"page","link":"https:\/\/www.korn-consult.com\/es\/it-security-incidents\/","title":{"rendered":"Seguridad Inform\u00e1tica"},"content":{"rendered":"\n<section id=\"headline-text-block_55790a44bf2533498920c93f9a0b0cd3\" class=\"block-headline-text\">\n    <div class=\"container\">\n        <div class=\"row\">\n                            <div class=\"col-12 text-center\">\n                    <div class=\"h3b\">Oficina de notificaci\u00f3n de incidentes de seguridad inform\u00e1tica<\/div>\n                <\/div>\n            \n                    <\/div>\n        <div class=\"row\">\n                            <div class=\"col-md-6\">\n                    <div class=\"text\"><p data-start=\"93\" data-end=\"523\">Ponemos a disposici\u00f3n un punto de notificaci\u00f3n externo a trav\u00e9s del cual se pueden enviar avisos sobre incidentes de seguridad inform\u00e1tica potenciales o reales.<br data-start=\"322\" data-end=\"325\" \/>Las personas u organizaciones afectadas pueden dirigirse a este punto de notificaci\u00f3n si desean reportar un incidente o sospechan que han sido afectadas por un evento relacionado con la seguridad.<\/p>\n<p data-start=\"525\" data-end=\"642\">Por favor, env\u00ede su notificaci\u00f3n a la siguiente direcci\u00f3n de correo electr\u00f3nico:<br data-start=\"605\" data-end=\"608\" \/><strong data-start=\"608\" data-end=\"642\"><a class=\"decorated-link cursor-pointer\" rel=\"noopener\" data-start=\"610\" data-end=\"640\">incidents@kornconsultgroup.com<\/a><\/strong><\/p>\n<p data-start=\"644\" data-end=\"795\"><strong data-start=\"644\" data-end=\"676\">Reglas para la notificaci\u00f3n:<\/strong><br data-start=\"676\" data-end=\"679\" \/>Para permitir una tramitaci\u00f3n r\u00e1pida y adecuada, solicitamos que la notificaci\u00f3n incluya la siguiente informaci\u00f3n:<\/p>\n<ol data-start=\"796\" data-end=\"1168\">\n<li data-start=\"796\" data-end=\"855\">\n<p data-start=\"799\" data-end=\"855\"><strong>Descripci\u00f3n breve y objetiva del incidente o sospecha.<\/strong><\/p>\n<\/li>\n<li data-start=\"856\" data-end=\"913\">\n<p data-start=\"859\" data-end=\"913\"><strong>Momento o per\u00edodo en el que se detect\u00f3 el incidente.<\/strong><\/p>\n<\/li>\n<li data-start=\"914\" data-end=\"1009\">\n<p data-start=\"917\" data-end=\"1009\"><strong>Informaci\u00f3n sobre la posible afectaci\u00f3n (p. ej., sistemas propios, datos, comunicaciones).<\/strong><\/p>\n<\/li>\n<li data-start=\"1010\" data-end=\"1063\">\n<p data-start=\"1013\" data-end=\"1063\"><strong>Informaci\u00f3n de contacto para posibles consultas.<\/strong><\/p>\n<\/li>\n<li data-start=\"1064\" data-end=\"1168\">\n<p data-start=\"1067\" data-end=\"1168\"><strong>Por favor, no env\u00ede datos de acceso sensibles, contrase\u00f1as o conjuntos completos de datos personales.<\/strong><\/p>\n<\/li>\n<\/ol>\n<p data-start=\"1170\" data-end=\"1468\"><strong>Las notificaciones pueden enviarse de forma an\u00f3nima si se desea.<\/strong><br data-start=\"1234\" data-end=\"1237\" \/>Todas las notificaciones ser\u00e1n tratadas de manera confidencial y revisadas de acuerdo con los requisitos legales y organizativos aplicables.<br data-start=\"1377\" data-end=\"1380\" \/>Despu\u00e9s de recibir su notificaci\u00f3n, recibir\u00e1 de inmediato una confirmaci\u00f3n de recepci\u00f3n.<\/p>\n<\/div>\n                <\/div>\n                    <\/div>\n    <\/div>\n<\/section>","protected":false},"excerpt":{"rendered":"","protected":false},"author":3,"featured_media":0,"parent":0,"menu_order":12,"comment_status":"closed","ping_status":"closed","template":"","meta":{"_acf_changed":false,"footnotes":""},"class_list":["post-3152","page","type-page","status-publish","hentry"],"acf":[],"yoast_head":"<!-- This site is optimized with the Yoast SEO plugin v26.3 - https:\/\/yoast.com\/wordpress\/plugins\/seo\/ -->\n<title>Seguridad Inform\u00e1tica - KORN CONSULT GROUP<\/title>\n<meta name=\"robots\" content=\"index, follow, max-snippet:-1, max-image-preview:large, max-video-preview:-1\" \/>\n<link rel=\"canonical\" href=\"https:\/\/www.korn-consult.com\/es\/it-security-incidents\/\" \/>\n<meta property=\"og:locale\" content=\"es_ES\" \/>\n<meta property=\"og:type\" content=\"article\" \/>\n<meta property=\"og:title\" content=\"Seguridad Inform\u00e1tica - KORN CONSULT GROUP\" \/>\n<meta property=\"og:url\" content=\"https:\/\/www.korn-consult.com\/es\/it-security-incidents\/\" \/>\n<meta property=\"og:site_name\" content=\"KORN CONSULT GROUP\" \/>\n<meta property=\"article:modified_time\" content=\"2025-11-19T14:38:00+00:00\" \/>\n<meta name=\"twitter:card\" content=\"summary_large_image\" \/>\n<script type=\"application\/ld+json\" class=\"yoast-schema-graph\">{\"@context\":\"https:\/\/schema.org\",\"@graph\":[{\"@type\":\"WebPage\",\"@id\":\"https:\/\/www.korn-consult.com\/es\/it-security-incidents\/\",\"url\":\"https:\/\/www.korn-consult.com\/es\/it-security-incidents\/\",\"name\":\"Seguridad Inform\u00e1tica - KORN CONSULT GROUP\",\"isPartOf\":{\"@id\":\"https:\/\/www.korn-consult.com\/#website\"},\"datePublished\":\"2025-11-19T10:48:51+00:00\",\"dateModified\":\"2025-11-19T14:38:00+00:00\",\"breadcrumb\":{\"@id\":\"https:\/\/www.korn-consult.com\/es\/it-security-incidents\/#breadcrumb\"},\"inLanguage\":\"es\",\"potentialAction\":[{\"@type\":\"ReadAction\",\"target\":[\"https:\/\/www.korn-consult.com\/es\/it-security-incidents\/\"]}]},{\"@type\":\"BreadcrumbList\",\"@id\":\"https:\/\/www.korn-consult.com\/es\/it-security-incidents\/#breadcrumb\",\"itemListElement\":[{\"@type\":\"ListItem\",\"position\":1,\"name\":\"Home\",\"item\":\"https:\/\/www.korn-consult.com\/es\/home\/\"},{\"@type\":\"ListItem\",\"position\":2,\"name\":\"Seguridad Inform\u00e1tica\"}]},{\"@type\":\"WebSite\",\"@id\":\"https:\/\/www.korn-consult.com\/#website\",\"url\":\"https:\/\/www.korn-consult.com\/\",\"name\":\"Korn Consult\",\"description\":\"\",\"potentialAction\":[{\"@type\":\"SearchAction\",\"target\":{\"@type\":\"EntryPoint\",\"urlTemplate\":\"https:\/\/www.korn-consult.com\/?s={search_term_string}\"},\"query-input\":{\"@type\":\"PropertyValueSpecification\",\"valueRequired\":true,\"valueName\":\"search_term_string\"}}],\"inLanguage\":\"es\"}]}<\/script>\n<!-- \/ Yoast SEO plugin. -->","yoast_head_json":{"title":"Seguridad Inform\u00e1tica - KORN CONSULT GROUP","robots":{"index":"index","follow":"follow","max-snippet":"max-snippet:-1","max-image-preview":"max-image-preview:large","max-video-preview":"max-video-preview:-1"},"canonical":"https:\/\/www.korn-consult.com\/es\/it-security-incidents\/","og_locale":"es_ES","og_type":"article","og_title":"Seguridad Inform\u00e1tica - KORN CONSULT GROUP","og_url":"https:\/\/www.korn-consult.com\/es\/it-security-incidents\/","og_site_name":"KORN CONSULT GROUP","article_modified_time":"2025-11-19T14:38:00+00:00","twitter_card":"summary_large_image","schema":{"@context":"https:\/\/schema.org","@graph":[{"@type":"WebPage","@id":"https:\/\/www.korn-consult.com\/es\/it-security-incidents\/","url":"https:\/\/www.korn-consult.com\/es\/it-security-incidents\/","name":"Seguridad Inform\u00e1tica - KORN CONSULT GROUP","isPartOf":{"@id":"https:\/\/www.korn-consult.com\/#website"},"datePublished":"2025-11-19T10:48:51+00:00","dateModified":"2025-11-19T14:38:00+00:00","breadcrumb":{"@id":"https:\/\/www.korn-consult.com\/es\/it-security-incidents\/#breadcrumb"},"inLanguage":"es","potentialAction":[{"@type":"ReadAction","target":["https:\/\/www.korn-consult.com\/es\/it-security-incidents\/"]}]},{"@type":"BreadcrumbList","@id":"https:\/\/www.korn-consult.com\/es\/it-security-incidents\/#breadcrumb","itemListElement":[{"@type":"ListItem","position":1,"name":"Home","item":"https:\/\/www.korn-consult.com\/es\/home\/"},{"@type":"ListItem","position":2,"name":"Seguridad Inform\u00e1tica"}]},{"@type":"WebSite","@id":"https:\/\/www.korn-consult.com\/#website","url":"https:\/\/www.korn-consult.com\/","name":"Korn Consult","description":"","potentialAction":[{"@type":"SearchAction","target":{"@type":"EntryPoint","urlTemplate":"https:\/\/www.korn-consult.com\/?s={search_term_string}"},"query-input":{"@type":"PropertyValueSpecification","valueRequired":true,"valueName":"search_term_string"}}],"inLanguage":"es"}]}},"_links":{"self":[{"href":"https:\/\/www.korn-consult.com\/es\/wp-json\/wp\/v2\/pages\/3152","targetHints":{"allow":["GET"]}}],"collection":[{"href":"https:\/\/www.korn-consult.com\/es\/wp-json\/wp\/v2\/pages"}],"about":[{"href":"https:\/\/www.korn-consult.com\/es\/wp-json\/wp\/v2\/types\/page"}],"author":[{"embeddable":true,"href":"https:\/\/www.korn-consult.com\/es\/wp-json\/wp\/v2\/users\/3"}],"replies":[{"embeddable":true,"href":"https:\/\/www.korn-consult.com\/es\/wp-json\/wp\/v2\/comments?post=3152"}],"version-history":[{"count":2,"href":"https:\/\/www.korn-consult.com\/es\/wp-json\/wp\/v2\/pages\/3152\/revisions"}],"predecessor-version":[{"id":3157,"href":"https:\/\/www.korn-consult.com\/es\/wp-json\/wp\/v2\/pages\/3152\/revisions\/3157"}],"wp:attachment":[{"href":"https:\/\/www.korn-consult.com\/es\/wp-json\/wp\/v2\/media?parent=3152"}],"curies":[{"name":"wp","href":"https:\/\/api.w.org\/{rel}","templated":true}]}}